{"id":12,"date":"2018-07-31T12:15:26","date_gmt":"2018-07-31T09:15:26","guid":{"rendered":"https:\/\/xstore.8theme.com\/?page_id=3"},"modified":"2025-09-18T16:52:45","modified_gmt":"2025-09-18T13:52:45","slug":"privacy-policy","status":"publish","type":"page","link":"https:\/\/dia24.eu\/cs\/privacy-policy\/","title":{"rendered":"Z\u00e1sady ochrany osobn\u00edch \u00fadaj\u016f"},"content":{"rendered":"<div data-elementor-type=\"wp-page\" data-elementor-id=\"12\" class=\"elementor elementor-12\">\n\t\t\t\t\t\t<section class=\"elementor-section elementor-top-section elementor-element elementor-element-24d6b1cf elementor-section-boxed elementor-section-height-default elementor-section-height-default\" data-id=\"24d6b1cf\" data-element_type=\"section\">\n\t\t\t\t\t\t<div class=\"elementor-container elementor-column-gap-default\">\n\t\t\t\t\t<div class=\"elementor-column elementor-col-100 elementor-top-column elementor-element elementor-element-671c4de7\" data-id=\"671c4de7\" data-element_type=\"column\">\n\t\t\t<div class=\"elementor-widget-wrap elementor-element-populated\">\n\t\t\t\t\t\t<div class=\"elementor-element elementor-element-59e8796d elementor-widget elementor-widget-text-editor\" data-id=\"59e8796d\" data-element_type=\"widget\" data-widget_type=\"text-editor.default\">\n\t\t\t\t<div class=\"elementor-widget-container\">\n\t\t\t\t\t\t\t\t\t<h2>Z\u00e1sady ochrany osobn\u00edch \u00fadaj\u016f<\/h2><p>dia24.eu (Spole\u010dnost) je zpracovatelem osobn\u00edch \u00fadaj\u016f.\u00a0<\/p><h3>Shroma\u017e\u010fov\u00e1n\u00ed a pou\u017e\u00edv\u00e1n\u00ed osobn\u00edch \u00fadaj\u016f<\/h3><p>Osobn\u00ed \u00fadaje jsou \u00fadaje, kter\u00e9 dia24.eu shroma\u017e\u010fuje za \u00fa\u010delem identifikace nebo kontaktov\u00e1n\u00ed konkr\u00e9tn\u00ed osoby. Osobn\u00ed \u00fadaje mohou b\u00fdt shroma\u017e\u010fov\u00e1ny se souhlasem z\u00e1kazn\u00edka n\u00e1sleduj\u00edc\u00edmi zp\u016fsoby:<\/p><ul><li>Kontaktn\u00ed \u00fadaje: z\u00e1kazn\u00edk poskytne kontaktn\u00ed \u00fadaje, kter\u00e9 zahrnuj\u00ed jm\u00e9no, po\u0161tovn\u00ed adresu, telefonn\u00ed \u010d\u00edslo a e-mailovou adresu, prost\u0159ednictv\u00edm na\u0161eho internetov\u00e9ho obchodu.<\/li><li>Pou\u017e\u00edv\u00e1n\u00edm na\u0161ich webov\u00fdch str\u00e1nek (dia24.eu) prost\u0159ednictv\u00edm soubor\u016f cookie<\/li><\/ul><p>Shrom\u00e1\u017ed\u011bn\u00e9 osobn\u00ed \u00fadaje n\u00e1m umo\u017en\u00ed informovat z\u00e1kazn\u00edky o jejich objedn\u00e1vk\u00e1ch, zm\u011bn\u00e1ch v \u00fadaj\u00edch o objedn\u00e1vk\u00e1ch a na\u0161ich novink\u00e1ch.<br \/>Osobn\u00ed \u00fadaje budou pou\u017eity tak\u00e9 pro doru\u010den\u00ed zbo\u017e\u00ed a pln\u011bn\u00ed na\u0161ich z\u00e1vazk\u016f v\u016f\u010di z\u00e1kazn\u00edkovi.<\/p><h3>Ochrana osobn\u00edch \u00fadaj\u016f<\/h3><p>dia24.eu p\u0159ij\u00edm\u00e1 ve\u0161ker\u00e1 opat\u0159en\u00ed, v\u010detn\u011b administrativn\u00edch, technick\u00fdch a fyzick\u00fdch, k ochran\u011b osobn\u00edch \u00fadaj\u016f z\u00e1kazn\u00edk\u016f. K osobn\u00edm \u00fadaj\u016fm mohou p\u0159istupovat a upravovat je pouze opr\u00e1vn\u011bn\u00ed pracovn\u00edci.<\/p><h3>Zabezpe\u010den\u00ed<\/h3><p>V\u0161echny osobn\u00ed \u00fadaje sd\u011blen\u00e9 p\u0159i n\u00e1v\u0161t\u011bv\u011b na\u0161eho internetov\u00e9ho obchodu a p\u0159i n\u00e1kupu jsou pova\u017eov\u00e1ny za d\u016fv\u011brn\u00e9 informace. dia24.eu pou\u017e\u00edv\u00e1 zabezpe\u010den\u00e9 \u0161ifrovan\u00e9 komunika\u010dn\u00ed kan\u00e1ly s platebn\u00edmi branami a na sv\u00fdch webov\u00fdch str\u00e1nk\u00e1ch.<\/p><h3>Zm\u011bny z\u00e1sad ochrany osobn\u00edch \u00fadaj\u016f<\/h3><p>Vyhrazujeme si pr\u00e1vo tyto z\u00e1sady ochrany osobn\u00edch \u00fadaj\u016f v p\u0159\u00edpad\u011b pot\u0159eby zm\u011bnit. P\u0159\u00edstupem na na\u0161e webov\u00e9 str\u00e1nky a jejich pou\u017e\u00edv\u00e1n\u00edm p\u0159edpokl\u00e1d\u00e1me, \u017ee jste si tyto z\u00e1sady p\u0159e\u010detli a souhlas\u00edte s nimi. Pokud m\u00e1te jak\u00e9koli dal\u0161\u00ed dotazy, kontaktujte n\u00e1s.<\/p>\t\t\t\t\t\t\t\t<\/div>\n\t\t\t\t<\/div>\n\t\t\t\t\t<\/div>\n\t\t<\/div>\n\t\t\t\t\t<\/div>\n\t\t<\/section>\n\t\t\t\t<\/div>","protected":false},"excerpt":{"rendered":"<p>Privacy policy dia24.eu (Company) is the processor of personal data.\u00a0 Collection and use of personal data Personal data is data that dia24.eu collects to identify or contact an individual person. Personal data may be collected with the consent of the customer in the following ways:&#8230;<\/p>","protected":false},"author":1,"featured_media":0,"parent":0,"menu_order":0,"comment_status":"closed","ping_status":"closed","template":"","meta":{"footnotes":""},"class_list":["post-12","page","type-page","status-publish","hentry"],"aioseo_notices":[],"_links":{"self":[{"href":"https:\/\/dia24.eu\/cs\/wp-json\/wp\/v2\/pages\/12","targetHints":{"allow":["GET"]}}],"collection":[{"href":"https:\/\/dia24.eu\/cs\/wp-json\/wp\/v2\/pages"}],"about":[{"href":"https:\/\/dia24.eu\/cs\/wp-json\/wp\/v2\/types\/page"}],"author":[{"embeddable":true,"href":"https:\/\/dia24.eu\/cs\/wp-json\/wp\/v2\/users\/1"}],"replies":[{"embeddable":true,"href":"https:\/\/dia24.eu\/cs\/wp-json\/wp\/v2\/comments?post=12"}],"version-history":[{"count":6,"href":"https:\/\/dia24.eu\/cs\/wp-json\/wp\/v2\/pages\/12\/revisions"}],"predecessor-version":[{"id":15854,"href":"https:\/\/dia24.eu\/cs\/wp-json\/wp\/v2\/pages\/12\/revisions\/15854"}],"wp:attachment":[{"href":"https:\/\/dia24.eu\/cs\/wp-json\/wp\/v2\/media?parent=12"}],"curies":[{"name":"wp","href":"https:\/\/api.w.org\/{rel}","templated":true}]}}