{"id":7454,"date":"2023-03-03T02:19:07","date_gmt":"2023-03-03T00:19:07","guid":{"rendered":"https:\/\/dia24.eu\/?page_id=7454"},"modified":"2024-07-24T01:18:24","modified_gmt":"2024-07-23T22:18:24","slug":"terms-and-conditions","status":"publish","type":"page","link":"https:\/\/dia24.eu\/cs\/terms-and-conditions\/","title":{"rendered":"Podm\u00ednky a pravidla"},"content":{"rendered":"<div data-elementor-type=\"wp-page\" data-elementor-id=\"7454\" class=\"elementor elementor-7454\">\n\t\t\t\t\t\t<section class=\"elementor-section elementor-top-section elementor-element elementor-element-7869d79 elementor-section-boxed elementor-section-height-default elementor-section-height-default\" data-id=\"7869d79\" data-element_type=\"section\" data-e-type=\"section\">\n\t\t\t\t\t\t<div class=\"elementor-container elementor-column-gap-default\">\n\t\t\t\t\t<div class=\"elementor-column elementor-col-100 elementor-top-column elementor-element elementor-element-3a63170\" data-id=\"3a63170\" data-element_type=\"column\" data-e-type=\"column\">\n\t\t\t<div class=\"elementor-widget-wrap elementor-element-populated\">\n\t\t\t\t\t\t<div class=\"elementor-element elementor-element-a1f1fe9 elementor-widget elementor-widget-heading\" data-id=\"a1f1fe9\" data-element_type=\"widget\" data-e-type=\"widget\" data-widget_type=\"heading.default\">\n\t\t\t\t<div class=\"elementor-widget-container\">\n\t\t\t\t\t<h1 class=\"elementor-heading-title elementor-size-default\">Podm\u00ednky a pravidla<\/h1>\t\t\t\t<\/div>\n\t\t\t\t<\/div>\n\t\t\t\t<div class=\"elementor-element elementor-element-744dc67 elementor-widget elementor-widget-text-editor\" data-id=\"744dc67\" data-element_type=\"widget\" data-e-type=\"widget\" data-widget_type=\"text-editor.default\">\n\t\t\t\t<div class=\"elementor-widget-container\">\n\t\t\t\t\t\t\t\t\t<p style=\"text-align: center;\">Tyto podm\u00ednky se vztahuj\u00ed na zbo\u017e\u00ed zakoupen\u00e9 v internetov\u00e9m obchod\u011b dia24.eu.<\/p>\n<h2><strong>Ceny<\/strong><\/h2>\n<ol>\n<li>Ceny produkt\u016f prod\u00e1van\u00fdch v internetov\u00e9m obchod\u011b jsou uvedeny u produkt\u016f.<\/li>\n<li>V\u0161echny uveden\u00e9 ceny zahrnuj\u00ed v\u0161echny dan\u011b a jsou kone\u010dn\u00e9 p\u0159ed zaplacen\u00edm p\u0159epravn\u00e9ho.<\/li>\n<li>V objedn\u00e1vkov\u00e9m formul\u00e1\u0159i bude p\u0159ipo\u010dten poplatek za doru\u010den\u00ed.<\/li>\n<\/ol>\n<h2><strong>Zad\u00e1n\u00ed objedn\u00e1vky<\/strong><\/h2>\n<ol>\n<li>Chcete-li si zbo\u017e\u00ed objednat, mus\u00edte jej p\u0159idat do n\u00e1kupn\u00edho ko\u0161\u00edku.<\/li>\n<li>Chcete-li prov\u00e9st objedn\u00e1vku, pokra\u010dujte v procesu objedn\u00e1vky a vypl\u0148te v\u0161echna po\u017eadovan\u00e1 pole.<\/li>\n<li>Chcete-li svou objedn\u00e1vku konfrimovat, zvolte p\u0159\u00edslu\u0161n\u00fd zp\u016fsob platby a zapla\u0165te za ni.<\/li>\n<li>Objedn\u00e1vky jsou potvrzeny po \u00fasp\u011b\u0161n\u00e9 platb\u011b<\/li>\n<\/ol>\n<h2><strong>P\u0159eprava<\/strong><\/h2>\n<ol>\n<li>Dod\u00e1v\u00e1me pouze do zem\u00ed uveden\u00fdch n\u00ed\u017ee:\n<ul>\n<li>V\u0161echny zem\u011b EU, kter\u00e9 zahrnuj\u00ed: Belgie, Bulharsko, \u010cesk\u00e1 republika, D\u00e1nsko, Estonsko, Finsko, Francie, Chorvatsko, Irsko, It\u00e1lie, Kypr, Litva, Loty\u0161sko, Lucembursko, Ma\u010farsko, Malta, N\u011bmecko, Nizozemsko, Polsko, Portugalsko, Rakousko, Rumunsko, \u0158ecko, Slovensko, Slovinsko, \u0160pan\u011blsko a \u0160v\u00e9dsko.<\/li>\n<li>Mimo Evropskou unii: Spojen\u00e9 kr\u00e1lovstv\u00ed, Hongkong.<\/li>\n<\/ul>\n<\/li>\n<li>Poplatky za doru\u010den\u00ed\n<ol>\n<li>Evropsk\u00e1 unie a Spojen\u00e9 kr\u00e1lovstv\u00ed:\n<ul>\n<li>Economy (v pr\u016fm\u011bru 7-14 dn\u00ed): 8\u20ac<\/li>\n<li>Standardn\u00ed (v pr\u016fm\u011bru 6-12 dn\u00ed): 10\u20ac<\/li>\n<li>Premium (v pr\u016fm\u011bru 5-8 dn\u00ed): 25\u20ac<\/li>\n<li>DHL Express n\u00e1sleduj\u00edc\u00ed pracovn\u00ed den: cena se pohybuje mezi 50-150 \u20ac, pouze na zvl\u00e1\u0161tn\u00ed \u017e\u00e1dost.<\/li>\n<\/ul>\n<\/li>\n<\/ol>\n<\/li>\n<li>V\u0161echny objedn\u00e1vky jsou odes\u00edl\u00e1ny se sledovac\u00edm \u010d\u00edslem.<\/li>\n<li>Dodac\u00ed lh\u016fty:\n<ol>\n<li>Economy: v pr\u016fm\u011bru 7-14 dn\u00ed, m\u016f\u017ee trvat 2 a v\u00edce t\u00fddn\u016f. Sledov\u00e1n\u00ed nen\u00ed zaru\u010deno.<\/li>\n<li>Standardn\u00ed: v pr\u016fm\u011bru 6-12 dn\u00ed, m\u016f\u017ee trvat 2 a v\u00edce t\u00fddn\u016f, ne\u017e doraz\u00ed. Sledov\u00e1n\u00ed v cen\u011b.<\/li>\n<li>Premium: 3 a\u017e 8 dn\u00ed (v z\u00e1vislosti na destinaci). Sledov\u00e1n\u00ed v cen\u011b. Doru\u010den\u00ed kur\u00fdrem a\u017e k va\u0161im dve\u0159\u00edm. Ve v\u00fdjime\u010dn\u00fdch p\u0159\u00edpadech m\u016f\u017ee trvat d\u00e9le ne\u017e t\u00fdden.<\/li>\n<li>DHL Express: Pouze na zvl\u00e1\u0161tn\u00ed \u017e\u00e1dost. Sledov\u00e1n\u00ed v cen\u011b. Zasl\u00e1no letecky a doru\u010deno kur\u00fdrem a\u017e k va\u0161im dve\u0159\u00edm.<\/li>\n<\/ol>\n<\/li>\n<\/ol>\n<h2><strong>Zpracov\u00e1n\u00ed objedn\u00e1vek<\/strong><\/h2>\n<ol>\n<li>V\u0161echny objedn\u00e1vky jsou zpracov\u00e1ny a odesl\u00e1ny do 3 pracovn\u00edch dn\u016f:\n<ul>\n<li>Objedn\u00e1vky podan\u00e9 v p\u00e1tek, sobotu nebo ned\u011bli budou zpracov\u00e1ny v pond\u011bl\u00ed a odesl\u00e1ny tent\u00fd\u017e den nebo nejpozd\u011bji ve st\u0159edu.<\/li><li>V nezve\u0159ejn\u011bn\u00fdch p\u0159\u00edpadech m\u016f\u017ee vy\u0159\u00edzen\u00ed objedn\u00e1vky trvat a\u017e 5 dn\u00ed.<\/li>\n<\/ul>\n<\/li>\n<\/ol>\n<h2><strong>Mo\u017enosti platby<\/strong><\/h2>\n<ol>\n<li>Debetn\u00ed nebo kreditn\u00ed kartou pomoc\u00ed Stripe, Google Pay nebo Apple Pay.<\/li>\n<li>SEPA \/ Evropsk\u00fd bankovn\u00ed p\u0159evod na n\u00e1\u0161 bankovn\u00ed \u00fa\u010det s pou\u017eit\u00edm \u00fadaj\u016f uveden\u00fdch v potvrzen\u00ed objedn\u00e1vky.<\/li>\n<\/ol>\n<ul>\n<li style=\"list-style-type: none;\">\n<ul>\n<li>Bankovn\u00ed p\u0159evod m\u016f\u017ee trvat a\u017e 2 pracovn\u00ed dny, ne\u017e bude p\u0159ips\u00e1n na n\u00e1\u0161 \u00fa\u010det, objedn\u00e1vka bude potvrzena po obdr\u017een\u00ed platby.<\/li>\n<li>Nezaplacen\u00e9 objedn\u00e1vky budou zru\u0161eny po 3 pracovn\u00edch dnech od data objedn\u00e1vky.<\/li>\n<\/ul>\n<\/li>\n<\/ul>\n<h2><strong>Z\u00e1ru\u010dn\u00ed podm\u00ednky<\/strong><\/h2>\n<ol>\n<li>Na v\u00fdrobky t\u011bchto kategori\u00ed se nevztahuje \u017e\u00e1dn\u00e1 z\u00e1ruka:\n<ol>\n<li>Senzory gluk\u00f3zy a jejich vybaven\u00ed.<\/li>\n<li>Inzul\u00ednov\u00e9 st\u0159\u00edka\u010dky, jehly a dal\u0161\u00ed l\u00e9ka\u0159sk\u00e9 a steriln\u00ed v\u00fdrobky.<\/li>\n<li>Dopl\u0148ky stravy a n\u00e1poje.<\/li>\n<\/ol>\n<\/li>\n<\/ol>\n<h2><strong>Podm\u00ednky vr\u00e1cen\u00ed zbo\u017e\u00ed \/ Vr\u00e1cen\u00ed zbo\u017e\u00ed<\/strong><\/h2>\n<ul>\n<li>Pr\u00e1vo na vr\u00e1cen\u00ed se vztahuje pouze na soukrom\u00e9 kupuj\u00edc\u00ed, nikoli na podnikatelsk\u00e9 z\u00e1kazn\u00edky.<\/li>\n<\/ul>\n<h4><strong>Vr\u00e1cen\u00ed bez ud\u00e1n\u00ed d\u016fvodu do 14 dn\u016f<\/strong><\/h4>\n<ol>\n<li>Z\u00e1kazn\u00edk m\u00e1 pr\u00e1vo odstoupit od smlouvy do 14 dn\u016f od p\u0159evzet\u00ed zbo\u017e\u00ed.<\/li>\n<li>Vracet lze pouze v\u00fdrobky v p\u016fvodn\u00edm, neotev\u0159en\u00e9m a nepo\u0161kozen\u00e9m obalu.<\/li>\n<li>N\u00e1klady na vr\u00e1cen\u00ed v\u017edy hrad\u00ed z\u00e1kazn\u00edk<\/li>\n<li>Pokud n\u00e1m vr\u00e1cen\u00e9 produkty doraz\u00ed neotev\u0159en\u00e9 a v p\u016fvodn\u00edm obalu, vr\u00e1t\u00edme kupuj\u00edc\u00edmu pen\u00edze do 30 pracovn\u00edch dn\u016f, p\u0159i\u010dem\u017e od vr\u00e1cen\u00e9 \u010d\u00e1stky ode\u010dteme n\u00e1klady na dopravu.<\/li>\n<\/ol>\n<h4><strong>Vr\u00e1cen\u00ed s uveden\u00edm d\u016fvodu do 14 dn\u016f<\/strong><\/h4>\n<ol>\n<li>D\u016fvodem m\u016f\u017ee b\u00fdt:\n<ol>\n<li>Nesoulad s objednan\u00fdm zbo\u017e\u00edm - \u0161patn\u00e1 velikost, barva, mno\u017estv\u00ed.<\/li>\n<\/ol>\n<\/li>\n<li>N\u00e1klady na vr\u00e1cen\u00ed zbo\u017e\u00ed hrad\u00ed prod\u00e1vaj\u00edc\u00ed<\/li>\n<li>Pokud kupuj\u00edc\u00ed otev\u0159el balen\u00ed v\u00fdrobku, kter\u00fd si neobjednal, vr\u00e1t\u00edme pen\u00edze pouze za ta balen\u00ed, kter\u00e1 nebyla otev\u0159ena a jsou v p\u016fvodn\u00edm stavu.<\/li>\n<li>Pokud n\u00e1m vr\u00e1cen\u00e9 produkty doraz\u00ed neotev\u0159en\u00e9 a v p\u016fvodn\u00edm obalu, vr\u00e1t\u00edme kupuj\u00edc\u00edmu pen\u00edze do 30 pracovn\u00edch dn\u016f.<\/li>\n<\/ol>\t\t\t\t\t\t\t\t<\/div>\n\t\t\t\t<\/div>\n\t\t\t\t\t<\/div>\n\t\t<\/div>\n\t\t\t\t\t<\/div>\n\t\t<\/section>\n\t\t\t\t<\/div>","protected":false},"excerpt":{"rendered":"<p>Terms and Conditions This terms apply to the goods purchased from dia24.eu online store Prices Prices of the products sold in the online store are shown next to the products. All prices shown include all taxes and are final before shipping charges. A delivery fee&#8230;<\/p>","protected":false},"author":1,"featured_media":0,"parent":0,"menu_order":0,"comment_status":"closed","ping_status":"closed","template":"","meta":{"footnotes":""},"class_list":["post-7454","page","type-page","status-publish","hentry"],"aioseo_notices":[],"_links":{"self":[{"href":"https:\/\/dia24.eu\/cs\/wp-json\/wp\/v2\/pages\/7454","targetHints":{"allow":["GET"]}}],"collection":[{"href":"https:\/\/dia24.eu\/cs\/wp-json\/wp\/v2\/pages"}],"about":[{"href":"https:\/\/dia24.eu\/cs\/wp-json\/wp\/v2\/types\/page"}],"author":[{"embeddable":true,"href":"https:\/\/dia24.eu\/cs\/wp-json\/wp\/v2\/users\/1"}],"replies":[{"embeddable":true,"href":"https:\/\/dia24.eu\/cs\/wp-json\/wp\/v2\/comments?post=7454"}],"version-history":[{"count":94,"href":"https:\/\/dia24.eu\/cs\/wp-json\/wp\/v2\/pages\/7454\/revisions"}],"predecessor-version":[{"id":10937,"href":"https:\/\/dia24.eu\/cs\/wp-json\/wp\/v2\/pages\/7454\/revisions\/10937"}],"wp:attachment":[{"href":"https:\/\/dia24.eu\/cs\/wp-json\/wp\/v2\/media?parent=7454"}],"curies":[{"name":"wp","href":"https:\/\/api.w.org\/{rel}","templated":true}]}}