{"id":7602,"date":"2023-03-03T21:00:52","date_gmt":"2023-03-03T19:00:52","guid":{"rendered":"https:\/\/dia24.eu\/?page_id=7602"},"modified":"2023-03-03T22:13:47","modified_gmt":"2023-03-03T20:13:47","slug":"questions-answers","status":"publish","type":"page","link":"https:\/\/dia24.eu\/cs\/questions-answers\/","title":{"rendered":"Ot\u00e1zky a odpov\u011bdi"},"content":{"rendered":"<div data-elementor-type=\"wp-page\" data-elementor-id=\"7602\" class=\"elementor elementor-7602\">\n\t\t\t\t\t\t<section class=\"elementor-section elementor-top-section elementor-element elementor-element-6ea251b elementor-section-boxed elementor-section-height-default elementor-section-height-default\" data-id=\"6ea251b\" data-element_type=\"section\" data-e-type=\"section\">\n\t\t\t\t\t\t<div class=\"elementor-container elementor-column-gap-default\">\n\t\t\t\t\t<div class=\"elementor-column elementor-col-100 elementor-top-column elementor-element elementor-element-0bfeff4\" data-id=\"0bfeff4\" data-element_type=\"column\" data-e-type=\"column\">\n\t\t\t<div class=\"elementor-widget-wrap elementor-element-populated\">\n\t\t\t\t\t\t<div class=\"elementor-element elementor-element-836a1d9 elementor-widget elementor-widget-heading\" data-id=\"836a1d9\" data-element_type=\"widget\" data-e-type=\"widget\" data-widget_type=\"heading.default\">\n\t\t\t\t<div class=\"elementor-widget-container\">\n\t\t\t\t\t<h1 class=\"elementor-heading-title elementor-size-default\">Ot\u00e1zky a odpov\u011bdi<\/h1>\t\t\t\t<\/div>\n\t\t\t\t<\/div>\n\t\t\t\t\t<\/div>\n\t\t<\/div>\n\t\t\t\t\t<\/div>\n\t\t<\/section>\n\t\t\t\t<section class=\"elementor-section elementor-top-section elementor-element elementor-element-2356efa elementor-section-boxed elementor-section-height-default elementor-section-height-default\" data-id=\"2356efa\" data-element_type=\"section\" data-e-type=\"section\">\n\t\t\t\t\t\t<div class=\"elementor-container elementor-column-gap-default\">\n\t\t\t\t\t<div class=\"elementor-column elementor-col-66 elementor-top-column elementor-element elementor-element-99ef93c\" data-id=\"99ef93c\" data-element_type=\"column\" data-e-type=\"column\">\n\t\t\t<div class=\"elementor-widget-wrap elementor-element-populated\">\n\t\t\t\t\t\t<div class=\"elementor-element elementor-element-72f8c4e elementor-widget elementor-widget-heading\" data-id=\"72f8c4e\" data-element_type=\"widget\" data-e-type=\"widget\" data-widget_type=\"heading.default\">\n\t\t\t\t<div class=\"elementor-widget-container\">\n\t\t\t\t\t<h3 class=\"elementor-heading-title elementor-size-default\">Kontinu\u00e1ln\u00ed m\u011b\u0159en\u00ed gluk\u00f3zy<\/h3>\t\t\t\t<\/div>\n\t\t\t\t<\/div>\n\t\t\t\t<div class=\"elementor-element elementor-element-00a7ca7 elementor-widget elementor-widget-accordion\" data-id=\"00a7ca7\" data-element_type=\"widget\" data-e-type=\"widget\" data-widget_type=\"accordion.default\">\n\t\t\t\t<div class=\"elementor-widget-container\">\n\t\t\t\t\t\t\t<div class=\"elementor-accordion\">\n\t\t\t\t\t\t\t<div class=\"elementor-accordion-item\">\n\t\t\t\t\t<div id=\"elementor-tab-title-6871\" class=\"elementor-tab-title\" data-tab=\"1\" role=\"button\" aria-controls=\"elementor-tab-content-6871\" aria-expanded=\"false\">\n\t\t\t\t\t\t\t\t\t\t\t\t<a class=\"elementor-accordion-title\" tabindex=\"0\">Mohu pou\u017e\u00edvat xDrip se senzorem Dexcom One?<\/a>\n\t\t\t\t\t<\/div>\n\t\t\t\t\t<div id=\"elementor-tab-content-6871\" class=\"elementor-tab-content elementor-clearfix\" data-tab=\"1\" role=\"region\" aria-labelledby=\"elementor-tab-title-6871\"><p>Ano, xDrip podporuje senzory Dexcom ONE od roku 2021.<br \/>Pou\u017eijte nejnov\u011bj\u0161\u00ed verzi xDrip a postupujte podle pokyn\u016f <span style=\"text-decoration: underline;\"><strong><a href=\"https:\/\/xdrip.readthedocs.io\/en\/latest\/install\/g6\/\" target=\"_blank\" rel=\"noopener\">n\u00e1vod k instalaci senzoru G6\/ONE<\/a><\/strong><\/span>.<\/p><\/div>\n\t\t\t\t<\/div>\n\t\t\t\t\t\t\t<div class=\"elementor-accordion-item\">\n\t\t\t\t\t<div id=\"elementor-tab-title-6872\" class=\"elementor-tab-title\" data-tab=\"2\" role=\"button\" aria-controls=\"elementor-tab-content-6872\" aria-expanded=\"false\">\n\t\t\t\t\t\t\t\t\t\t\t\t<a class=\"elementor-accordion-title\" tabindex=\"0\">Mohu senzor Dexcom ONE prodlou\u017eit?<\/a>\n\t\t\t\t\t<\/div>\n\t\t\t\t\t<div id=\"elementor-tab-content-6872\" class=\"elementor-tab-content elementor-clearfix\" data-tab=\"2\" role=\"region\" aria-labelledby=\"elementor-tab-title-6872\"><p>P\u0159esto\u017ee v\u00fdrobce stanovil \u017eivotnost sn\u00edma\u010de na 10 dn\u00ed, m\u016f\u017eete ji prodlou\u017eit, pokud pou\u017eijete aplikaci xDrip.<br \/>Za t\u00edmto \u00fa\u010delem je t\u0159eba opatrn\u011b vyjmout vys\u00edla\u010d a po\u010dkat alespo\u0148 10 minut, pot\u00e9 vys\u00edla\u010d op\u011bt p\u0159ipojit ke sn\u00edma\u010di a spustit stejn\u00fd sn\u00edma\u010d jako nov\u00fd.<\/p><\/div>\n\t\t\t\t<\/div>\n\t\t\t\t\t\t\t<div class=\"elementor-accordion-item\">\n\t\t\t\t\t<div id=\"elementor-tab-title-6873\" class=\"elementor-tab-title\" data-tab=\"3\" role=\"button\" aria-controls=\"elementor-tab-content-6873\" aria-expanded=\"false\">\n\t\t\t\t\t\t\t\t\t\t\t\t<a class=\"elementor-accordion-title\" tabindex=\"0\">Na jak dlouho lze prodlou\u017eit \u017eivotnost sn\u00edma\u010de?<\/a>\n\t\t\t\t\t<\/div>\n\t\t\t\t\t<div id=\"elementor-tab-content-6873\" class=\"elementor-tab-content elementor-clearfix\" data-tab=\"3\" role=\"region\" aria-labelledby=\"elementor-tab-title-6873\"><p>\u017divotnost senzoru je individu\u00e1ln\u00ed a z\u00e1vis\u00ed na tom, jak dob\u0159e je senzor p\u0159ipevn\u011bn a zda n\u00e1plast dr\u017e\u00ed.<br \/>N\u011bkte\u0159\u00ed u\u017eivatel\u00e9 prodlu\u017euj\u00ed \u017eivotnost senzoru a\u017e na 5-10 dn\u00ed.<br \/>To je celkem asi 15-20 dn\u00ed.<\/p><\/div>\n\t\t\t\t<\/div>\n\t\t\t\t\t\t\t<div class=\"elementor-accordion-item\">\n\t\t\t\t\t<div id=\"elementor-tab-title-6874\" class=\"elementor-tab-title\" data-tab=\"4\" role=\"button\" aria-controls=\"elementor-tab-content-6874\" aria-expanded=\"false\">\n\t\t\t\t\t\t\t\t\t\t\t\t<a class=\"elementor-accordion-title\" tabindex=\"0\">Ve kter\u00fdch zem\u00edch je Dexcom ONE podporov\u00e1n?<\/a>\n\t\t\t\t\t<\/div>\n\t\t\t\t\t<div id=\"elementor-tab-content-6874\" class=\"elementor-tab-content elementor-clearfix\" data-tab=\"4\" role=\"region\" aria-labelledby=\"elementor-tab-title-6874\"><p>Dexcom ONE je ofici\u00e1ln\u011b dostupn\u00fd pouze v uveden\u00fdch evropsk\u00fdch zem\u00edch.<br \/>Dal\u0161\u00ed informace najdete na ofici\u00e1ln\u00edch str\u00e1nk\u00e1ch.<\/p><\/div>\n\t\t\t\t<\/div>\n\t\t\t\t\t\t\t<div class=\"elementor-accordion-item\">\n\t\t\t\t\t<div id=\"elementor-tab-title-6875\" class=\"elementor-tab-title\" data-tab=\"5\" role=\"button\" aria-controls=\"elementor-tab-content-6875\" aria-expanded=\"false\">\n\t\t\t\t\t\t\t\t\t\t\t\t<a class=\"elementor-accordion-title\" tabindex=\"0\">Mohu si st\u00e1hnout ofici\u00e1ln\u00ed aplikaci, pokud v m\u00e9 zemi nen\u00ed Dexcom ONE podporov\u00e1n?<\/a>\n\t\t\t\t\t<\/div>\n\t\t\t\t\t<div id=\"elementor-tab-content-6875\" class=\"elementor-tab-content elementor-clearfix\" data-tab=\"5\" role=\"region\" aria-labelledby=\"elementor-tab-title-6875\"><p>Pokud v\u00edme, takov\u00e1 mo\u017enost neexistuje.<br \/>M\u016f\u017eete tak\u00e9 pou\u017e\u00edt aplikaci xDrip.<\/p><\/div>\n\t\t\t\t<\/div>\n\t\t\t\t\t\t\t<div class=\"elementor-accordion-item\">\n\t\t\t\t\t<div id=\"elementor-tab-title-6876\" class=\"elementor-tab-title\" data-tab=\"6\" role=\"button\" aria-controls=\"elementor-tab-content-6876\" aria-expanded=\"false\">\n\t\t\t\t\t\t\t\t\t\t\t\t<a class=\"elementor-accordion-title\" tabindex=\"0\">Co je xDrip a jak\u00e9 jsou jeho mo\u017enosti?<\/a>\n\t\t\t\t\t<\/div>\n\t\t\t\t\t<div id=\"elementor-tab-content-6876\" class=\"elementor-tab-content elementor-clearfix\" data-tab=\"6\" role=\"region\" aria-labelledby=\"elementor-tab-title-6876\"><p>xDrip je aplikace s otev\u0159en\u00fdm zdrojov\u00fdm k\u00f3dem, kter\u00e1 umo\u017e\u0148uje p\u0159ipojit senzory r\u016fzn\u00fdch v\u00fdrobc\u016f.<br \/>V\u00edce informac\u00ed najdete zde: <span style=\"text-decoration: underline;\"><strong><a href=\"https:\/\/xdrip.readthedocs.io\/en\/latest\/use\/mainUI\/\" target=\"_blank\" rel=\"noopener\">xDrip+<\/a><\/strong><\/span><\/p><\/div>\n\t\t\t\t<\/div>\n\t\t\t\t\t\t\t<div class=\"elementor-accordion-item\">\n\t\t\t\t\t<div id=\"elementor-tab-title-6877\" class=\"elementor-tab-title\" data-tab=\"7\" role=\"button\" aria-controls=\"elementor-tab-content-6877\" aria-expanded=\"false\">\n\t\t\t\t\t\t\t\t\t\t\t\t<a class=\"elementor-accordion-title\" tabindex=\"0\">Podporuje xDrip alarmy?<\/a>\n\t\t\t\t\t<\/div>\n\t\t\t\t\t<div id=\"elementor-tab-content-6877\" class=\"elementor-tab-content elementor-clearfix\" data-tab=\"7\" role=\"region\" aria-labelledby=\"elementor-tab-title-6877\"><p>xDrip m\u00e1 velmi \u0161irokou \u0161k\u00e1lu funkc\u00ed.<br \/>Jednou z jeho funkc\u00ed jsou alarmy n\u00edzk\u00e9 a vysok\u00e9 hladiny gluk\u00f3zy v krvi, kter\u00e9 si m\u016f\u017eete sami nastavit a nakonfigurovat.<\/p><\/div>\n\t\t\t\t<\/div>\n\t\t\t\t\t\t\t<div class=\"elementor-accordion-item\">\n\t\t\t\t\t<div id=\"elementor-tab-title-6878\" class=\"elementor-tab-title\" data-tab=\"8\" role=\"button\" aria-controls=\"elementor-tab-content-6878\" aria-expanded=\"false\">\n\t\t\t\t\t\t\t\t\t\t\t\t<a class=\"elementor-accordion-title\" tabindex=\"0\">Podporuje xDrip Novopen Echo Plus?<\/a>\n\t\t\t\t\t<\/div>\n\t\t\t\t\t<div id=\"elementor-tab-content-6878\" class=\"elementor-tab-content elementor-clearfix\" data-tab=\"8\" role=\"region\" aria-labelledby=\"elementor-tab-title-6878\"><p>Ano, nejnov\u011bj\u0161\u00ed verze xDrip podporuj\u00ed \u010dten\u00ed NFC Novopen Echo Plus.<br \/>To v\u00e1m umo\u017en\u00ed zaznamenat posledn\u00ed injekce p\u0159\u00edmo do aplikace xDrip. Aplikace xDrip pak p\u0159edpov\u00edd\u00e1 pohyb hladiny cukru v krvi n\u011bkolik hodin p\u0159edem, pou\u017e\u00edvejte ji s opatrnost\u00ed.<\/p><\/div>\n\t\t\t\t<\/div>\n\t\t\t\t\t\t\t<div class=\"elementor-accordion-item\">\n\t\t\t\t\t<div id=\"elementor-tab-title-6879\" class=\"elementor-tab-title\" data-tab=\"9\" role=\"button\" aria-controls=\"elementor-tab-content-6879\" aria-expanded=\"false\">\n\t\t\t\t\t\t\t\t\t\t\t\t<a class=\"elementor-accordion-title\" tabindex=\"0\">Kde mohu z\u00edskat pomoc s ot\u00e1zkami t\u00fdkaj\u00edc\u00edmi se syst\u00e9mu xDrip?<\/a>\n\t\t\t\t\t<\/div>\n\t\t\t\t\t<div id=\"elementor-tab-content-6879\" class=\"elementor-tab-content elementor-clearfix\" data-tab=\"9\" role=\"region\" aria-labelledby=\"elementor-tab-title-6879\"><p><span style=\"text-decoration: underline;\"><strong><a href=\"https:\/\/www.facebook.com\/groups\/xDripG5\/\" target=\"_blank\" rel=\"noopener\">Ofici\u00e1ln\u00ed skupina xDrip na Facebooku<\/a><\/strong><\/span><br \/>V t\u00e9to skupin\u011b m\u016f\u017eete kl\u00e1st ot\u00e1zky a \u017e\u00e1dat o pomoc ostatn\u00ed u\u017eivatele.<\/p><\/div>\n\t\t\t\t<\/div>\n\t\t\t\t\t\t\t\t\t\t<script type=\"application\/ld+json\">{\n    \"@context\": \"https:\\\/\\\/schema.org\",\n    \"@type\": \"FAQPage\",\n    \"mainEntity\": [\n        {\n            \"@type\": \"Question\",\n            \"name\": \"Can I use xDrip with a Dexcom One sensor?\",\n            \"acceptedAnswer\": {\n                \"@type\": \"Answer\",\n                \"text\": \"<p>Yes, xDrip supports Dexcom ONE sensors from 2021.<br \\\/>Please use the latest version of xDrip and follow the <span style=\\\"text-decoration: underline;\\\"><strong><a href=\\\"https:\\\/\\\/xdrip.readthedocs.io\\\/en\\\/latest\\\/install\\\/g6\\\/\\\" target=\\\"_blank\\\" rel=\\\"noopener\\\">installation instructions for the G6\\\/ONE sensor<\\\/a><\\\/strong><\\\/span>.<\\\/p>\"\n            }\n        },\n        {\n            \"@type\": \"Question\",\n            \"name\": \"Can I extend the Dexcom ONE sensor?\",\n            \"acceptedAnswer\": {\n                \"@type\": \"Answer\",\n                \"text\": \"<p>Although the manufacturer has set the lifetime of the sensor to 10 days, you can extend the lifetime if you use the xDrip app.<br \\\/>To do this, you will need to carefully remove the transmitter and wait at least 10 minutes, then attach the transmitter back to the sensor and start the same sensor as new.<\\\/p>\"\n            }\n        },\n        {\n            \"@type\": \"Question\",\n            \"name\": \"For how long can I extend the lifetime of the sensor?\",\n            \"acceptedAnswer\": {\n                \"@type\": \"Answer\",\n                \"text\": \"<p>The lifetime of the sensor is individual and depends on how well the sensor is attached and whether the patch will hold.<br \\\/>Some users prolong the sensor for up to 5-10 days.<br \\\/>That makes a total of about 15-20 days.<\\\/p>\"\n            }\n        },\n        {\n            \"@type\": \"Question\",\n            \"name\": \"In which countries is Dexcom ONE supported\",\n            \"acceptedAnswer\": {\n                \"@type\": \"Answer\",\n                \"text\": \"<p>Dexcom ONE is officially available only in listed European countries.<br \\\/>More information can be found on the official website.<\\\/p>\"\n            }\n        },\n        {\n            \"@type\": \"Question\",\n            \"name\": \"Can I download the official app if Dexcom ONE is not supported in my country?\",\n            \"acceptedAnswer\": {\n                \"@type\": \"Answer\",\n                \"text\": \"<p>As far as we know, there is no such possibility.<br \\\/>Alternatively, you can use the xDrip app.<\\\/p>\"\n            }\n        },\n        {\n            \"@type\": \"Question\",\n            \"name\": \"What is xDrip and what are its capabilities?\",\n            \"acceptedAnswer\": {\n                \"@type\": \"Answer\",\n                \"text\": \"<p>xDrip is an open-source app that allows you to connect sensors from different manufacturers.<br \\\/>More information can be found here: <span style=\\\"text-decoration: underline;\\\"><strong><a href=\\\"https:\\\/\\\/xdrip.readthedocs.io\\\/en\\\/latest\\\/use\\\/mainUI\\\/\\\" target=\\\"_blank\\\" rel=\\\"noopener\\\">xDrip+<\\\/a><\\\/strong><\\\/span><\\\/p>\"\n            }\n        },\n        {\n            \"@type\": \"Question\",\n            \"name\": \"Does xDrip support alarms?\",\n            \"acceptedAnswer\": {\n                \"@type\": \"Answer\",\n                \"text\": \"<p>xDrip has a very wide range of features.<br \\\/>Low and high blood glucose alarms are one of its features, you can set and configure them yourself.<\\\/p>\"\n            }\n        },\n        {\n            \"@type\": \"Question\",\n            \"name\": \"Does xDrip support Novopen Echo Plus?\",\n            \"acceptedAnswer\": {\n                \"@type\": \"Answer\",\n                \"text\": \"<p>Yes, the latest versions of xDrip support NFC readable Novopen Echo Plus.<br \\\/>This allows you to record your last injections directly into the xDrip app. The xDrip then predicts your blood sugar movement a few hours in advance, use with caution.<\\\/p>\"\n            }\n        },\n        {\n            \"@type\": \"Question\",\n            \"name\": \"Where can I get help with xDrip related questions?\",\n            \"acceptedAnswer\": {\n                \"@type\": \"Answer\",\n                \"text\": \"<p><span style=\\\"text-decoration: underline;\\\"><strong><a href=\\\"https:\\\/\\\/www.facebook.com\\\/groups\\\/xDripG5\\\/\\\" target=\\\"_blank\\\" rel=\\\"noopener\\\">Official xDrip group on Facebook<\\\/a><\\\/strong><\\\/span><br \\\/>In this group you can ask questions and ask for help from other users.<\\\/p>\"\n            }\n        }\n    ]\n}<\/script>\n\t\t\t\t\t<\/div>\n\t\t\t\t\t\t<\/div>\n\t\t\t\t<\/div>\n\t\t\t\t\t<\/div>\n\t\t<\/div>\n\t\t\t\t<div class=\"elementor-column elementor-col-33 elementor-top-column elementor-element elementor-element-82d50ad\" data-id=\"82d50ad\" data-element_type=\"column\" data-e-type=\"column\">\n\t\t\t<div class=\"elementor-widget-wrap\">\n\t\t\t\t\t\t\t<\/div>\n\t\t<\/div>\n\t\t\t\t\t<\/div>\n\t\t<\/section>\n\t\t\t\t<section class=\"elementor-section elementor-top-section elementor-element elementor-element-bb1df42 elementor-section-boxed elementor-section-height-default elementor-section-height-default\" data-id=\"bb1df42\" data-element_type=\"section\" data-e-type=\"section\">\n\t\t\t\t\t\t<div class=\"elementor-container elementor-column-gap-default\">\n\t\t\t\t\t<div class=\"elementor-column elementor-col-66 elementor-top-column elementor-element elementor-element-fb34621\" data-id=\"fb34621\" data-element_type=\"column\" data-e-type=\"column\">\n\t\t\t<div class=\"elementor-widget-wrap elementor-element-populated\">\n\t\t\t\t\t\t<div class=\"elementor-element elementor-element-e288f14 elementor-widget elementor-widget-heading\" data-id=\"e288f14\" data-element_type=\"widget\" data-e-type=\"widget\" data-widget_type=\"heading.default\">\n\t\t\t\t<div class=\"elementor-widget-container\">\n\t\t\t\t\t<h3 class=\"elementor-heading-title elementor-size-default\">Produkty, datum spot\u0159eby, p\u0159eprava<\/h3>\t\t\t\t<\/div>\n\t\t\t\t<\/div>\n\t\t\t\t<div class=\"elementor-element elementor-element-03d2d43 elementor-widget elementor-widget-accordion\" data-id=\"03d2d43\" data-element_type=\"widget\" data-e-type=\"widget\" data-widget_type=\"accordion.default\">\n\t\t\t\t<div class=\"elementor-widget-container\">\n\t\t\t\t\t\t\t<div class=\"elementor-accordion\">\n\t\t\t\t\t\t\t<div class=\"elementor-accordion-item\">\n\t\t\t\t\t<div id=\"elementor-tab-title-4001\" class=\"elementor-tab-title\" data-tab=\"1\" role=\"button\" aria-controls=\"elementor-tab-content-4001\" aria-expanded=\"false\">\n\t\t\t\t\t\t\t\t\t\t\t\t<a class=\"elementor-accordion-title\" tabindex=\"0\">Jak\u00e9 je datum spot\u0159eby prod\u00e1van\u00fdch v\u00fdrobk\u016f?<\/a>\n\t\t\t\t\t<\/div>\n\t\t\t\t\t<div id=\"elementor-tab-content-4001\" class=\"elementor-tab-content elementor-clearfix\" data-tab=\"1\" role=\"region\" aria-labelledby=\"elementor-tab-title-4001\"><p>V\u0161echny prod\u00e1van\u00e9 produkty maj\u00ed nejlep\u0161\u00ed mo\u017en\u00e9 datum spot\u0159eby.<br \/>Mnoho produkt\u016f m\u00e1 platnost 2-3 roky.<\/p><\/div>\n\t\t\t\t<\/div>\n\t\t\t\t\t\t\t<div class=\"elementor-accordion-item\">\n\t\t\t\t\t<div id=\"elementor-tab-title-4002\" class=\"elementor-tab-title\" data-tab=\"2\" role=\"button\" aria-controls=\"elementor-tab-content-4002\" aria-expanded=\"false\">\n\t\t\t\t\t\t\t\t\t\t\t\t<a class=\"elementor-accordion-title\" tabindex=\"0\">Je mo\u017en\u00e9 sledovat n\u00e1kup pomoc\u00ed sledovac\u00edho \u010d\u00edsla?<\/a>\n\t\t\t\t\t<\/div>\n\t\t\t\t\t<div id=\"elementor-tab-content-4002\" class=\"elementor-tab-content elementor-clearfix\" data-tab=\"2\" role=\"region\" aria-labelledby=\"elementor-tab-title-4002\"><p>Ano, pou\u017e\u00edv\u00e1me pouze doporu\u010den\u00e9 z\u00e1silky.<br \/>Jakmile bude va\u0161e objedn\u00e1vka odesl\u00e1na, najdete v podrobnostech objedn\u00e1vky sledovac\u00ed k\u00f3d.<\/p><\/div>\n\t\t\t\t<\/div>\n\t\t\t\t\t\t\t\t\t\t<script type=\"application\/ld+json\">{\n    \"@context\": \"https:\\\/\\\/schema.org\",\n    \"@type\": \"FAQPage\",\n    \"mainEntity\": [\n        {\n            \"@type\": \"Question\",\n            \"name\": \"What is the expiry date of the products sold?\",\n            \"acceptedAnswer\": {\n                \"@type\": \"Answer\",\n                \"text\": \"<p>All products sold have the best possible expiry date.<br \\\/>Many products have a 2-3 year validity period.<\\\/p>\"\n            }\n        },\n        {\n            \"@type\": \"Question\",\n            \"name\": \"Is it possible to track a purchase with a tracking number?\",\n            \"acceptedAnswer\": {\n                \"@type\": \"Answer\",\n                \"text\": \"<p>Yes, we only use registered shipments.<br \\\/>As soon as your order is dispatched, you will find the tracking code in the order details.<\\\/p>\"\n            }\n        }\n    ]\n}<\/script>\n\t\t\t\t\t<\/div>\n\t\t\t\t\t\t<\/div>\n\t\t\t\t<\/div>\n\t\t\t\t\t<\/div>\n\t\t<\/div>\n\t\t\t\t<div class=\"elementor-column elementor-col-33 elementor-top-column elementor-element elementor-element-acaf749\" data-id=\"acaf749\" data-element_type=\"column\" data-e-type=\"column\">\n\t\t\t<div class=\"elementor-widget-wrap\">\n\t\t\t\t\t\t\t<\/div>\n\t\t<\/div>\n\t\t\t\t\t<\/div>\n\t\t<\/section>\n\t\t\t\t<\/div>","protected":false},"excerpt":{"rendered":"<p>Questions and Answers Continuous glucose measurement Can I use xDrip with a Dexcom One sensor? Yes, xDrip supports Dexcom ONE sensors from 2021. Please use the latest version of xDrip and follow the installation instructions for the G6\/ONE sensor. Can I extend the Dexcom ONE&#8230;<\/p>","protected":false},"author":1,"featured_media":0,"parent":0,"menu_order":0,"comment_status":"closed","ping_status":"closed","template":"","meta":{"footnotes":""},"class_list":["post-7602","page","type-page","status-publish","hentry"],"aioseo_notices":[],"_links":{"self":[{"href":"https:\/\/dia24.eu\/cs\/wp-json\/wp\/v2\/pages\/7602","targetHints":{"allow":["GET"]}}],"collection":[{"href":"https:\/\/dia24.eu\/cs\/wp-json\/wp\/v2\/pages"}],"about":[{"href":"https:\/\/dia24.eu\/cs\/wp-json\/wp\/v2\/types\/page"}],"author":[{"embeddable":true,"href":"https:\/\/dia24.eu\/cs\/wp-json\/wp\/v2\/users\/1"}],"replies":[{"embeddable":true,"href":"https:\/\/dia24.eu\/cs\/wp-json\/wp\/v2\/comments?post=7602"}],"version-history":[{"count":62,"href":"https:\/\/dia24.eu\/cs\/wp-json\/wp\/v2\/pages\/7602\/revisions"}],"predecessor-version":[{"id":7674,"href":"https:\/\/dia24.eu\/cs\/wp-json\/wp\/v2\/pages\/7602\/revisions\/7674"}],"wp:attachment":[{"href":"https:\/\/dia24.eu\/cs\/wp-json\/wp\/v2\/media?parent=7602"}],"curies":[{"name":"wp","href":"https:\/\/api.w.org\/{rel}","templated":true}]}}