{"id":9016,"date":"2023-06-06T02:00:35","date_gmt":"2023-06-05T23:00:35","guid":{"rendered":"https:\/\/dia24.eu\/?page_id=9016"},"modified":"2023-06-06T02:14:09","modified_gmt":"2023-06-05T23:14:09","slug":"quantity-discounts","status":"publish","type":"page","link":"https:\/\/dia24.eu\/cs\/quantity-discounts\/","title":{"rendered":"Mno\u017estevn\u00ed slevy"},"content":{"rendered":"<div data-elementor-type=\"wp-page\" data-elementor-id=\"9016\" class=\"elementor elementor-9016\">\n\t\t\t\t\t\t<section class=\"elementor-section elementor-top-section elementor-element elementor-element-b116fce elementor-section-boxed elementor-section-height-default elementor-section-height-default\" data-id=\"b116fce\" data-element_type=\"section\">\n\t\t\t\t\t\t<div class=\"elementor-container elementor-column-gap-default\">\n\t\t\t\t\t<div class=\"elementor-column elementor-col-100 elementor-top-column elementor-element elementor-element-17b2801\" data-id=\"17b2801\" data-element_type=\"column\">\n\t\t\t<div class=\"elementor-widget-wrap elementor-element-populated\">\n\t\t\t\t\t\t<div class=\"elementor-element elementor-element-c0f3ccc elementor-widget elementor-widget-heading\" data-id=\"c0f3ccc\" data-element_type=\"widget\" data-widget_type=\"heading.default\">\n\t\t\t\t<div class=\"elementor-widget-container\">\n\t\t\t\t\t<h1 class=\"elementor-heading-title elementor-size-default\">Mno\u017estevn\u00ed slevy<\/h1>\t\t\t\t<\/div>\n\t\t\t\t<\/div>\n\t\t\t\t<div class=\"elementor-element elementor-element-ecacf47 elementor-widget elementor-widget-text-editor\" data-id=\"ecacf47\" data-element_type=\"widget\" data-widget_type=\"text-editor.default\">\n\t\t\t\t<div class=\"elementor-widget-container\">\n\t\t\t\t\t\t\t\t\t<p>V na\u0161em obchod\u011b najdete mnoho produkt\u016f, kter\u00e9 jsou k dispozici s extra slevou, pokud si jich koup\u00edte v\u00edce ne\u017e jeden.<\/p><h2><strong>Slevy<\/strong><\/h2><ol><li>Tabulku s mno\u017estevn\u00edmi slevami naleznete pod popisem ka\u017ed\u00e9ho produktu.<\/li><li>Pokud u produktu nen\u00ed uvedena tabulka mno\u017estevn\u00edch slev, nen\u00ed bohu\u017eel mo\u017en\u00e9 jej zakoupit ve v\u011bt\u0161\u00edm mno\u017estv\u00ed se slevou.<\/li><\/ol><h2>Dodac\u00ed lh\u016fty pro hromadn\u00e9 objedn\u00e1vky<\/h2><ol><li>Po\u010d\u00edtejte s t\u00edm, \u017ee p\u0159\u00edprava hromadn\u00e9 objedn\u00e1vky m\u016f\u017ee trvat d\u00e9le.<\/li><li>P\u0159\u00edprava hromadn\u00e9 objedn\u00e1vky m\u016f\u017ee trvat a\u017e 1 pracovn\u00ed t\u00fdden.\u00a0<\/li><\/ol><h2>B2B a velk\u00e9 zak\u00e1zky<\/h2><ol><li>Pokud jste firma a chcete si objednat v\u011bt\u0161\u00ed mno\u017estv\u00ed, kontaktujte n\u00e1s a za\u0161lete n\u00e1m popt\u00e1vku.<\/li><\/ol>\t\t\t\t\t\t\t\t<\/div>\n\t\t\t\t<\/div>\n\t\t\t\t\t<\/div>\n\t\t<\/div>\n\t\t\t\t\t<\/div>\n\t\t<\/section>\n\t\t\t\t<\/div>","protected":false},"excerpt":{"rendered":"<p>Mno\u017estevn\u00ed slevy V na\u0161em obchod\u011b najdete mnoho produkt\u016f, kter\u00e9 jsou k dispozici s extra slevou, pokud si jich koup\u00edte v\u00edce ne\u017e jeden. Slevy Tabulku s mno\u017estevn\u00edmi slevami najdete pod popisem ka\u017ed\u00e9ho produktu. Pokud produkt nem\u00e1 mno\u017estevn\u00ed slevu...<\/p>","protected":false},"author":1,"featured_media":0,"parent":0,"menu_order":0,"comment_status":"closed","ping_status":"closed","template":"","meta":{"footnotes":""},"class_list":["post-9016","page","type-page","status-publish","hentry"],"aioseo_notices":[],"_links":{"self":[{"href":"https:\/\/dia24.eu\/cs\/wp-json\/wp\/v2\/pages\/9016","targetHints":{"allow":["GET"]}}],"collection":[{"href":"https:\/\/dia24.eu\/cs\/wp-json\/wp\/v2\/pages"}],"about":[{"href":"https:\/\/dia24.eu\/cs\/wp-json\/wp\/v2\/types\/page"}],"author":[{"embeddable":true,"href":"https:\/\/dia24.eu\/cs\/wp-json\/wp\/v2\/users\/1"}],"replies":[{"embeddable":true,"href":"https:\/\/dia24.eu\/cs\/wp-json\/wp\/v2\/comments?post=9016"}],"version-history":[{"count":4,"href":"https:\/\/dia24.eu\/cs\/wp-json\/wp\/v2\/pages\/9016\/revisions"}],"predecessor-version":[{"id":9021,"href":"https:\/\/dia24.eu\/cs\/wp-json\/wp\/v2\/pages\/9016\/revisions\/9021"}],"wp:attachment":[{"href":"https:\/\/dia24.eu\/cs\/wp-json\/wp\/v2\/media?parent=9016"}],"curies":[{"name":"wp","href":"https:\/\/api.w.org\/{rel}","templated":true}]}}