{"id":10052,"date":"2023-11-04T15:13:03","date_gmt":"2023-11-04T13:13:03","guid":{"rendered":"https:\/\/dia24.eu\/?post_type=product&#038;p=10052"},"modified":"2025-05-29T18:45:09","modified_gmt":"2025-05-29T15:45:09","slug":"trio-elisse-skin-barrier-spray","status":"publish","type":"product","link":"https:\/\/dia24.eu\/cs\/product\/trio-elisse-skin-barrier-spray\/","title":{"rendered":"Trio Elisse bari\u00e9rov\u00fd sprej na ple\u0165 50ml"},"content":{"rendered":"<p>Pou\u017eit\u00ed: k ochran\u011b poko\u017eky p\u0159ed zbytky, enzymy a lepidly.<\/p>\n<p>Ochrann\u00fd prost\u0159edek na k\u016f\u017ei Trio Elisse\u2122 je vhodn\u00fd k pou\u017eit\u00ed pod r\u016fzn\u00e9 n\u00e1plasti, jako jsou n\u00e1plasti na senzory, n\u00e1plasti na stomie nebo n\u00e1plasti pou\u017e\u00edvan\u00e9 k o\u0161et\u0159en\u00ed ran. Pou\u017eit\u00ed ochrann\u00e9ho prost\u0159edku na k\u016f\u017ei zklid\u0148uje zarudlou k\u016f\u017ei a sni\u017euje sv\u011bd\u011bn\u00ed. D\u00edky slo\u017een\u00ed na b\u00e1zi silikonu pou\u017eit\u00ed tohoto v\u00fdrobku obvykle nevyvol\u00e1v\u00e1 alergickou reakci. V\u00fdrobek neobsahuje alkohol.<\/p>\n<p><strong>Jak pou\u017e\u00edvat<\/strong><\/p>\n<ol>\n<li>O\u010dist\u011bte a osu\u0161te poko\u017eku<\/li>\n<li>Trysku dr\u017ete ve vzd\u00e1lenosti asi 10 cm od o\u0161et\u0159ovan\u00e9ho povrchu.<\/li>\n<li>Naneste hladkou a rovnom\u011brnou vrstvu p\u0159\u00edpravku.<\/li>\n<li>P\u0159ed aplikac\u00ed lepic\u00edch produkt\u016f, jako je n\u00e1plast nebo senzor, se ujist\u011bte, \u017ee je k\u016f\u017ee zcela such\u00e1.<\/li>\n<li>P\u0159i ka\u017ed\u00e9 zm\u011bn\u011b za\u0159\u00edzen\u00ed nebo z\u00e1platy ji znovu aplikujte, abyste zajistili \u00faplnou ochranu.<\/li>\n<\/ol>\n<p>Speci\u00e1ln\u00ed odstran\u011bn\u00ed ochrany k\u016f\u017ee pomoc\u00ed odstra\u0148ova\u010de lepidla nen\u00ed obvykle nutn\u00e9 a posta\u010d\u00ed b\u011b\u017en\u00e9 myt\u00ed k\u016f\u017ee, ale v p\u0159\u00edpad\u011b pot\u0159eby ji lze snadno odstranit l\u00e9ka\u0159sk\u00fdm odstra\u0148ova\u010dem lepidla.<\/p>\n<p>Post\u0159ikova\u010d funguje z jak\u00e9hokoli \u00fahlu.<\/p>\n<p><strong>Upozorn\u011bn\u00ed:<\/strong><\/p>\n<ul>\n<li>Nest\u0159\u00edkejte p\u0159\u00edmo na r\u00e1nu (nap\u0159. p\u0159i pou\u017eit\u00ed n\u00e1plast\u00ed na r\u00e1ny).<\/li>\n<li>V p\u0159\u00edpad\u011b pochybnost\u00ed nast\u0159\u00edkejte p\u0159\u00edpravek p\u0159ed pou\u017eit\u00edm na jin\u00e9 \u010d\u00e1sti poko\u017eky a vyzkou\u0161ejte ho.<\/li>\n<li>V p\u0159\u00edpad\u011b podr\u00e1\u017ed\u011bn\u00ed k\u016f\u017ee p\u0159esta\u0148te p\u0159\u00edpravek pou\u017e\u00edvat a obra\u0165te se na zdravotn\u00edka.<\/li>\n<li>Vyhn\u011bte se vdechnut\u00ed post\u0159ikovan\u00e9 l\u00e1tky.<\/li>\n<li>Pouze pro extern\u00ed pou\u017eit\u00ed<\/li>\n<li>V\u00fdrobek je ho\u0159lav\u00fd, neku\u0159te a nepou\u017e\u00edvejte jej v bl\u00edzkosti otev\u0159en\u00e9ho ohn\u011b.<\/li>\n<\/ul>","protected":false},"excerpt":{"rendered":"<p>Ochrann\u00fd prost\u0159edek na k\u016f\u017ei Trio Elisse\u2122 je vhodn\u00fd k pou\u017eit\u00ed pod r\u016fzn\u00e9 n\u00e1plasti, jako jsou n\u00e1plasti na senzory, n\u00e1plasti na stomie nebo n\u00e1plasti pou\u017e\u00edvan\u00e9 k o\u0161et\u0159en\u00ed ran. Pou\u017eit\u00ed ochrann\u00e9ho prost\u0159edku na k\u016f\u017ei zklid\u0148uje zarudlou k\u016f\u017ei a sni\u017euje sv\u011bd\u011bn\u00ed. D\u00edky slo\u017een\u00ed na b\u00e1zi silikonu pou\u017eit\u00ed tohoto v\u00fdrobku obvykle nevyvol\u00e1v\u00e1 alergickou reakci. V\u00fdrobek neobsahuje alkohol.<\/p>","protected":false},"featured_media":10053,"comment_status":"open","ping_status":"closed","template":"","meta":[],"etheme_brands":[],"product_brand":[],"product_cat":[83,86,80],"product_tag":[],"class_list":{"0":"post-10052","1":"product","2":"type-product","3":"status-publish","4":"has-post-thumbnail","6":"product_cat-first-aid-and-care","7":"product_cat-patches-and-skin-barriers","8":"product_cat-adhesive-patches","10":"first","11":"instock","12":"shipping-taxable","13":"purchasable","14":"product-type-simple"},"aioseo_notices":[],"_links":{"self":[{"href":"https:\/\/dia24.eu\/cs\/wp-json\/wp\/v2\/product\/10052","targetHints":{"allow":["GET"]}}],"collection":[{"href":"https:\/\/dia24.eu\/cs\/wp-json\/wp\/v2\/product"}],"about":[{"href":"https:\/\/dia24.eu\/cs\/wp-json\/wp\/v2\/types\/product"}],"replies":[{"embeddable":true,"href":"https:\/\/dia24.eu\/cs\/wp-json\/wp\/v2\/comments?post=10052"}],"version-history":[{"count":3,"href":"https:\/\/dia24.eu\/cs\/wp-json\/wp\/v2\/product\/10052\/revisions"}],"predecessor-version":[{"id":10059,"href":"https:\/\/dia24.eu\/cs\/wp-json\/wp\/v2\/product\/10052\/revisions\/10059"}],"wp:featuredmedia":[{"embeddable":true,"href":"https:\/\/dia24.eu\/cs\/wp-json\/wp\/v2\/media\/10053"}],"wp:attachment":[{"href":"https:\/\/dia24.eu\/cs\/wp-json\/wp\/v2\/media?parent=10052"}],"wp:term":[{"taxonomy":"brand","embeddable":true,"href":"https:\/\/dia24.eu\/cs\/wp-json\/wp\/v2\/etheme_brands?post=10052"},{"taxonomy":"product_brand","embeddable":true,"href":"https:\/\/dia24.eu\/cs\/wp-json\/wp\/v2\/product_brand?post=10052"},{"taxonomy":"product_cat","embeddable":true,"href":"https:\/\/dia24.eu\/cs\/wp-json\/wp\/v2\/product_cat?post=10052"},{"taxonomy":"product_tag","embeddable":true,"href":"https:\/\/dia24.eu\/cs\/wp-json\/wp\/v2\/product_tag?post=10052"}],"curies":[{"name":"wp","href":"https:\/\/api.w.org\/{rel}","templated":true}]}}