{"id":10056,"date":"2023-11-04T15:31:07","date_gmt":"2023-11-04T13:31:07","guid":{"rendered":"https:\/\/dia24.eu\/?post_type=product&#038;p=10056"},"modified":"2026-03-05T13:19:05","modified_gmt":"2026-03-05T11:19:05","slug":"dansac-easispray-medical-adhesive-remover-50ml","status":"publish","type":"product","link":"https:\/\/dia24.eu\/cs\/product\/dansac-easispray-medical-adhesive-remover-50ml\/","title":{"rendered":"Dansac EasiSpray odstra\u0148ova\u010d l\u00e9ka\u0159sk\u00fdch lepidel 50ml"},"content":{"rendered":"<p>Pou\u017eit\u00ed: k odstran\u011bn\u00ed lepiv\u00fdch n\u00e1plast\u00ed z poko\u017eky. Vhodn\u00fd k odstran\u011bn\u00ed zbytk\u016f lepidla z r\u016fzn\u00fdch n\u00e1plast\u00ed a senzor\u016f.<\/p>\n<p>\u00da\u010dinn\u00e1 l\u00e1tka: hexamethyldisiloxan.<\/p>\n<p><strong>Jak pou\u017e\u00edvat:<\/strong><\/p>\n<p>Odstra\u0148ova\u010d nast\u0159\u00edkejte kolem zbytk\u016f lepidla nebo na poko\u017eku. Po n\u011bkolika sekund\u00e1ch set\u0159ete zbytky lepidla z poko\u017eky a v p\u0159\u00edpad\u011b pot\u0159eby pou\u017eijte dal\u0161\u00ed sprej. Zaschne b\u011bhem n\u011bkolika sekund a po zaschnut\u00ed neovliv\u0148uje p\u0159ilnavost nov\u00e9 n\u00e1plasti.<\/p>\n<p><strong>Upozorn\u011bn\u00ed:<\/strong><\/p>\n<ul>\n<li>Nepou\u017e\u00edvejte na citlivou poko\u017eku, v p\u0159\u00edpad\u011b podr\u00e1\u017ed\u011bn\u00ed p\u0159esta\u0148te pou\u017e\u00edvat.<\/li>\n<li>Ho\u0159lav\u00fd, neku\u0159te a nepou\u017e\u00edvejte v bl\u00edzkosti otev\u0159en\u00e9ho ohn\u011b.<\/li>\n<\/ul>","protected":false},"excerpt":{"rendered":"<p>Dansac EasiSpray je odstra\u0148ova\u010d lepidla na silikonov\u00e9 b\u00e1zi, tak\u017ee ne\u0161t\u00edpe a nedr\u00e1\u017ed\u00ed poko\u017eku. P\u0159\u00edpravek neobsahuje alkohol.<\/p>","protected":false},"featured_media":10057,"comment_status":"closed","ping_status":"closed","template":"","meta":[],"etheme_brands":[],"product_brand":[],"product_cat":[81,83,78,86],"product_tag":[],"class_list":{"0":"post-10056","1":"product","2":"type-product","3":"status-publish","4":"has-post-thumbnail","6":"product_cat-adhesive-removers","7":"product_cat-first-aid-and-care","8":"product_cat-glucose-sensors-cgm","9":"product_cat-patches-and-skin-barriers","11":"first","12":"instock","13":"shipping-taxable","14":"purchasable","15":"product-type-simple"},"aioseo_notices":[],"_links":{"self":[{"href":"https:\/\/dia24.eu\/cs\/wp-json\/wp\/v2\/product\/10056","targetHints":{"allow":["GET"]}}],"collection":[{"href":"https:\/\/dia24.eu\/cs\/wp-json\/wp\/v2\/product"}],"about":[{"href":"https:\/\/dia24.eu\/cs\/wp-json\/wp\/v2\/types\/product"}],"replies":[{"embeddable":true,"href":"https:\/\/dia24.eu\/cs\/wp-json\/wp\/v2\/comments?post=10056"}],"version-history":[{"count":1,"href":"https:\/\/dia24.eu\/cs\/wp-json\/wp\/v2\/product\/10056\/revisions"}],"predecessor-version":[{"id":10058,"href":"https:\/\/dia24.eu\/cs\/wp-json\/wp\/v2\/product\/10056\/revisions\/10058"}],"wp:featuredmedia":[{"embeddable":true,"href":"https:\/\/dia24.eu\/cs\/wp-json\/wp\/v2\/media\/10057"}],"wp:attachment":[{"href":"https:\/\/dia24.eu\/cs\/wp-json\/wp\/v2\/media?parent=10056"}],"wp:term":[{"taxonomy":"brand","embeddable":true,"href":"https:\/\/dia24.eu\/cs\/wp-json\/wp\/v2\/etheme_brands?post=10056"},{"taxonomy":"product_brand","embeddable":true,"href":"https:\/\/dia24.eu\/cs\/wp-json\/wp\/v2\/product_brand?post=10056"},{"taxonomy":"product_cat","embeddable":true,"href":"https:\/\/dia24.eu\/cs\/wp-json\/wp\/v2\/product_cat?post=10056"},{"taxonomy":"product_tag","embeddable":true,"href":"https:\/\/dia24.eu\/cs\/wp-json\/wp\/v2\/product_tag?post=10056"}],"curies":[{"name":"wp","href":"https:\/\/api.w.org\/{rel}","templated":true}]}}