{"id":10186,"date":"2023-12-07T20:55:48","date_gmt":"2023-12-07T18:55:48","guid":{"rendered":"https:\/\/dia24.eu\/?post_type=product&#038;p=10186"},"modified":"2023-12-07T20:55:48","modified_gmt":"2023-12-07T18:55:48","slug":"jordan-caries-defense-75ml","status":"publish","type":"product","link":"https:\/\/dia24.eu\/cs\/product\/jordan-caries-defense-75ml\/","title":{"rendered":"Jordan Caries Defense 75ml"},"content":{"rendered":"<p>Jordan Caries Defense je lehk\u00e1 zubn\u00ed pasta sv\u011b\u017e\u00ed chuti. Obsahuje vy\u0161\u0161\u00ed mno\u017estv\u00ed xylitolu pro ochranu proti zubn\u00edmu kazu. Kombinace fluoridu a xylitolu poskytuje siln\u011bj\u0161\u00ed zuby a lep\u0161\u00ed \u00farove\u0148 remineralizace ve srovn\u00e1n\u00ed se zubn\u00edmi pastami obsahuj\u00edc\u00edmi pouze fluorid. Zubn\u00ed pasta je \u0161etrn\u00e1 k zubn\u00ed sklovin\u011b.<\/p>\n<p>&nbsp;<\/p>\n<p>Zem\u011b p\u016fvodu: \u0160v\u00e9dsko<\/p>\n<p>Slo\u017een\u00ed:<br \/>\nVoda, sorbitol, hydratovan\u00fd oxid k\u0159emi\u010dit\u00fd, xylitol, PEG-32, glycerin, laurylsulf\u00e1t sodn\u00fd, aroma, glukon\u00e1t zine\u010dnat\u00fd, fluorid sodn\u00fd, celul\u00f3zov\u00e1 guma, sacharin sodn\u00fd, limonen, CI 74160, CI 77891.<\/p>","protected":false},"excerpt":{"rendered":"<ul>\n<li>Vysok\u00fd obsah xylitolu<\/li>\n<li>Siln\u011bj\u0161\u00ed zuby<\/li>\n<li>Odstra\u0148uje plak<\/li>\n<li>\u0160etrn\u00fd k zubn\u00ed sklovin\u011b<\/li>\n<\/ul>\n<p>Vy\u0161\u0161\u00ed obsah xylitolu pro ochranu proti zubn\u00edmu kazu.<\/p>","protected":false},"featured_media":10187,"comment_status":"open","ping_status":"closed","template":"","meta":[],"etheme_brands":[],"product_brand":[],"product_cat":[83,138],"product_tag":[],"class_list":{"0":"post-10186","1":"product","2":"type-product","3":"status-publish","4":"has-post-thumbnail","6":"product_cat-first-aid-and-care","7":"product_cat-diabetic-toothpaste","9":"first","10":"instock","11":"shipping-taxable","12":"purchasable","13":"product-type-simple"},"aioseo_notices":[],"_links":{"self":[{"href":"https:\/\/dia24.eu\/cs\/wp-json\/wp\/v2\/product\/10186","targetHints":{"allow":["GET"]}}],"collection":[{"href":"https:\/\/dia24.eu\/cs\/wp-json\/wp\/v2\/product"}],"about":[{"href":"https:\/\/dia24.eu\/cs\/wp-json\/wp\/v2\/types\/product"}],"replies":[{"embeddable":true,"href":"https:\/\/dia24.eu\/cs\/wp-json\/wp\/v2\/comments?post=10186"}],"version-history":[{"count":1,"href":"https:\/\/dia24.eu\/cs\/wp-json\/wp\/v2\/product\/10186\/revisions"}],"predecessor-version":[{"id":10188,"href":"https:\/\/dia24.eu\/cs\/wp-json\/wp\/v2\/product\/10186\/revisions\/10188"}],"wp:featuredmedia":[{"embeddable":true,"href":"https:\/\/dia24.eu\/cs\/wp-json\/wp\/v2\/media\/10187"}],"wp:attachment":[{"href":"https:\/\/dia24.eu\/cs\/wp-json\/wp\/v2\/media?parent=10186"}],"wp:term":[{"taxonomy":"brand","embeddable":true,"href":"https:\/\/dia24.eu\/cs\/wp-json\/wp\/v2\/etheme_brands?post=10186"},{"taxonomy":"product_brand","embeddable":true,"href":"https:\/\/dia24.eu\/cs\/wp-json\/wp\/v2\/product_brand?post=10186"},{"taxonomy":"product_cat","embeddable":true,"href":"https:\/\/dia24.eu\/cs\/wp-json\/wp\/v2\/product_cat?post=10186"},{"taxonomy":"product_tag","embeddable":true,"href":"https:\/\/dia24.eu\/cs\/wp-json\/wp\/v2\/product_tag?post=10186"}],"curies":[{"name":"wp","href":"https:\/\/api.w.org\/{rel}","templated":true}]}}