{"id":10191,"date":"2023-12-07T21:02:19","date_gmt":"2023-12-07T19:02:19","guid":{"rendered":"https:\/\/dia24.eu\/?post_type=product&#038;p=10191"},"modified":"2025-05-29T18:46:17","modified_gmt":"2025-05-29T15:46:17","slug":"pepsodent-xylitol-125ml","status":"publish","type":"product","link":"https:\/\/dia24.eu\/cs\/product\/pepsodent-xylitol-125ml\/","title":{"rendered":"Pepsodent Xylitol 125ml"},"content":{"rendered":"<p>Fluorid v zubn\u00ed past\u011b Pepsodent Xylitol sni\u017euje rozpou\u0161t\u011bn\u00ed zubn\u00ed skloviny p\u0159i p\u016fsoben\u00ed kyselin a pom\u00e1h\u00e1 p\u0159edch\u00e1zet vzniku zubn\u00edho kazu. Xylitol zpomaluje r\u016fst plaku, kter\u00fd zp\u016fsobuje zubn\u00ed kaz, a pom\u00e1h\u00e1 chr\u00e1nit sklovinu. Zubn\u00ed pasta pom\u00e1h\u00e1 p\u0159edch\u00e1zet vzniku zubn\u00edho kazu a udr\u017euje \u00fasta zdrav\u00e1. Sv\u011b\u017e\u00ed m\u00e1tov\u00e1 chu\u0165! Velikost balen\u00ed 125 ml.<\/p>\n<p>Slo\u017een\u00ed:<br \/>\nVoda, sorbitol, hydratovan\u00fd oxid k\u0159emi\u010dit\u00fd, xylitol, peg-32, laurylsulf\u00e1t sodn\u00fd, aroma, fluorid sodn\u00fd, celul\u00f3zov\u00e1 guma, sacharin sodn\u00fd, ci 42051, ci 77891.<\/p>","protected":false},"excerpt":{"rendered":"<p>Xylitol zpomaluje r\u016fst zubn\u00edho plaku, kter\u00fd zp\u016fsobuje zubn\u00ed kaz, a pom\u00e1h\u00e1 chr\u00e1nit zubn\u00ed sklovinu.<\/p>","protected":false},"featured_media":10192,"comment_status":"open","ping_status":"closed","template":"","meta":[],"etheme_brands":[],"product_brand":[],"product_cat":[83,138],"product_tag":[],"class_list":{"0":"post-10191","1":"product","2":"type-product","3":"status-publish","4":"has-post-thumbnail","6":"product_cat-first-aid-and-care","7":"product_cat-diabetic-toothpaste","9":"first","10":"instock","11":"shipping-taxable","12":"purchasable","13":"product-type-simple"},"aioseo_notices":[],"_links":{"self":[{"href":"https:\/\/dia24.eu\/cs\/wp-json\/wp\/v2\/product\/10191","targetHints":{"allow":["GET"]}}],"collection":[{"href":"https:\/\/dia24.eu\/cs\/wp-json\/wp\/v2\/product"}],"about":[{"href":"https:\/\/dia24.eu\/cs\/wp-json\/wp\/v2\/types\/product"}],"replies":[{"embeddable":true,"href":"https:\/\/dia24.eu\/cs\/wp-json\/wp\/v2\/comments?post=10191"}],"version-history":[{"count":1,"href":"https:\/\/dia24.eu\/cs\/wp-json\/wp\/v2\/product\/10191\/revisions"}],"predecessor-version":[{"id":10193,"href":"https:\/\/dia24.eu\/cs\/wp-json\/wp\/v2\/product\/10191\/revisions\/10193"}],"wp:featuredmedia":[{"embeddable":true,"href":"https:\/\/dia24.eu\/cs\/wp-json\/wp\/v2\/media\/10192"}],"wp:attachment":[{"href":"https:\/\/dia24.eu\/cs\/wp-json\/wp\/v2\/media?parent=10191"}],"wp:term":[{"taxonomy":"brand","embeddable":true,"href":"https:\/\/dia24.eu\/cs\/wp-json\/wp\/v2\/etheme_brands?post=10191"},{"taxonomy":"product_brand","embeddable":true,"href":"https:\/\/dia24.eu\/cs\/wp-json\/wp\/v2\/product_brand?post=10191"},{"taxonomy":"product_cat","embeddable":true,"href":"https:\/\/dia24.eu\/cs\/wp-json\/wp\/v2\/product_cat?post=10191"},{"taxonomy":"product_tag","embeddable":true,"href":"https:\/\/dia24.eu\/cs\/wp-json\/wp\/v2\/product_tag?post=10191"}],"curies":[{"name":"wp","href":"https:\/\/api.w.org\/{rel}","templated":true}]}}