{"id":10302,"date":"2024-01-13T18:47:13","date_gmt":"2024-01-13T16:47:13","guid":{"rendered":"https:\/\/dia24.eu\/?post_type=product&#038;p=10302"},"modified":"2026-03-23T15:00:59","modified_gmt":"2026-03-23T13:00:59","slug":"dexcom-one-plus","status":"publish","type":"product","link":"https:\/\/dia24.eu\/cs\/product\/dexcom-one-plus\/","title":{"rendered":"Senzor Dexcom ONE+ (1 balen\u00ed)"},"content":{"rendered":"<p><span style=\"color: #ff0000;\"><strong>INFO <\/strong><\/span><strong>Tento senzor funguje s ofici\u00e1ln\u00ed aplikac\u00ed Dexcom ONE+<\/strong>, p\u0159ed n\u00e1kupem <strong>zkontrolujte, zda je ve va\u0161\u00ed zemi k dispozici<\/strong>. P\u0159\u00edpadn\u011b m\u016f\u017eete pou\u017e\u00edt nejnov\u011bj\u0161\u00ed verzi xDrip pro Android (podpora p\u0159id\u00e1na 14. \u00fanora).<\/p>\n<p>Senzor Dexcom ONE+ All-in-one Transmitter je sou\u010d\u00e1st\u00ed syst\u00e9mu pro kontinu\u00e1ln\u00ed monitorov\u00e1n\u00ed gluk\u00f3zy (CGM) Dexcom ONE+.<\/p>\n<p>Cel\u00fd syst\u00e9m Dexcom ONE+ je syst\u00e9m rtCGM, co\u017e znamen\u00e1, \u017ee odes\u00edl\u00e1 data v re\u00e1ln\u00e9m \u010dase do zobrazovac\u00edho za\u0159\u00edzen\u00ed - nevy\u017eaduje skenov\u00e1n\u00ed ani kalibraci, m\u00e1 upraviteln\u00e1 upozorn\u011bn\u00ed a v\u00fdjime\u010dnou p\u0159esnost i p\u0159i kol\u00edsaj\u00edc\u00edch hladin\u00e1ch gluk\u00f3zy.<\/p>\n<p><strong>Syst\u00e9m vy\u017eaduje ke sv\u00e9mu provozu 2 komponenty:<\/strong><\/p>\n<ul>\n<li>Senzor Dexcom ONE+ - funguje po dobu 10 dn\u016f s dodate\u010dnou 12hodinovou odkladnou dobou na konci ka\u017ed\u00e9 relace.<\/li>\n<li>Monitorovac\u00ed za\u0159\u00edzen\u00ed, tj. kompatibiln\u00ed smartphone (nebo voliteln\u00fd p\u0159ij\u00edma\u010d Dexcom ONE+).<\/li>\n<\/ul>\n<p><strong>Funkce p\u0159\u00edstroje Dexcom ONE+:<\/strong><\/p>\n<ul>\n<li>mal\u00fd, jednod\u00edln\u00fd sn\u00edma\u010d a vys\u00edla\u010d typu \"v\u0161e v jednom\".<\/li>\n<li>senzor, kter\u00fd funguje a\u017e 10 dn\u00ed<\/li>\n<li>30minutov\u00e9 spu\u0161t\u011bn\u00ed senzoru<\/li>\n<li>nen\u00ed nutn\u00e9 \u017e\u00e1dn\u00e9 skenov\u00e1n\u00ed ani p\u00edch\u00e1n\u00ed do prstu<\/li>\n<li>upraviteln\u00e9 personalizovan\u00e9 v\u00fdstrahy + zpo\u017ed\u011bn\u00ed, funkce v\u00fdstrahy vysok\u00e9 \u00farovn\u011b<\/li>\n<li>a\u017e 3 body vlo\u017een\u00ed senzoru<\/li>\n<li>nejlep\u0161\u00ed vod\u011bodolnost ve sv\u00e9 t\u0159\u00edd\u011b<\/li>\n<li>p\u0159esnost i p\u0159i velk\u00fdch v\u00fdkyvech hladiny gluk\u00f3zy.<\/li>\n<li>zaznamen\u00e1v\u00e1n\u00ed ud\u00e1lost\u00ed - ukazuje, jak mohou i mal\u00e9 zm\u011bny ovlivnit hladinu gluk\u00f3zy.<\/li>\n<li>12hodinov\u00fd odklad na konci ka\u017ed\u00e9ho sezen\u00ed senzoru<\/li>\n<li>mo\u017enost sd\u00edlet \u00fadaje o gluk\u00f3ze s 10 pozorovateli pomoc\u00ed aplikace Follow.<\/li>\n<\/ul>","protected":false},"excerpt":{"rendered":"<p>Syst\u00e9m pro kontinu\u00e1ln\u00ed monitorov\u00e1n\u00ed gluk\u00f3zy (CGM) Dexcom ONE+ All-in-one Transmitter and Sensor.<\/p>\n<p>&nbsp;<\/p>","protected":false},"featured_media":10468,"comment_status":"open","ping_status":"closed","template":"","meta":[],"etheme_brands":[],"product_brand":[],"product_cat":[139,78,79],"product_tag":[],"class_list":{"0":"post-10302","1":"product","2":"type-product","3":"status-publish","4":"has-post-thumbnail","6":"product_cat-dexcom-one-plus","7":"product_cat-glucose-sensors-cgm","8":"product_cat-dexcom-one-cgm","10":"first","11":"instock","12":"sale","13":"featured","14":"shipping-taxable","15":"purchasable","16":"product-type-simple"},"aioseo_notices":[],"_links":{"self":[{"href":"https:\/\/dia24.eu\/cs\/wp-json\/wp\/v2\/product\/10302","targetHints":{"allow":["GET"]}}],"collection":[{"href":"https:\/\/dia24.eu\/cs\/wp-json\/wp\/v2\/product"}],"about":[{"href":"https:\/\/dia24.eu\/cs\/wp-json\/wp\/v2\/types\/product"}],"replies":[{"embeddable":true,"href":"https:\/\/dia24.eu\/cs\/wp-json\/wp\/v2\/comments?post=10302"}],"version-history":[{"count":8,"href":"https:\/\/dia24.eu\/cs\/wp-json\/wp\/v2\/product\/10302\/revisions"}],"predecessor-version":[{"id":10938,"href":"https:\/\/dia24.eu\/cs\/wp-json\/wp\/v2\/product\/10302\/revisions\/10938"}],"wp:featuredmedia":[{"embeddable":true,"href":"https:\/\/dia24.eu\/cs\/wp-json\/wp\/v2\/media\/10468"}],"wp:attachment":[{"href":"https:\/\/dia24.eu\/cs\/wp-json\/wp\/v2\/media?parent=10302"}],"wp:term":[{"taxonomy":"brand","embeddable":true,"href":"https:\/\/dia24.eu\/cs\/wp-json\/wp\/v2\/etheme_brands?post=10302"},{"taxonomy":"product_brand","embeddable":true,"href":"https:\/\/dia24.eu\/cs\/wp-json\/wp\/v2\/product_brand?post=10302"},{"taxonomy":"product_cat","embeddable":true,"href":"https:\/\/dia24.eu\/cs\/wp-json\/wp\/v2\/product_cat?post=10302"},{"taxonomy":"product_tag","embeddable":true,"href":"https:\/\/dia24.eu\/cs\/wp-json\/wp\/v2\/product_tag?post=10302"}],"curies":[{"name":"wp","href":"https:\/\/api.w.org\/{rel}","templated":true}]}}