{"id":7091,"date":"2023-02-08T01:08:03","date_gmt":"2023-02-07T23:08:03","guid":{"rendered":"https:\/\/dia24.eu\/?post_type=product&#038;p=7091"},"modified":"2025-08-06T21:39:12","modified_gmt":"2025-08-06T18:39:12","slug":"dexcom-one-sensors-3-pack","status":"publish","type":"product","link":"https:\/\/dia24.eu\/cs\/product\/dexcom-one-sensors-3-pack\/","title":{"rendered":"Senzory Dexcom ONE (balen\u00ed 3 ks)"},"content":{"rendered":"<div class=\"wp-block-column\" style=\"flex-basis: 100%;\"><\/div>\r\n\r\n\r\n\r\n<p><strong><span style=\"color: #ff0000;\">D\u016eLE\u017dIT\u00c9!<\/span> Tento senzorov\u00fd syst\u00e9m se p\u0159estane pou\u017e\u00edvat v prvn\u00ed polovin\u011b roku 2025,<\/strong>, proto\u017ee jejich v\u00fdroba bude zastavena.<br \/>M\u00e1te mo\u017enost p\u0159ej\u00edt na nov\u00fd <a href=\"https:\/\/dia24.eu\/cs\/product\/dexcom-one-plus\/\"><strong>ONE+<\/strong><\/a> syst\u00e9m nebo jin\u00e9 senzory. <br \/><br \/>Senzor Dexcom ONE nep\u0159etr\u017eit\u011b m\u011b\u0159\u00ed hladinu gluk\u00f3zy.<br \/>Senzor je dod\u00e1v\u00e1n s aplik\u00e1torem, kter\u00fd umo\u017e\u0148uje velmi rychl\u00e9 a jednoduch\u00e9 nasazen\u00ed. Senzor lze nosit a\u017e 10 dn\u00ed.<br \/>Ka\u017ed\u00fd senzor lze nosit a\u017e 10 dn\u00ed. A\u017e 30 dn\u00ed nep\u0159etr\u017eit\u00e9ho monitorov\u00e1n\u00ed gluk\u00f3zy se senzory v balen\u00ed 3 ks.<br \/>Vy\u017eaduje vys\u00edla\u010d Dexcom ONE (lze zakoupit samostatn\u011b).<\/p>\r\n\r\n\r\n\r\n<ul class=\"wp-block-list\">\r\n<li>Sn\u00edma\u010d lze nosit a\u017e 10 dn\u00ed (doporu\u010deno)<\/li>\r\n\r\n\r\n\r\n<li>Celkem a\u017e 30 dn\u00ed monitorov\u00e1n\u00ed s 3 sadami senzor\u016f<\/li>\r\n\r\n\r\n\r\n<li>V\u0161echny senzory jsou dod\u00e1v\u00e1ny s automatick\u00fdm aplik\u00e1torem<\/li>\r\n\r\n\r\n\r\n<li>Vy\u017eaduje\u00a0<strong><a href=\"https:\/\/dia24.eu\/cs\/product\/dexcom-one-transmitter\/\">Vys\u00edla\u010d Dexcom ONE<\/a><\/strong><\/li>\r\n<\/ul>\r\n<p><span style=\"color: #ff0000;\"><strong>INFO <\/strong><\/span><strong>Tento senzor funguje s ofici\u00e1ln\u00ed aplikac\u00ed Dexcom ONE<\/strong>, p\u0159ed n\u00e1kupem <strong>zkontrolujte, zda je ve va\u0161\u00ed zemi k dispozici<\/strong>. M\u016f\u017eete tak\u00e9 pou\u017e\u00edt nejnov\u011bj\u0161\u00ed verzi aplikace xDrip pro Android.<\/p>","protected":false},"excerpt":{"rendered":"<p>Senzor Dexcom ONE pro kontinu\u00e1ln\u00ed m\u011b\u0159en\u00ed hladiny gluk\u00f3zy. Balen\u00ed 3 kus\u016f<br \/><strong>OMEZEN\u00c1 DOSTUPNOST, POSLEDN\u00cd SKLADOV\u00c9 Z\u00c1SOBY<\/strong><\/p>","protected":false},"featured_media":8282,"comment_status":"closed","ping_status":"closed","template":"","meta":[],"etheme_brands":[],"product_brand":[],"product_cat":[78,79],"product_tag":[],"class_list":{"0":"post-7091","1":"product","2":"type-product","3":"status-publish","4":"has-post-thumbnail","6":"product_cat-glucose-sensors-cgm","7":"product_cat-dexcom-one-cgm","9":"first","10":"outofstock","11":"sale","12":"shipping-taxable","13":"purchasable","14":"product-type-simple"},"aioseo_notices":[],"_links":{"self":[{"href":"https:\/\/dia24.eu\/cs\/wp-json\/wp\/v2\/product\/7091","targetHints":{"allow":["GET"]}}],"collection":[{"href":"https:\/\/dia24.eu\/cs\/wp-json\/wp\/v2\/product"}],"about":[{"href":"https:\/\/dia24.eu\/cs\/wp-json\/wp\/v2\/types\/product"}],"replies":[{"embeddable":true,"href":"https:\/\/dia24.eu\/cs\/wp-json\/wp\/v2\/comments?post=7091"}],"version-history":[{"count":29,"href":"https:\/\/dia24.eu\/cs\/wp-json\/wp\/v2\/product\/7091\/revisions"}],"predecessor-version":[{"id":13224,"href":"https:\/\/dia24.eu\/cs\/wp-json\/wp\/v2\/product\/7091\/revisions\/13224"}],"wp:featuredmedia":[{"embeddable":true,"href":"https:\/\/dia24.eu\/cs\/wp-json\/wp\/v2\/media\/8282"}],"wp:attachment":[{"href":"https:\/\/dia24.eu\/cs\/wp-json\/wp\/v2\/media?parent=7091"}],"wp:term":[{"taxonomy":"brand","embeddable":true,"href":"https:\/\/dia24.eu\/cs\/wp-json\/wp\/v2\/etheme_brands?post=7091"},{"taxonomy":"product_brand","embeddable":true,"href":"https:\/\/dia24.eu\/cs\/wp-json\/wp\/v2\/product_brand?post=7091"},{"taxonomy":"product_cat","embeddable":true,"href":"https:\/\/dia24.eu\/cs\/wp-json\/wp\/v2\/product_cat?post=7091"},{"taxonomy":"product_tag","embeddable":true,"href":"https:\/\/dia24.eu\/cs\/wp-json\/wp\/v2\/product_tag?post=7091"}],"curies":[{"name":"wp","href":"https:\/\/api.w.org\/{rel}","templated":true}]}}