{"id":7099,"date":"2023-02-08T01:20:47","date_gmt":"2023-02-07T23:20:47","guid":{"rendered":"https:\/\/dia24.eu\/?post_type=product&#038;p=7099"},"modified":"2024-11-23T14:58:25","modified_gmt":"2024-11-23T12:58:25","slug":"hansaplast-wound-glue-spray","status":"publish","type":"product","link":"https:\/\/dia24.eu\/cs\/product\/hansaplast-wound-glue-spray\/","title":{"rendered":"Hansaplast Lepidlo na r\u00e1ny ve spreji 32,5 ml"},"content":{"rendered":"<p>Hansaplast n\u00e1plast na r\u00e1ny ve spreji.<br \/>\nUr\u010deno na povrchov\u00e9 od\u0159eniny a r\u00e1ny. N\u00e1plast Hansaplast ve spreji je pr\u016fhledn\u00e1, prody\u0161n\u00e1 a vod\u011bodoln\u00e1. Chr\u00e1n\u00ed r\u00e1nu p\u0159ed navlhnut\u00edm, zne\u010di\u0161t\u011bn\u00edm a bakteriemi.<\/p>\n<p>50 sprejov\u00fdch d\u00e1vek.<\/p>\n<p>N\u00e1plast \u0161etrn\u00e1 k poko\u017ece je jako druh\u00e1 k\u016f\u017ee, kter\u00e1 se po n\u011bkolika dnech sund\u00e1.<\/p>","protected":false},"excerpt":{"rendered":"<p>Okam\u017eit\u00fd antibakteri\u00e1ln\u00ed \u00fa\u010dinek. Pr\u016fhledn\u00e1, prody\u0161n\u00e1 a pru\u017en\u00e1 f\u00f3lie p\u016fsob\u00ed jako druh\u00e1 k\u016f\u017ee. Zabra\u0148uje p\u0159\u00edstupu vody, ne\u010distot a bakteri\u00ed. \u0160etrn\u00fd k poko\u017ece.<\/p>","protected":false},"featured_media":8061,"comment_status":"closed","ping_status":"closed","template":"","meta":[],"etheme_brands":[],"product_brand":[],"product_cat":[83,87],"product_tag":[],"class_list":{"0":"post-7099","1":"product","2":"type-product","3":"status-publish","4":"has-post-thumbnail","6":"product_cat-first-aid-and-care","7":"product_cat-liquid-bandages","9":"first","10":"instock","11":"shipping-taxable","12":"purchasable","13":"product-type-simple"},"aioseo_notices":[],"_links":{"self":[{"href":"https:\/\/dia24.eu\/cs\/wp-json\/wp\/v2\/product\/7099","targetHints":{"allow":["GET"]}}],"collection":[{"href":"https:\/\/dia24.eu\/cs\/wp-json\/wp\/v2\/product"}],"about":[{"href":"https:\/\/dia24.eu\/cs\/wp-json\/wp\/v2\/types\/product"}],"replies":[{"embeddable":true,"href":"https:\/\/dia24.eu\/cs\/wp-json\/wp\/v2\/comments?post=7099"}],"version-history":[{"count":2,"href":"https:\/\/dia24.eu\/cs\/wp-json\/wp\/v2\/product\/7099\/revisions"}],"predecessor-version":[{"id":7102,"href":"https:\/\/dia24.eu\/cs\/wp-json\/wp\/v2\/product\/7099\/revisions\/7102"}],"wp:featuredmedia":[{"embeddable":true,"href":"https:\/\/dia24.eu\/cs\/wp-json\/wp\/v2\/media\/8061"}],"wp:attachment":[{"href":"https:\/\/dia24.eu\/cs\/wp-json\/wp\/v2\/media?parent=7099"}],"wp:term":[{"taxonomy":"brand","embeddable":true,"href":"https:\/\/dia24.eu\/cs\/wp-json\/wp\/v2\/etheme_brands?post=7099"},{"taxonomy":"product_brand","embeddable":true,"href":"https:\/\/dia24.eu\/cs\/wp-json\/wp\/v2\/product_brand?post=7099"},{"taxonomy":"product_cat","embeddable":true,"href":"https:\/\/dia24.eu\/cs\/wp-json\/wp\/v2\/product_cat?post=7099"},{"taxonomy":"product_tag","embeddable":true,"href":"https:\/\/dia24.eu\/cs\/wp-json\/wp\/v2\/product_tag?post=7099"}],"curies":[{"name":"wp","href":"https:\/\/api.w.org\/{rel}","templated":true}]}}