{"id":7184,"date":"2023-02-08T16:28:15","date_gmt":"2023-02-08T14:28:15","guid":{"rendered":"https:\/\/dia24.eu\/?post_type=product&#038;p=7184"},"modified":"2024-07-29T20:08:18","modified_gmt":"2024-07-29T17:08:18","slug":"hydrofilm-adhesive-film-dressing-6x7cm-n10","status":"publish","type":"product","link":"https:\/\/dia24.eu\/cs\/product\/hydrofilm-adhesive-film-dressing-6x7cm-n10\/","title":{"rendered":"Hydrofilm Lepic\u00ed f\u00f3lie 6x7cm N10"},"content":{"rendered":"<p>Steriln\u00ed pr\u016fhledn\u00e1 n\u00e1plast na r\u00e1ny. Vodot\u011bsn\u00e1 polyuretanov\u00e1 f\u00f3lie nepropou\u0161t\u011bj\u00edc\u00ed ne\u010distoty. Chr\u00e1n\u00ed r\u00e1nu p\u0159ed infekc\u00ed. Vhodn\u00e1 i pro r\u016fzn\u00e9 p\u0159evazy ran.<\/p>","protected":false},"excerpt":{"rendered":"<p>Vod\u011bodoln\u00e1 polyuretanov\u00e1 f\u00f3lie nepropou\u0161t\u011bj\u00edc\u00ed ne\u010distoty.<\/p>","protected":false},"featured_media":8060,"comment_status":"closed","ping_status":"closed","template":"","meta":[],"etheme_brands":[],"product_brand":[],"product_cat":[83,86],"product_tag":[],"class_list":{"0":"post-7184","1":"product","2":"type-product","3":"status-publish","4":"has-post-thumbnail","6":"product_cat-first-aid-and-care","7":"product_cat-patches-and-skin-barriers","9":"first","10":"outofstock","11":"shipping-taxable","12":"purchasable","13":"product-type-simple"},"aioseo_notices":[],"_links":{"self":[{"href":"https:\/\/dia24.eu\/cs\/wp-json\/wp\/v2\/product\/7184","targetHints":{"allow":["GET"]}}],"collection":[{"href":"https:\/\/dia24.eu\/cs\/wp-json\/wp\/v2\/product"}],"about":[{"href":"https:\/\/dia24.eu\/cs\/wp-json\/wp\/v2\/types\/product"}],"replies":[{"embeddable":true,"href":"https:\/\/dia24.eu\/cs\/wp-json\/wp\/v2\/comments?post=7184"}],"version-history":[{"count":1,"href":"https:\/\/dia24.eu\/cs\/wp-json\/wp\/v2\/product\/7184\/revisions"}],"predecessor-version":[{"id":7186,"href":"https:\/\/dia24.eu\/cs\/wp-json\/wp\/v2\/product\/7184\/revisions\/7186"}],"wp:featuredmedia":[{"embeddable":true,"href":"https:\/\/dia24.eu\/cs\/wp-json\/wp\/v2\/media\/8060"}],"wp:attachment":[{"href":"https:\/\/dia24.eu\/cs\/wp-json\/wp\/v2\/media?parent=7184"}],"wp:term":[{"taxonomy":"brand","embeddable":true,"href":"https:\/\/dia24.eu\/cs\/wp-json\/wp\/v2\/etheme_brands?post=7184"},{"taxonomy":"product_brand","embeddable":true,"href":"https:\/\/dia24.eu\/cs\/wp-json\/wp\/v2\/product_brand?post=7184"},{"taxonomy":"product_cat","embeddable":true,"href":"https:\/\/dia24.eu\/cs\/wp-json\/wp\/v2\/product_cat?post=7184"},{"taxonomy":"product_tag","embeddable":true,"href":"https:\/\/dia24.eu\/cs\/wp-json\/wp\/v2\/product_tag?post=7184"}],"curies":[{"name":"wp","href":"https:\/\/api.w.org\/{rel}","templated":true}]}}