{"id":7195,"date":"2023-02-08T16:52:21","date_gmt":"2023-02-08T14:52:21","guid":{"rendered":"https:\/\/dia24.eu\/?post_type=product&#038;p=7195"},"modified":"2025-04-02T23:26:53","modified_gmt":"2025-04-02T20:26:53","slug":"dexcom-one-cover-patches-n10","status":"publish","type":"product","link":"https:\/\/dia24.eu\/cs\/product\/dexcom-one-cover-patches-n10\/","title":{"rendered":"Kryc\u00ed n\u00e1plasti Dexcom ONE\/G6 N10"},"content":{"rendered":"<p>Kryc\u00ed n\u00e1plast Dexcom ONE kolem senzoru Dexcom ONE.<br \/>\nN\u00e1plast, kter\u00e1 se p\u0159ipev\u0148uje kolem senzoru Dexcom ONE a zvy\u0161uje odolnost p\u016fvodn\u00ed n\u00e1plasti. N\u00e1plast nezakr\u00fdv\u00e1 vys\u00edla\u010d, na n\u00e1plasti je pro to otvor.<br \/>\nBalen\u00ed obsahuje 10 z\u00e1plat.<\/p>","protected":false},"excerpt":{"rendered":"<p>Origin\u00e1ln\u00ed kryc\u00ed n\u00e1plasti Dexcom ONE.<\/p>","protected":false},"featured_media":8057,"comment_status":"closed","ping_status":"closed","template":"","meta":[],"etheme_brands":[{"term_id":91,"name":"Dexcom","slug":"dexcom","term_group":0,"term_taxonomy_id":91,"taxonomy":"brand","description":"Dexcom CGM","parent":0,"count":3,"filter":"raw"}],"product_brand":[],"product_cat":[80,79,78],"product_tag":[],"class_list":{"0":"post-7195","1":"product","2":"type-product","3":"status-publish","4":"has-post-thumbnail","6":"brand-dexcom","7":"product_cat-adhesive-patches","8":"product_cat-dexcom-one-cgm","9":"product_cat-glucose-sensors-cgm","11":"first","12":"outofstock","13":"shipping-taxable","14":"purchasable","15":"product-type-simple"},"aioseo_notices":[],"_links":{"self":[{"href":"https:\/\/dia24.eu\/cs\/wp-json\/wp\/v2\/product\/7195","targetHints":{"allow":["GET"]}}],"collection":[{"href":"https:\/\/dia24.eu\/cs\/wp-json\/wp\/v2\/product"}],"about":[{"href":"https:\/\/dia24.eu\/cs\/wp-json\/wp\/v2\/types\/product"}],"replies":[{"embeddable":true,"href":"https:\/\/dia24.eu\/cs\/wp-json\/wp\/v2\/comments?post=7195"}],"version-history":[{"count":2,"href":"https:\/\/dia24.eu\/cs\/wp-json\/wp\/v2\/product\/7195\/revisions"}],"predecessor-version":[{"id":7198,"href":"https:\/\/dia24.eu\/cs\/wp-json\/wp\/v2\/product\/7195\/revisions\/7198"}],"wp:featuredmedia":[{"embeddable":true,"href":"https:\/\/dia24.eu\/cs\/wp-json\/wp\/v2\/media\/8057"}],"wp:attachment":[{"href":"https:\/\/dia24.eu\/cs\/wp-json\/wp\/v2\/media?parent=7195"}],"wp:term":[{"taxonomy":"brand","embeddable":true,"href":"https:\/\/dia24.eu\/cs\/wp-json\/wp\/v2\/etheme_brands?post=7195"},{"taxonomy":"product_brand","embeddable":true,"href":"https:\/\/dia24.eu\/cs\/wp-json\/wp\/v2\/product_brand?post=7195"},{"taxonomy":"product_cat","embeddable":true,"href":"https:\/\/dia24.eu\/cs\/wp-json\/wp\/v2\/product_cat?post=7195"},{"taxonomy":"product_tag","embeddable":true,"href":"https:\/\/dia24.eu\/cs\/wp-json\/wp\/v2\/product_tag?post=7195"}],"curies":[{"name":"wp","href":"https:\/\/api.w.org\/{rel}","templated":true}]}}