{"id":7199,"date":"2023-02-08T18:06:50","date_gmt":"2023-02-08T16:06:50","guid":{"rendered":"https:\/\/dia24.eu\/?post_type=product&#038;p=7199"},"modified":"2025-09-10T11:35:33","modified_gmt":"2025-09-10T08:35:33","slug":"frio-individual-cold-wallet","status":"publish","type":"product","link":"https:\/\/dia24.eu\/cs\/product\/frio-individual-cold-wallet\/","title":{"rendered":"FRIO Individu\u00e1ln\u00ed pen\u011b\u017eenka za studena"},"content":{"rendered":"<p>Pen\u011b\u017eenka FRIO je odpa\u0159ovac\u00ed chladic\u00ed za\u0159\u00edzen\u00ed speci\u00e1ln\u011b navr\u017een\u00e9 tak, aby udr\u017eovalo inzulin v chladu v bezpe\u010dn\u00e9m teplotn\u00edm rozmez\u00ed 18-26 \u1d52C po dobu nejm\u00e9n\u011b 45 hodin, a to i v p\u0159\u00edpad\u011b, \u017ee je konstantn\u00ed pr\u016fm\u011brn\u00e1 teplota 37,8 \u1d52C.<\/p>\n<ul>\n<li>Uchov\u00e1v\u00e1 inzul\u00edn v chladu a bezpe\u010d\u00ed<\/li>\n<li>Izola\u010dn\u00ed vlastnosti pom\u00e1haj\u00ed chr\u00e1nit inzul\u00edn p\u0159ed chladem<\/li>\n<li>Aktivace vodou<\/li>\n<li>Nen\u00ed pot\u0159eba chlazen\u00ed ani led<\/li>\n<li>Lehk\u00e9 a kompaktn\u00ed<\/li>\n<li>Opakovan\u011b pou\u017eiteln\u00e9<\/li>\n<\/ul>\n<p><strong>Rozm\u011bry vnit\u0159n\u00ed pen\u011b\u017eenky:<\/strong><br \/>\n65 mm x 180 mm (2,5\u2033 x 7\u2033approx)<\/p>","protected":false},"excerpt":{"rendered":"<p>Ide\u00e1ln\u00ed pro p\u0159en\u00e1\u0161en\u00ed jednoho inzulinov\u00e9ho injek\u010dn\u00edho pera<\/p>","protected":false},"featured_media":7200,"comment_status":"closed","ping_status":"closed","template":"","meta":[],"etheme_brands":[],"product_brand":[],"product_cat":[88,90],"product_tag":[],"class_list":{"0":"post-7199","1":"product","2":"type-product","3":"status-publish","4":"has-post-thumbnail","6":"product_cat-accessories","7":"product_cat-cold-bags-for-insulin","9":"first","10":"outofstock","11":"shipping-taxable","12":"purchasable","13":"product-type-simple"},"aioseo_notices":[],"_links":{"self":[{"href":"https:\/\/dia24.eu\/cs\/wp-json\/wp\/v2\/product\/7199","targetHints":{"allow":["GET"]}}],"collection":[{"href":"https:\/\/dia24.eu\/cs\/wp-json\/wp\/v2\/product"}],"about":[{"href":"https:\/\/dia24.eu\/cs\/wp-json\/wp\/v2\/types\/product"}],"replies":[{"embeddable":true,"href":"https:\/\/dia24.eu\/cs\/wp-json\/wp\/v2\/comments?post=7199"}],"version-history":[{"count":4,"href":"https:\/\/dia24.eu\/cs\/wp-json\/wp\/v2\/product\/7199\/revisions"}],"predecessor-version":[{"id":8047,"href":"https:\/\/dia24.eu\/cs\/wp-json\/wp\/v2\/product\/7199\/revisions\/8047"}],"wp:featuredmedia":[{"embeddable":true,"href":"https:\/\/dia24.eu\/cs\/wp-json\/wp\/v2\/media\/7200"}],"wp:attachment":[{"href":"https:\/\/dia24.eu\/cs\/wp-json\/wp\/v2\/media?parent=7199"}],"wp:term":[{"taxonomy":"brand","embeddable":true,"href":"https:\/\/dia24.eu\/cs\/wp-json\/wp\/v2\/etheme_brands?post=7199"},{"taxonomy":"product_brand","embeddable":true,"href":"https:\/\/dia24.eu\/cs\/wp-json\/wp\/v2\/product_brand?post=7199"},{"taxonomy":"product_cat","embeddable":true,"href":"https:\/\/dia24.eu\/cs\/wp-json\/wp\/v2\/product_cat?post=7199"},{"taxonomy":"product_tag","embeddable":true,"href":"https:\/\/dia24.eu\/cs\/wp-json\/wp\/v2\/product_tag?post=7199"}],"curies":[{"name":"wp","href":"https:\/\/api.w.org\/{rel}","templated":true}]}}