{"id":7229,"date":"2023-02-08T18:29:15","date_gmt":"2023-02-08T16:29:15","guid":{"rendered":"https:\/\/dia24.eu\/?post_type=product&#038;p=7229"},"modified":"2024-04-30T02:31:41","modified_gmt":"2024-04-29T23:31:41","slug":"caresens-dual-for-the-measurement-of-%ce%b2-ketones","status":"publish","type":"product","link":"https:\/\/dia24.eu\/cs\/product\/caresens-dual-for-the-measurement-of-%ce%b2-ketones\/","title":{"rendered":"CareSens Dual pro m\u011b\u0159en\u00ed \u03b2-keton\u016f"},"content":{"rendered":"<p>M\u011b\u0159en\u00ed ketol\u00e1tek a gluk\u00f3zy v krvi je nyn\u00ed snadn\u00e9 a rychl\u00e9! CareSens Dual je mal\u00fd, automaticky podsv\u00edcen\u00fd, vysokokapacitn\u00ed glukometr pro m\u011b\u0159en\u00ed \u03b2-keton\u016f a gluk\u00f3zy v krvi. Nen\u00ed nutn\u00e9 \u017e\u00e1dn\u00e9 k\u00f3dov\u00e1n\u00ed ani nastavov\u00e1n\u00ed - test 100% je p\u0159ipraven.<\/p>\n<p>Glukometr CareSens Dual lze pou\u017e\u00edvat v kombinaci s testovac\u00edmi prou\u017eky na ketony KetoSens a testovac\u00edmi prou\u017eky na gluk\u00f3zu v krvi CareSens Pro.<\/p>\n<p>M\u011b\u0159en\u00ed keton\u016f je snadn\u00e9, proto\u017ee p\u0159\u00edstroj m\u00e1 mnoho v\u00fdhod:<\/p>\n<ul>\n<li>automatick\u00e9 podsv\u00edcen\u00ed LCD;<\/li>\n<li>vybaven vyhazova\u010dem testovac\u00edch prou\u017ek\u016f;<\/li>\n<li>1, 7, 14, 30, 90 dn\u00ed pr\u016fm\u011brn\u00fd \u00fadaj;<\/li>\n<li>Mobiln\u00ed aplikaci SmartLogTM lze st\u00e1hnout pro chytr\u00e9 telefony s opera\u010dn\u00edmi syst\u00e9my Android a iOS a ukl\u00e1dat data (<strong><a href=\"https:\/\/www.youtube.com\/watch?v=REewfDgRynI\">viz \u00favodn\u00ed video<\/a><\/strong>);<\/li>\n<li>Spolu s v\u00fdsledky test\u016f glukometr zaznamen\u00e1v\u00e1 tak\u00e9 okoln\u00ed teplotu.<\/li>\n<li>Mno\u017estv\u00ed krve pot\u0159ebn\u00e9 k anal\u00fdze: pouze 0,4 \u00b5l pro gluk\u00f3zu v krvi a 0,5 \u00b5l pro \u03b2-chel\u00e1tovou gluk\u00f3zu;<\/li>\n<li>doba anal\u00fdzy: gluk\u00f3za v krvi 5 sekund a \u03b2-ketony 8 sekund;<\/li>\n<li>pam\u011b\u0165: 1000 anal\u00fdz;<\/li>\n<li>Rozsah m\u011b\u0159en\u00ed: gluk\u00f3za v krvi 1,1-33,3 mmol\/l a \u03b2-ketony 0,1-8,0 mmol\/l;<\/li>\n<li>Krev k anal\u00fdze: \u010derstv\u00e1 celot\u011blov\u00e1 kapil\u00e1rn\u00ed krev\/\u010derstv\u00e1 \u017eiln\u00ed pln\u00e1 krev (pouze pro zdravotnick\u00e9 pracovn\u00edky);<\/li>\n<li>Pracuje s testovac\u00edmi prou\u017eky CareSens PRO a KetoSens.<\/li>\n<\/ul>\n<p><strong>Startovac\u00ed sada CareSens Dual obsahuje:<\/strong><\/p>\n<ul>\n<li>Glukometr CareSens Dual 1 kus,<\/li>\n<li>CareSens Pro testovac\u00ed prou\u017eky na gluk\u00f3zu v krvi 10 ks.<\/li>\n<li>Za\u0159\u00edzen\u00ed CareSens Pro Lancet 1 kus.<\/li>\n<li>Lancety CareSens Pro 10 ks.<\/li>\n<\/ul>","protected":false},"excerpt":{"rendered":"<p>M\u011b\u0159en\u00ed ketol\u00e1tek a gluk\u00f3zy v krvi je nyn\u00ed snadn\u00e9 a rychl\u00e9! CareSens Dual je mal\u00fd, automaticky podsv\u00edcen\u00fd, vysokokapacitn\u00ed glukometr pro m\u011b\u0159en\u00ed \u03b2-keton\u016f a gluk\u00f3zy v krvi. Nen\u00ed nutn\u00e9 \u017e\u00e1dn\u00e9 k\u00f3dov\u00e1n\u00ed ani nastavov\u00e1n\u00ed - test 100% je p\u0159ipraven. Glukometr CareSens Dual m\u016f\u017ee b\u00fdt...<\/p>","protected":false},"featured_media":7231,"comment_status":"closed","ping_status":"closed","template":"","meta":[],"etheme_brands":[],"product_brand":[],"product_cat":[88,96],"product_tag":[],"class_list":{"0":"post-7229","1":"product","2":"type-product","3":"status-publish","4":"has-post-thumbnail","6":"product_cat-accessories","7":"product_cat-blood-glucose-meters","9":"first","10":"outofstock","11":"shipping-taxable","12":"purchasable","13":"product-type-simple"},"aioseo_notices":[],"_links":{"self":[{"href":"https:\/\/dia24.eu\/cs\/wp-json\/wp\/v2\/product\/7229","targetHints":{"allow":["GET"]}}],"collection":[{"href":"https:\/\/dia24.eu\/cs\/wp-json\/wp\/v2\/product"}],"about":[{"href":"https:\/\/dia24.eu\/cs\/wp-json\/wp\/v2\/types\/product"}],"replies":[{"embeddable":true,"href":"https:\/\/dia24.eu\/cs\/wp-json\/wp\/v2\/comments?post=7229"}],"version-history":[{"count":1,"href":"https:\/\/dia24.eu\/cs\/wp-json\/wp\/v2\/product\/7229\/revisions"}],"predecessor-version":[{"id":7232,"href":"https:\/\/dia24.eu\/cs\/wp-json\/wp\/v2\/product\/7229\/revisions\/7232"}],"wp:featuredmedia":[{"embeddable":true,"href":"https:\/\/dia24.eu\/cs\/wp-json\/wp\/v2\/media\/7231"}],"wp:attachment":[{"href":"https:\/\/dia24.eu\/cs\/wp-json\/wp\/v2\/media?parent=7229"}],"wp:term":[{"taxonomy":"brand","embeddable":true,"href":"https:\/\/dia24.eu\/cs\/wp-json\/wp\/v2\/etheme_brands?post=7229"},{"taxonomy":"product_brand","embeddable":true,"href":"https:\/\/dia24.eu\/cs\/wp-json\/wp\/v2\/product_brand?post=7229"},{"taxonomy":"product_cat","embeddable":true,"href":"https:\/\/dia24.eu\/cs\/wp-json\/wp\/v2\/product_cat?post=7229"},{"taxonomy":"product_tag","embeddable":true,"href":"https:\/\/dia24.eu\/cs\/wp-json\/wp\/v2\/product_tag?post=7229"}],"curies":[{"name":"wp","href":"https:\/\/api.w.org\/{rel}","templated":true}]}}