{"id":7233,"date":"2023-02-08T18:37:04","date_gmt":"2023-02-08T16:37:04","guid":{"rendered":"https:\/\/dia24.eu\/?post_type=product&#038;p=7233"},"modified":"2023-05-21T01:55:58","modified_gmt":"2023-05-20T22:55:58","slug":"caresens-n-premier","status":"publish","type":"product","link":"https:\/\/dia24.eu\/cs\/product\/caresens-n-premier\/","title":{"rendered":"CareSens N Premier"},"content":{"rendered":"<p>CareSens N Premier je mal\u00fd, automaticky podsv\u00edcen\u00fd glukometr s velkou kapacitou pam\u011bti. Nen\u00ed nutn\u00e9 \u017e\u00e1dn\u00e9 k\u00f3dov\u00e1n\u00ed ani nastavov\u00e1n\u00ed - test 100% je p\u0159ipraven. Pracuje s testovac\u00edmi prou\u017eky CareSens N.<\/p>\n<ul>\n<li>Indik\u00e1tor hypoglyk\u00e9mie;<\/li>\n<li>glukometr je vybaven vyhazova\u010dem testovac\u00edch prou\u017ek\u016f;<\/li>\n<li>Rozsah m\u011b\u0159en\u00ed: 1,1-33,3 mmol\/l;<\/li>\n<li>4 nastaviteln\u00e9 alarmy (1 po j\u00eddle, 3 voln\u011b nastaviteln\u00e9);<\/li>\n<li>automatick\u00e9 podsv\u00edcen\u00ed LCD;<\/li>\n<li>alarm vypr\u0161en\u00ed platnosti testovac\u00edho prou\u017eku;<\/li>\n<li>Podpora Bluetooth pro odes\u00edl\u00e1n\u00ed v\u00fdsledk\u016f glykemie do chytr\u00e9ho telefonu. Mobiln\u00ed aplikaci SmartLogTM pro z\u00e1znam dat lze st\u00e1hnout pro chytr\u00e9 telefony se syst\u00e9mem Android i iOS (<strong><a href=\"https:\/\/www.youtube.com\/watch?v=REewfDgRynI\">viz \u00favodn\u00ed video<\/a><\/strong>);<\/li>\n<li>zaznamen\u00e1v\u00e1 okoln\u00ed teplotu spolu s v\u00fdsledky testu;<\/li>\n<li>Pr\u016fm\u011bry za 1, 7, 14, 30 a 90 dn\u00ed (celkem, p\u0159ed j\u00eddlem\/po j\u00eddle);<\/li>\n<li>objem krve pro anal\u00fdzu: 0,5 \u00b5l;<\/li>\n<li>Krev k anal\u00fdze: \u010derstv\u00e1 celot\u011blov\u00e1 kapil\u00e1rn\u00ed krev;<\/li>\n<li>doba m\u011b\u0159en\u00ed: 5 sekund;<\/li>\n<li>pam\u011b\u0165: 1000 anal\u00fdz;<\/li>\n<li>indikace po j\u00eddle, p\u0159ed j\u00eddlem, krev nala\u010dno a testovac\u00ed roztok;<\/li>\n<\/ul>\n<p>&nbsp;<\/p>","protected":false},"excerpt":{"rendered":"<p>CareSens N Premier je mal\u00fd, automaticky podsv\u00edcen\u00fd glukometr s velkou kapacitou pam\u011bti.<\/p>","protected":false},"featured_media":7234,"comment_status":"closed","ping_status":"closed","template":"","meta":[],"etheme_brands":[],"product_brand":[],"product_cat":[88,96],"product_tag":[],"class_list":{"0":"post-7233","1":"product","2":"type-product","3":"status-publish","4":"has-post-thumbnail","6":"product_cat-accessories","7":"product_cat-blood-glucose-meters","9":"first","10":"outofstock","11":"shipping-taxable","12":"purchasable","13":"product-type-simple"},"aioseo_notices":[],"_links":{"self":[{"href":"https:\/\/dia24.eu\/cs\/wp-json\/wp\/v2\/product\/7233","targetHints":{"allow":["GET"]}}],"collection":[{"href":"https:\/\/dia24.eu\/cs\/wp-json\/wp\/v2\/product"}],"about":[{"href":"https:\/\/dia24.eu\/cs\/wp-json\/wp\/v2\/types\/product"}],"replies":[{"embeddable":true,"href":"https:\/\/dia24.eu\/cs\/wp-json\/wp\/v2\/comments?post=7233"}],"version-history":[{"count":1,"href":"https:\/\/dia24.eu\/cs\/wp-json\/wp\/v2\/product\/7233\/revisions"}],"predecessor-version":[{"id":7235,"href":"https:\/\/dia24.eu\/cs\/wp-json\/wp\/v2\/product\/7233\/revisions\/7235"}],"wp:featuredmedia":[{"embeddable":true,"href":"https:\/\/dia24.eu\/cs\/wp-json\/wp\/v2\/media\/7234"}],"wp:attachment":[{"href":"https:\/\/dia24.eu\/cs\/wp-json\/wp\/v2\/media?parent=7233"}],"wp:term":[{"taxonomy":"brand","embeddable":true,"href":"https:\/\/dia24.eu\/cs\/wp-json\/wp\/v2\/etheme_brands?post=7233"},{"taxonomy":"product_brand","embeddable":true,"href":"https:\/\/dia24.eu\/cs\/wp-json\/wp\/v2\/product_brand?post=7233"},{"taxonomy":"product_cat","embeddable":true,"href":"https:\/\/dia24.eu\/cs\/wp-json\/wp\/v2\/product_cat?post=7233"},{"taxonomy":"product_tag","embeddable":true,"href":"https:\/\/dia24.eu\/cs\/wp-json\/wp\/v2\/product_tag?post=7233"}],"curies":[{"name":"wp","href":"https:\/\/api.w.org\/{rel}","templated":true}]}}