{"id":7239,"date":"2023-02-08T18:45:07","date_gmt":"2023-02-08T16:45:07","guid":{"rendered":"https:\/\/dia24.eu\/?post_type=product&#038;p=7239"},"modified":"2024-07-29T20:04:56","modified_gmt":"2024-07-29T17:04:56","slug":"caresens-pro-blood-glucose-test-strips-n50","status":"publish","type":"product","link":"https:\/\/dia24.eu\/cs\/product\/caresens-pro-blood-glucose-test-strips-n50\/","title":{"rendered":"Testovac\u00ed prou\u017eky CareSens Pro na glyk\u00e9mii N50"},"content":{"rendered":"<p>Testovac\u00ed prou\u017eky glukometru CareSens PRO jsou bez k\u00f3du a jsou aspira\u010dn\u00edho typu (samy nasaj\u00ed dostate\u010dn\u00e9 mno\u017estv\u00ed krve). Krabi\u010dka obsahuje 50 testovac\u00edch prou\u017ek\u016f.<\/p>\n<p>Pro testov\u00e1n\u00ed je zapot\u0159eb\u00ed pouze velmi mal\u00e9 mno\u017estv\u00ed krve - 0,4 \u03bcl - a v\u00fdsledek trv\u00e1 pouh\u00fdch 5 sekund.<br \/>\nTestovac\u00ed prou\u017eky maj\u00ed tak\u00e9 speci\u00e1ln\u00ed kontroln\u00ed ok\u00e9nko pro kontrolu, zda je na prou\u017eku dostatek krve.<\/p>","protected":false},"excerpt":{"rendered":"<p>Testovac\u00ed prou\u017eky pro glukometr CareSens PRO jsou ur\u010deny pro pou\u017eit\u00ed s glukometrem CareSens Dual.<\/p>","protected":false},"featured_media":7240,"comment_status":"closed","ping_status":"closed","template":"","meta":[],"etheme_brands":[],"product_brand":[],"product_cat":[88,96],"product_tag":[],"class_list":{"0":"post-7239","1":"product","2":"type-product","3":"status-publish","4":"has-post-thumbnail","6":"product_cat-accessories","7":"product_cat-blood-glucose-meters","9":"first","10":"outofstock","11":"shipping-taxable","12":"purchasable","13":"product-type-simple"},"aioseo_notices":[],"_links":{"self":[{"href":"https:\/\/dia24.eu\/cs\/wp-json\/wp\/v2\/product\/7239","targetHints":{"allow":["GET"]}}],"collection":[{"href":"https:\/\/dia24.eu\/cs\/wp-json\/wp\/v2\/product"}],"about":[{"href":"https:\/\/dia24.eu\/cs\/wp-json\/wp\/v2\/types\/product"}],"replies":[{"embeddable":true,"href":"https:\/\/dia24.eu\/cs\/wp-json\/wp\/v2\/comments?post=7239"}],"version-history":[{"count":1,"href":"https:\/\/dia24.eu\/cs\/wp-json\/wp\/v2\/product\/7239\/revisions"}],"predecessor-version":[{"id":7242,"href":"https:\/\/dia24.eu\/cs\/wp-json\/wp\/v2\/product\/7239\/revisions\/7242"}],"wp:featuredmedia":[{"embeddable":true,"href":"https:\/\/dia24.eu\/cs\/wp-json\/wp\/v2\/media\/7240"}],"wp:attachment":[{"href":"https:\/\/dia24.eu\/cs\/wp-json\/wp\/v2\/media?parent=7239"}],"wp:term":[{"taxonomy":"brand","embeddable":true,"href":"https:\/\/dia24.eu\/cs\/wp-json\/wp\/v2\/etheme_brands?post=7239"},{"taxonomy":"product_brand","embeddable":true,"href":"https:\/\/dia24.eu\/cs\/wp-json\/wp\/v2\/product_brand?post=7239"},{"taxonomy":"product_cat","embeddable":true,"href":"https:\/\/dia24.eu\/cs\/wp-json\/wp\/v2\/product_cat?post=7239"},{"taxonomy":"product_tag","embeddable":true,"href":"https:\/\/dia24.eu\/cs\/wp-json\/wp\/v2\/product_tag?post=7239"}],"curies":[{"name":"wp","href":"https:\/\/api.w.org\/{rel}","templated":true}]}}