{"id":7243,"date":"2023-02-08T18:52:15","date_gmt":"2023-02-08T16:52:15","guid":{"rendered":"https:\/\/dia24.eu\/?post_type=product&#038;p=7243"},"modified":"2025-05-29T18:48:36","modified_gmt":"2025-05-29T15:48:36","slug":"ketosens-blood-%ce%b2-ketone-test-strips-n10","status":"publish","type":"product","link":"https:\/\/dia24.eu\/cs\/product\/ketosens-blood-%ce%b2-ketone-test-strips-n10\/","title":{"rendered":"Testovac\u00ed prou\u017eky na \u03b2-keton v krvi KetoSens N10"},"content":{"rendered":"<p>Testovac\u00ed prou\u017eky na \u03b2-keton v krvi KetoSens jsou ur\u010deny k pou\u017eit\u00ed s p\u0159\u00edstrojem. <strong><a href=\"https:\/\/dia24.eu\/cs\/product\/caresens-dual-for-the-measurement-of-%ce%b2-ketones\/\">Glukometr CareSens Dual<\/a><\/strong>.<br \/>\nTestovac\u00ed prou\u017eky KetoSens umo\u017e\u0148uj\u00ed rychl\u00e9 a snadn\u00e9 m\u011b\u0159en\u00ed hladiny \u03b2-ketonu v krvi. Sta\u010d\u00ed mal\u00e9 mno\u017estv\u00ed vzorku krve a v\u00fdsledky se dozv\u00edte b\u011bhem 8 sekund.<\/p>\n<p>Testovac\u00ed prou\u017eky KetoSens jsou bez k\u00f3du a jsou aspira\u010dn\u00edho typu (samy nasaj\u00ed dostate\u010dn\u00e9 mno\u017estv\u00ed krve).<\/p>\n<p>Na str\u00e1nk\u00e1ch <strong>krabi\u010dka obsahuje 10 testovac\u00edch prou\u017ek\u016f<\/strong>, jednotliv\u011b zabalen\u00e9 ve f\u00f3lii.<\/p>\n<p>Pouze pro pou\u017eit\u00ed s <strong><a href=\"https:\/\/dia24.eu\/cs\/product\/caresens-dual-for-the-measurement-of-%ce%b2-ketones\/\">CareSens Dual<\/a><\/strong> m\u011b\u0159ic\u00ed za\u0159\u00edzen\u00ed.<\/p>","protected":false},"excerpt":{"rendered":"<p>Testovac\u00ed prou\u017eky KetoSens na \u03b2-keton v krvi jsou ur\u010deny pro pou\u017eit\u00ed s du\u00e1ln\u00edm glukometrem CareSens.<\/p>","protected":false},"featured_media":7244,"comment_status":"closed","ping_status":"closed","template":"","meta":[],"etheme_brands":[],"product_brand":[],"product_cat":[88,96],"product_tag":[],"class_list":{"0":"post-7243","1":"product","2":"type-product","3":"status-publish","4":"has-post-thumbnail","6":"product_cat-accessories","7":"product_cat-blood-glucose-meters","9":"first","10":"instock","11":"shipping-taxable","12":"purchasable","13":"product-type-simple"},"aioseo_notices":[],"_links":{"self":[{"href":"https:\/\/dia24.eu\/cs\/wp-json\/wp\/v2\/product\/7243","targetHints":{"allow":["GET"]}}],"collection":[{"href":"https:\/\/dia24.eu\/cs\/wp-json\/wp\/v2\/product"}],"about":[{"href":"https:\/\/dia24.eu\/cs\/wp-json\/wp\/v2\/types\/product"}],"replies":[{"embeddable":true,"href":"https:\/\/dia24.eu\/cs\/wp-json\/wp\/v2\/comments?post=7243"}],"version-history":[{"count":1,"href":"https:\/\/dia24.eu\/cs\/wp-json\/wp\/v2\/product\/7243\/revisions"}],"predecessor-version":[{"id":7245,"href":"https:\/\/dia24.eu\/cs\/wp-json\/wp\/v2\/product\/7243\/revisions\/7245"}],"wp:featuredmedia":[{"embeddable":true,"href":"https:\/\/dia24.eu\/cs\/wp-json\/wp\/v2\/media\/7244"}],"wp:attachment":[{"href":"https:\/\/dia24.eu\/cs\/wp-json\/wp\/v2\/media?parent=7243"}],"wp:term":[{"taxonomy":"brand","embeddable":true,"href":"https:\/\/dia24.eu\/cs\/wp-json\/wp\/v2\/etheme_brands?post=7243"},{"taxonomy":"product_brand","embeddable":true,"href":"https:\/\/dia24.eu\/cs\/wp-json\/wp\/v2\/product_brand?post=7243"},{"taxonomy":"product_cat","embeddable":true,"href":"https:\/\/dia24.eu\/cs\/wp-json\/wp\/v2\/product_cat?post=7243"},{"taxonomy":"product_tag","embeddable":true,"href":"https:\/\/dia24.eu\/cs\/wp-json\/wp\/v2\/product_tag?post=7243"}],"curies":[{"name":"wp","href":"https:\/\/api.w.org\/{rel}","templated":true}]}}