{"id":7260,"date":"2023-02-08T19:14:45","date_gmt":"2023-02-08T17:14:45","guid":{"rendered":"https:\/\/dia24.eu\/?post_type=product&#038;p=7260"},"modified":"2024-11-23T14:54:55","modified_gmt":"2024-11-23T12:54:55","slug":"clickfine-diamondtip-31g-5mm-n100","status":"publish","type":"product","link":"https:\/\/dia24.eu\/cs\/product\/clickfine-diamondtip-31g-5mm-n100\/","title":{"rendered":"Clickfine DiamondTip 31G 5mm N100"},"content":{"rendered":"<p><strong>Zcela nov\u00e1 technologie zalo\u017een\u00e1 na 6\u00faheln\u00edkov\u00e9m hrotu jehly pro hlad\u0161\u00ed jehlu injek\u010dn\u00edho pera, d\u00edky kter\u00e9 je injekce pohodln\u011bj\u0161\u00ed, rychlej\u0161\u00ed a \u010dasto bezbolestn\u00e1!<\/strong><\/p>\n<ul>\n<li>6\u00faheln\u00edkov\u00fd hrot jehly pro hlad\u0161\u00ed vst\u0159ikov\u00e1n\u00ed<\/li>\n<li>Tenk\u00e9 st\u011bny kanyly pro rychlej\u0161\u00ed pr\u016ftok<\/li>\n<li>Speci\u00e1ln\u00ed silikonov\u00e1 povrchov\u00e1 \u00faprava napom\u00e1h\u00e1 hlad\u0161\u00edmu skluzu jehly.<\/li>\n<li>Technologie Click pro snadn\u00e9 a bezpe\u010dn\u00e9 uchycen\u00ed<\/li>\n<li>Kompatibiln\u00ed se v\u0161emi hlavn\u00edmi zna\u010dkami tu\u017eek a k dispozici v d\u00e9lk\u00e1ch 4, 5, 6 a 8 mm.<\/li>\n<li>Navr\u017eeno a vyrobeno ve \u0160v\u00fdcarsku.<\/li>\n<\/ul>","protected":false},"excerpt":{"rendered":"<p>Inzul\u00ednov\u00e1 jehla se \u0161esti \u0161ikm\u00fdmi hroty zalo\u017een\u00e1 na zcela nov\u00e9 technologii, d\u00edky n\u00ed\u017e je injekce pohodln\u011bj\u0161\u00ed, rychlej\u0161\u00ed a \u010dasto i bezbolestn\u00e1! Pohodln\u00e9 zav\u00e1d\u011bn\u00ed pouh\u00fdm jedn\u00edm kliknut\u00edm. Vyrobeno ve \u0160v\u00fdcarsku.<\/p>","protected":false},"featured_media":7261,"comment_status":"closed","ping_status":"closed","template":"","meta":[],"etheme_brands":[],"product_brand":[],"product_cat":[88,97],"product_tag":[],"class_list":{"0":"post-7260","1":"product","2":"type-product","3":"status-publish","4":"has-post-thumbnail","6":"product_cat-accessories","7":"product_cat-insulin-pen-needles","9":"first","10":"instock","11":"shipping-taxable","12":"purchasable","13":"product-type-simple"},"aioseo_notices":[],"_links":{"self":[{"href":"https:\/\/dia24.eu\/cs\/wp-json\/wp\/v2\/product\/7260","targetHints":{"allow":["GET"]}}],"collection":[{"href":"https:\/\/dia24.eu\/cs\/wp-json\/wp\/v2\/product"}],"about":[{"href":"https:\/\/dia24.eu\/cs\/wp-json\/wp\/v2\/types\/product"}],"replies":[{"embeddable":true,"href":"https:\/\/dia24.eu\/cs\/wp-json\/wp\/v2\/comments?post=7260"}],"version-history":[{"count":1,"href":"https:\/\/dia24.eu\/cs\/wp-json\/wp\/v2\/product\/7260\/revisions"}],"predecessor-version":[{"id":7263,"href":"https:\/\/dia24.eu\/cs\/wp-json\/wp\/v2\/product\/7260\/revisions\/7263"}],"wp:featuredmedia":[{"embeddable":true,"href":"https:\/\/dia24.eu\/cs\/wp-json\/wp\/v2\/media\/7261"}],"wp:attachment":[{"href":"https:\/\/dia24.eu\/cs\/wp-json\/wp\/v2\/media?parent=7260"}],"wp:term":[{"taxonomy":"brand","embeddable":true,"href":"https:\/\/dia24.eu\/cs\/wp-json\/wp\/v2\/etheme_brands?post=7260"},{"taxonomy":"product_brand","embeddable":true,"href":"https:\/\/dia24.eu\/cs\/wp-json\/wp\/v2\/product_brand?post=7260"},{"taxonomy":"product_cat","embeddable":true,"href":"https:\/\/dia24.eu\/cs\/wp-json\/wp\/v2\/product_cat?post=7260"},{"taxonomy":"product_tag","embeddable":true,"href":"https:\/\/dia24.eu\/cs\/wp-json\/wp\/v2\/product_tag?post=7260"}],"curies":[{"name":"wp","href":"https:\/\/api.w.org\/{rel}","templated":true}]}}