{"id":7273,"date":"2023-02-08T20:02:08","date_gmt":"2023-02-08T18:02:08","guid":{"rendered":"https:\/\/dia24.eu\/?post_type=product&#038;p=7273"},"modified":"2025-08-14T12:16:17","modified_gmt":"2025-08-14T09:16:17","slug":"soft-zellin-c-skin-cleansing-pads-n100","status":"publish","type":"product","link":"https:\/\/dia24.eu\/cs\/product\/soft-zellin-c-skin-cleansing-pads-n100\/","title":{"rendered":"Soft-Zellin-C pol\u0161t\u00e1\u0159ky na \u010di\u0161t\u011bn\u00ed pleti N100"},"content":{"rendered":"<p>Soft-Zellin-C pro rychl\u00e9 \u010di\u0161t\u011bn\u00ed pleti<\/p>\n<p>Jednotliv\u011b balen\u00e9 pol\u0161t\u00e1\u0159ky na \u010di\u0161t\u011bn\u00ed pleti. Navlh\u010den\u00e9 0,4 ml isopropylalkoholu (70%). Ur\u010deno k rychl\u00e9mu \u010di\u0161t\u011bn\u00ed poko\u017eky, nap\u0159. p\u0159ed injekcemi.<\/p>","protected":false},"excerpt":{"rendered":"<p>Pol\u0161t\u00e1\u0159ky na \u010di\u0161t\u011bn\u00ed pleti<\/p>","protected":false},"featured_media":7274,"comment_status":"closed","ping_status":"closed","template":"","meta":[],"etheme_brands":[],"product_brand":[],"product_cat":[83,85],"product_tag":[],"class_list":{"0":"post-7273","1":"product","2":"type-product","3":"status-publish","4":"has-post-thumbnail","6":"product_cat-first-aid-and-care","7":"product_cat-antiseptics","9":"first","10":"instock","11":"shipping-taxable","12":"purchasable","13":"product-type-simple"},"aioseo_notices":[],"_links":{"self":[{"href":"https:\/\/dia24.eu\/cs\/wp-json\/wp\/v2\/product\/7273","targetHints":{"allow":["GET"]}}],"collection":[{"href":"https:\/\/dia24.eu\/cs\/wp-json\/wp\/v2\/product"}],"about":[{"href":"https:\/\/dia24.eu\/cs\/wp-json\/wp\/v2\/types\/product"}],"replies":[{"embeddable":true,"href":"https:\/\/dia24.eu\/cs\/wp-json\/wp\/v2\/comments?post=7273"}],"version-history":[{"count":1,"href":"https:\/\/dia24.eu\/cs\/wp-json\/wp\/v2\/product\/7273\/revisions"}],"predecessor-version":[{"id":7275,"href":"https:\/\/dia24.eu\/cs\/wp-json\/wp\/v2\/product\/7273\/revisions\/7275"}],"wp:featuredmedia":[{"embeddable":true,"href":"https:\/\/dia24.eu\/cs\/wp-json\/wp\/v2\/media\/7274"}],"wp:attachment":[{"href":"https:\/\/dia24.eu\/cs\/wp-json\/wp\/v2\/media?parent=7273"}],"wp:term":[{"taxonomy":"brand","embeddable":true,"href":"https:\/\/dia24.eu\/cs\/wp-json\/wp\/v2\/etheme_brands?post=7273"},{"taxonomy":"product_brand","embeddable":true,"href":"https:\/\/dia24.eu\/cs\/wp-json\/wp\/v2\/product_brand?post=7273"},{"taxonomy":"product_cat","embeddable":true,"href":"https:\/\/dia24.eu\/cs\/wp-json\/wp\/v2\/product_cat?post=7273"},{"taxonomy":"product_tag","embeddable":true,"href":"https:\/\/dia24.eu\/cs\/wp-json\/wp\/v2\/product_tag?post=7273"}],"curies":[{"name":"wp","href":"https:\/\/api.w.org\/{rel}","templated":true}]}}