{"id":7276,"date":"2023-02-08T20:07:06","date_gmt":"2023-02-08T18:07:06","guid":{"rendered":"https:\/\/dia24.eu\/?post_type=product&#038;p=7276"},"modified":"2024-07-29T20:03:43","modified_gmt":"2024-07-29T17:03:43","slug":"cutasept-f-skin-disinfection-spray","status":"publish","type":"product","link":"https:\/\/dia24.eu\/cs\/product\/cutasept-f-skin-disinfection-spray\/","title":{"rendered":"Cutasept F Sprej na dezinfekci k\u016f\u017ee"},"content":{"rendered":"<p>Ko\u017en\u00ed antiseptikum pro pou\u017eit\u00ed p\u0159ed injekcemi, punkcemi a chirurgick\u00fdmi z\u00e1kroky, s rychl\u00fdm a \u0161irok\u00fdm \u00fa\u010dinkem.<\/p>\n<p>Mikrobiologick\u00e9: baktericidn\u00ed, antiinfek\u010dn\u00ed, antituberkulotick\u00fd, virucidn\u00ed, virucidn\u00ed proti obalen\u00fdm vir\u016fm.<\/p>\n<p>Oblast pou\u017eit\u00ed:<br \/>\nCutasept F se doporu\u010duje pou\u017e\u00edvat:k antisepsi k\u016f\u017ee p\u0159ed injekcemi, punkcemi a chirurgick\u00fdmi z\u00e1kroky, v nemocnic\u00edch, l\u00e9ka\u0159sk\u00fdch ordinac\u00edch, geriatrii a p\u0159i dom\u00e1c\u00ed dial\u00fdze. Lid\u00e9 s diabetem p\u0159ed vy\u0161et\u0159en\u00edm hladiny gluk\u00f3zy v krvi nebo p\u0159ed injekcemi inzul\u00ednu.<\/p>\n<p><strong>\u00da\u010dinn\u00e9 l\u00e1tky a jejich koncentrace<\/strong><br \/>\n\u00da\u010dinn\u00e9 l\u00e1tky na 100 g roztoku:<\/p>\n<ul>\n<li>Propan-2-ol\/izopropanol 63g<\/li>\n<li>Kvartern\u00ed amoniov\u00e1 s\u016fl, benzyl C12-18 alkyl dimethylchlorid 0,025g<\/li>\n<\/ul>\n<p>Objemov\u00e9 procento obsahu ethanolu (% obj.): 72%<\/p>","protected":false},"excerpt":{"rendered":"<p>Bezbarv\u00fd dezinfek\u010dn\u00ed p\u0159\u00edpravek \u0161etrn\u00fd k poko\u017ece.<\/p>","protected":false},"featured_media":8056,"comment_status":"closed","ping_status":"closed","template":"","meta":[],"etheme_brands":[],"product_brand":[],"product_cat":[83,85],"product_tag":[],"class_list":{"0":"post-7276","1":"product","2":"type-product","3":"status-publish","4":"has-post-thumbnail","6":"product_cat-first-aid-and-care","7":"product_cat-antiseptics","9":"first","10":"outofstock","11":"shipping-taxable","12":"purchasable","13":"product-type-simple"},"aioseo_notices":[],"_links":{"self":[{"href":"https:\/\/dia24.eu\/cs\/wp-json\/wp\/v2\/product\/7276","targetHints":{"allow":["GET"]}}],"collection":[{"href":"https:\/\/dia24.eu\/cs\/wp-json\/wp\/v2\/product"}],"about":[{"href":"https:\/\/dia24.eu\/cs\/wp-json\/wp\/v2\/types\/product"}],"replies":[{"embeddable":true,"href":"https:\/\/dia24.eu\/cs\/wp-json\/wp\/v2\/comments?post=7276"}],"version-history":[{"count":1,"href":"https:\/\/dia24.eu\/cs\/wp-json\/wp\/v2\/product\/7276\/revisions"}],"predecessor-version":[{"id":7278,"href":"https:\/\/dia24.eu\/cs\/wp-json\/wp\/v2\/product\/7276\/revisions\/7278"}],"wp:featuredmedia":[{"embeddable":true,"href":"https:\/\/dia24.eu\/cs\/wp-json\/wp\/v2\/media\/8056"}],"wp:attachment":[{"href":"https:\/\/dia24.eu\/cs\/wp-json\/wp\/v2\/media?parent=7276"}],"wp:term":[{"taxonomy":"brand","embeddable":true,"href":"https:\/\/dia24.eu\/cs\/wp-json\/wp\/v2\/etheme_brands?post=7276"},{"taxonomy":"product_brand","embeddable":true,"href":"https:\/\/dia24.eu\/cs\/wp-json\/wp\/v2\/product_brand?post=7276"},{"taxonomy":"product_cat","embeddable":true,"href":"https:\/\/dia24.eu\/cs\/wp-json\/wp\/v2\/product_cat?post=7276"},{"taxonomy":"product_tag","embeddable":true,"href":"https:\/\/dia24.eu\/cs\/wp-json\/wp\/v2\/product_tag?post=7276"}],"curies":[{"name":"wp","href":"https:\/\/api.w.org\/{rel}","templated":true}]}}