{"id":7279,"date":"2023-02-08T20:20:02","date_gmt":"2023-02-08T18:20:02","guid":{"rendered":"https:\/\/dia24.eu\/?post_type=product&#038;p=7279"},"modified":"2024-11-23T14:53:16","modified_gmt":"2024-11-23T12:53:16","slug":"limisanpro-medical-adhesive-remover-50ml","status":"publish","type":"product","link":"https:\/\/dia24.eu\/cs\/product\/limisanpro-medical-adhesive-remover-50ml\/","title":{"rendered":"LimisanPRO Odstra\u0148ova\u010d l\u00e9ka\u0159sk\u00fdch lepidel 50ml"},"content":{"rendered":"<p>Limisan je p\u0159\u00edpravek, kter\u00fd lze pou\u017e\u00edt k odstran\u011bn\u00ed r\u016fzn\u00fdch typ\u016f skvrn. Je navr\u017een tak, aby odstra\u0148ov\u00e1n\u00ed v\u0161ech typ\u016f n\u00e1plast\u00ed (v\u010detn\u011b lepic\u00edch p\u00e1sek, obvaz\u016f a zdravotn\u00edch n\u00e1plast\u00ed) bylo snadn\u00e9, bezbolestn\u00e9 a netraumatick\u00e9.<\/p>\n<p>Tento p\u0159\u00edpravek \u0161etrn\u00fd k poko\u017ece m\u016f\u017ee p\u0159isp\u011bt k hojen\u00ed ran t\u00edm, \u017ee sni\u017euje po\u0161kozen\u00ed poko\u017eky a oblasti r\u00e1ny zp\u016fsoben\u00e9 odstra\u0148ov\u00e1n\u00edm n\u00e1plast\u00ed a obvaz\u016f bez Limisanu.<br \/>\nLimisan je sprej, kter\u00fd se snadno pou\u017e\u00edv\u00e1 a funguje okam\u017eit\u011b.<\/p>\n<ul>\n<li>Sprej lze pou\u017e\u00edt i obr\u00e1cen\u011b.<\/li>\n<li>Limisan je velmi \u0161etrn\u00fd k poko\u017ece a ne\u0161t\u00edpe!<\/li>\n<li>Limisan na k\u016f\u017ei velmi rychle zasych\u00e1, a proto p\u0159i aplikaci neovliv\u0148uje p\u0159ilnavost nov\u00e9 n\u00e1plasti.<\/li>\n<\/ul>","protected":false},"excerpt":{"rendered":"<p>Odstra\u0148ova\u010d lepidla \u0161etrn\u00fd k poko\u017ece<\/p>","protected":false},"featured_media":8055,"comment_status":"closed","ping_status":"closed","template":"","meta":[],"etheme_brands":[],"product_brand":[],"product_cat":[78,81],"product_tag":[],"class_list":{"0":"post-7279","1":"product","2":"type-product","3":"status-publish","4":"has-post-thumbnail","6":"product_cat-glucose-sensors-cgm","7":"product_cat-adhesive-removers","9":"first","10":"instock","11":"shipping-taxable","12":"purchasable","13":"product-type-simple"},"aioseo_notices":[],"_links":{"self":[{"href":"https:\/\/dia24.eu\/cs\/wp-json\/wp\/v2\/product\/7279","targetHints":{"allow":["GET"]}}],"collection":[{"href":"https:\/\/dia24.eu\/cs\/wp-json\/wp\/v2\/product"}],"about":[{"href":"https:\/\/dia24.eu\/cs\/wp-json\/wp\/v2\/types\/product"}],"replies":[{"embeddable":true,"href":"https:\/\/dia24.eu\/cs\/wp-json\/wp\/v2\/comments?post=7279"}],"version-history":[{"count":1,"href":"https:\/\/dia24.eu\/cs\/wp-json\/wp\/v2\/product\/7279\/revisions"}],"predecessor-version":[{"id":7281,"href":"https:\/\/dia24.eu\/cs\/wp-json\/wp\/v2\/product\/7279\/revisions\/7281"}],"wp:featuredmedia":[{"embeddable":true,"href":"https:\/\/dia24.eu\/cs\/wp-json\/wp\/v2\/media\/8055"}],"wp:attachment":[{"href":"https:\/\/dia24.eu\/cs\/wp-json\/wp\/v2\/media?parent=7279"}],"wp:term":[{"taxonomy":"brand","embeddable":true,"href":"https:\/\/dia24.eu\/cs\/wp-json\/wp\/v2\/etheme_brands?post=7279"},{"taxonomy":"product_brand","embeddable":true,"href":"https:\/\/dia24.eu\/cs\/wp-json\/wp\/v2\/product_brand?post=7279"},{"taxonomy":"product_cat","embeddable":true,"href":"https:\/\/dia24.eu\/cs\/wp-json\/wp\/v2\/product_cat?post=7279"},{"taxonomy":"product_tag","embeddable":true,"href":"https:\/\/dia24.eu\/cs\/wp-json\/wp\/v2\/product_tag?post=7279"}],"curies":[{"name":"wp","href":"https:\/\/api.w.org\/{rel}","templated":true}]}}