{"id":7285,"date":"2023-02-08T20:35:58","date_gmt":"2023-02-08T18:35:58","guid":{"rendered":"https:\/\/dia24.eu\/?post_type=product&#038;p=7285"},"modified":"2026-02-09T02:44:40","modified_gmt":"2026-02-09T00:44:40","slug":"novopen-echo-plus-smart-insulin-pen-nfc-xdrip-memory","status":"publish","type":"product","link":"https:\/\/dia24.eu\/cs\/product\/novopen-echo-plus-smart-insulin-pen-nfc-xdrip-memory\/","title":{"rendered":"Chytr\u00e9 inzul\u00ednov\u00e9 pero Novopen Echo Plus [NFC, xDrip+, pam\u011b\u0165]"},"content":{"rendered":"<p>NovoPen Echo\u00ae Plus je opakovan\u011b pou\u017eiteln\u00fd injek\u010dn\u00ed p\u0159\u00edstroj ur\u010den\u00fd k individu\u00e1ln\u00edmu pou\u017eit\u00ed diabetick\u00fdm pacientem, kter\u00fd si s\u00e1m aplikuje inzulin. Injek\u010dn\u00ed za\u0159\u00edzen\u00ed lze pou\u017e\u00edvat s p\u00edstov\u00fdmi inzulinov\u00fdmi lahvi\u010dkami Novo Nordisk a jednor\u00e1zov\u00fdmi jehlami (dod\u00e1vaj\u00ed se samostatn\u011b).<\/p>\n<p>U\u017eivatel m\u016f\u017ee na injek\u010dn\u00edm za\u0159\u00edzen\u00ed zvolit d\u00e1vku inzul\u00ednu s p\u0159esnost\u00ed na p\u016fl jednotky v rozmez\u00ed 0,5 a\u017e 30 jednotek.<\/p>\n<p>Injektor m\u00e1 elektronickou pam\u011b\u0165, kter\u00e1 zobrazuje a pom\u00e1h\u00e1 zapamatovat si po\u010det naposledy podan\u00fdch jednotek a \u010das pod\u00e1n\u00ed. Pam\u011b\u0165 pom\u00e1h\u00e1 zabr\u00e1nit opomenut\u00ed a dvoj\u00edmu pod\u00e1n\u00ed.<br \/>\nNovinkou je kompatibilita injektoru s datovou komunikac\u00ed se za\u0159\u00edzen\u00edmi podporuj\u00edc\u00edmi komunikaci v bl\u00edzk\u00e9m poli (NFC). To umo\u017e\u0148uje p\u0159en\u00e1\u0161et z injektoru \u00fadaje o \u010dasech injekc\u00ed a vst\u0159\u00edknut\u00fdch objemech za posledn\u00ed t\u0159i m\u011bs\u00edce do telefonu, po\u010d\u00edta\u010de apod., co\u017e umo\u017e\u0148uje nap\u0159\u00edklad l\u00e9ka\u0159i porovnat \u00fadaje o aplikaci inzulinu s \u00fadaji o glyk\u00e9mii a upravit tak l\u00e9\u010dbu. V podstat\u011b se jedn\u00e1 o osobn\u00ed z\u00e1znam injekc\u00ed pacienta. Umo\u017e\u0148uje tak\u00e9 rodi\u010d\u016fm sledovat, zda a kolik inzulinu si d\u00edt\u011b s diabetem vzalo. \u00dadaje jsou ve snadno zpracovateln\u00e9m form\u00e1tu a jsou kompatibiln\u00ed s \u00fadaji ze senzor\u016f a glukometr\u016f. Pro sta\u017een\u00ed dat je t\u0159eba nainstalovat p\u0159\u00edslu\u0161nou aplikaci (MySugr, Glooko).<\/p>\n<p>Lze pou\u017e\u00edt s nejnov\u011bj\u0161\u00edmi verzemi syst\u00e9mu xDrip, snadno p\u0159en\u00e1\u0161\u00ed data o vst\u0159ikov\u00e1n\u00ed do predik\u010dn\u00edho syst\u00e9mu xDrip.<\/p>","protected":false},"excerpt":{"rendered":"<p>NovoPen Echo\u00ae Plus je injek\u010dn\u00ed za\u0159\u00edzen\u00ed pro opakovan\u00e9 pou\u017eit\u00ed.<br \/>\nPodporuje p\u0159ipojen\u00ed NFC.<\/p>\n<p>Z d\u016fvodu omezen\u00e9 dostupnosti, <strong>na jednu objedn\u00e1vku je povolena pouze 1 polo\u017eka<\/strong>.<\/p>","protected":false},"featured_media":7287,"comment_status":"closed","ping_status":"closed","template":"","meta":[],"etheme_brands":[],"product_brand":[],"product_cat":[88,98],"product_tag":[],"class_list":{"0":"post-7285","1":"product","2":"type-product","3":"status-publish","4":"has-post-thumbnail","6":"product_cat-accessories","7":"product_cat-insulin-pens","9":"first","10":"instock","11":"shipping-taxable","12":"purchasable","13":"product-type-variable","14":"has-default-attributes"},"aioseo_notices":[],"_links":{"self":[{"href":"https:\/\/dia24.eu\/cs\/wp-json\/wp\/v2\/product\/7285","targetHints":{"allow":["GET"]}}],"collection":[{"href":"https:\/\/dia24.eu\/cs\/wp-json\/wp\/v2\/product"}],"about":[{"href":"https:\/\/dia24.eu\/cs\/wp-json\/wp\/v2\/types\/product"}],"replies":[{"embeddable":true,"href":"https:\/\/dia24.eu\/cs\/wp-json\/wp\/v2\/comments?post=7285"}],"version-history":[{"count":8,"href":"https:\/\/dia24.eu\/cs\/wp-json\/wp\/v2\/product\/7285\/revisions"}],"predecessor-version":[{"id":9905,"href":"https:\/\/dia24.eu\/cs\/wp-json\/wp\/v2\/product\/7285\/revisions\/9905"}],"wp:featuredmedia":[{"embeddable":true,"href":"https:\/\/dia24.eu\/cs\/wp-json\/wp\/v2\/media\/7287"}],"wp:attachment":[{"href":"https:\/\/dia24.eu\/cs\/wp-json\/wp\/v2\/media?parent=7285"}],"wp:term":[{"taxonomy":"brand","embeddable":true,"href":"https:\/\/dia24.eu\/cs\/wp-json\/wp\/v2\/etheme_brands?post=7285"},{"taxonomy":"product_brand","embeddable":true,"href":"https:\/\/dia24.eu\/cs\/wp-json\/wp\/v2\/product_brand?post=7285"},{"taxonomy":"product_cat","embeddable":true,"href":"https:\/\/dia24.eu\/cs\/wp-json\/wp\/v2\/product_cat?post=7285"},{"taxonomy":"product_tag","embeddable":true,"href":"https:\/\/dia24.eu\/cs\/wp-json\/wp\/v2\/product_tag?post=7285"}],"curies":[{"name":"wp","href":"https:\/\/api.w.org\/{rel}","templated":true}]}}