{"id":8261,"date":"2023-04-11T15:09:59","date_gmt":"2023-04-11T12:09:59","guid":{"rendered":"https:\/\/dia24.eu\/?post_type=product&#038;p=8261"},"modified":"2025-09-17T22:21:19","modified_gmt":"2025-09-17T19:21:19","slug":"dexcom-one-starter-kit-transmitter-and-sensor","status":"publish","type":"product","link":"https:\/\/dia24.eu\/cs\/product\/dexcom-one-starter-kit-transmitter-and-sensor\/","title":{"rendered":"Startovac\u00ed sada Dexcom ONE (vys\u00edla\u010d + senzor)"},"content":{"rendered":"<p><strong><span style=\"color: #ff0000;\">D\u016eLE\u017dIT\u00c9!<\/span> Tento senzorov\u00fd syst\u00e9m se p\u0159estane pou\u017e\u00edvat v prvn\u00ed polovin\u011b roku 2025, <\/strong>proto\u017ee jejich v\u00fdroba bude zastavena.<br \/>\nM\u00e1te mo\u017enost p\u0159ej\u00edt na nov\u00fd <a href=\"https:\/\/dia24.eu\/cs\/product\/dexcom-one-plus\/\"><strong>ONE+<\/strong><\/a> syst\u00e9m nebo jin\u00e9 senzory.<\/p>\n<p>Bal\u00ed\u010dek se skl\u00e1d\u00e1 ze dvou samostatn\u00fdch polo\u017eek:<\/p>\n<ul>\n<li>Senzor Dexcom ONE<\/li>\n<li>Vys\u00edla\u010d Dexcom ONE<\/li>\n<\/ul>\n<p>Senzor Dexcom ONE nep\u0159etr\u017eit\u011b m\u011b\u0159\u00ed hladinu gluk\u00f3zy.<br \/>\nSenzor je dod\u00e1v\u00e1n s aplik\u00e1torem, kter\u00fd umo\u017e\u0148uje velmi rychl\u00e9 a jednoduch\u00e9 nasazen\u00ed. Senzor lze nosit a\u017e 10 dn\u00ed.<br \/>\nVy\u017eaduje vys\u00edla\u010d Dexcom ONE (lze zakoupit samostatn\u011b).<\/p>\n<ul>\n<li>Sn\u00edma\u010d lze nosit a\u017e 10 dn\u00ed (doporu\u010deno)<\/li>\n<li>Dod\u00e1v\u00e1 se s automatick\u00fdm aplik\u00e1torem<\/li>\n<\/ul>\n<p>Vys\u00edla\u010d Dexcom ONE se p\u0159ipoj\u00ed ke sn\u00edma\u010di a bezdr\u00e1tov\u011b odes\u00edl\u00e1 \u00fadaje o glyk\u00e9mii v re\u00e1ln\u00e9m \u010dase do chytr\u00e9ho telefonu p\u0159es Bluetooth. Ka\u017ed\u00fd vys\u00edla\u010d m\u00e1 t\u0159\u00edm\u011bs\u00ed\u010dn\u00ed \u017eivotnost baterie a lze jej opakovan\u011b pou\u017e\u00edvat s v\u00edce senzory.<\/p>\n<ul>\n<li>\u017divotnost baterie 3 m\u011bs\u00edce<\/li>\n<li>Mo\u017enost opakovan\u00e9ho pou\u017eit\u00ed s v\u00edce senzory<\/li>\n<li>Kompatibiln\u00ed aplikace: Dexcom ONE \/ xDrip \/ xDrip4iOS<\/li>\n<\/ul>","protected":false},"excerpt":{"rendered":"<p><strong>Speci\u00e1ln\u00ed nab\u00eddka<\/strong><br \/>\nStartovac\u00ed bal\u00ed\u010dek syst\u00e9mu kontinu\u00e1ln\u00edho monitorov\u00e1n\u00ed gluk\u00f3zy Dexcom ONE, kter\u00fd se skl\u00e1d\u00e1 z 1 vys\u00edla\u010de a 1 senzoru.<\/p>\n<p><b>POSLEDN\u00cd Z\u00c1SOBA<\/b><\/p>","protected":false},"featured_media":8276,"comment_status":"open","ping_status":"closed","template":"","meta":[],"etheme_brands":[{"term_id":91,"name":"Dexcom","slug":"dexcom","term_group":0,"term_taxonomy_id":91,"taxonomy":"brand","description":"Dexcom CGM","parent":0,"count":3,"filter":"raw"}],"product_brand":[],"product_cat":[79,78],"product_tag":[],"class_list":{"0":"post-8261","1":"product","2":"type-product","3":"status-publish","4":"has-post-thumbnail","6":"brand-dexcom","7":"product_cat-dexcom-one-cgm","8":"product_cat-glucose-sensors-cgm","10":"first","11":"outofstock","12":"featured","13":"shipping-taxable","14":"purchasable","15":"product-type-simple"},"aioseo_notices":[],"_links":{"self":[{"href":"https:\/\/dia24.eu\/cs\/wp-json\/wp\/v2\/product\/8261","targetHints":{"allow":["GET"]}}],"collection":[{"href":"https:\/\/dia24.eu\/cs\/wp-json\/wp\/v2\/product"}],"about":[{"href":"https:\/\/dia24.eu\/cs\/wp-json\/wp\/v2\/types\/product"}],"replies":[{"embeddable":true,"href":"https:\/\/dia24.eu\/cs\/wp-json\/wp\/v2\/comments?post=8261"}],"version-history":[{"count":13,"href":"https:\/\/dia24.eu\/cs\/wp-json\/wp\/v2\/product\/8261\/revisions"}],"predecessor-version":[{"id":15127,"href":"https:\/\/dia24.eu\/cs\/wp-json\/wp\/v2\/product\/8261\/revisions\/15127"}],"wp:featuredmedia":[{"embeddable":true,"href":"https:\/\/dia24.eu\/cs\/wp-json\/wp\/v2\/media\/8276"}],"wp:attachment":[{"href":"https:\/\/dia24.eu\/cs\/wp-json\/wp\/v2\/media?parent=8261"}],"wp:term":[{"taxonomy":"brand","embeddable":true,"href":"https:\/\/dia24.eu\/cs\/wp-json\/wp\/v2\/etheme_brands?post=8261"},{"taxonomy":"product_brand","embeddable":true,"href":"https:\/\/dia24.eu\/cs\/wp-json\/wp\/v2\/product_brand?post=8261"},{"taxonomy":"product_cat","embeddable":true,"href":"https:\/\/dia24.eu\/cs\/wp-json\/wp\/v2\/product_cat?post=8261"},{"taxonomy":"product_tag","embeddable":true,"href":"https:\/\/dia24.eu\/cs\/wp-json\/wp\/v2\/product_tag?post=8261"}],"curies":[{"name":"wp","href":"https:\/\/api.w.org\/{rel}","templated":true}]}}