{"id":8287,"date":"2023-04-15T12:55:54","date_gmt":"2023-04-15T09:55:54","guid":{"rendered":"https:\/\/dia24.eu\/?post_type=product&#038;p=8287"},"modified":"2024-07-29T20:03:23","modified_gmt":"2024-07-29T17:03:23","slug":"sms-feelfine-insulin-pen-needles-31g-8mm-n100","status":"publish","type":"product","link":"https:\/\/dia24.eu\/cs\/product\/sms-feelfine-insulin-pen-needles-31g-8mm-n100\/","title":{"rendered":"SMS FeelFine jehly do inzulinov\u00e9ho pera 31G 8MM N100"},"content":{"rendered":"<p>\u010cast\u00e9 v\u00fdm\u011bny jehel sni\u017euj\u00ed riziko komplikac\u00ed a z\u00e1krok je m\u00e9n\u011b bolestiv\u00fd.<br \/>\nD\u00e9lka jehly 8 mm, tlou\u0161\u0165ka 31G.<br \/>\nKrabice po 100 ks.<\/p>\n<ul>\n<li>T\u0159ikr\u00e1t brou\u0161en\u00e9<\/li>\n<li>Elektricky le\u0161t\u011bn\u00e9 a pota\u017een\u00e9 silikonem<\/li>\n<li>Vhodn\u00e9 pro v\u011bt\u0161inu vst\u0159ikovac\u00edch za\u0159\u00edzen\u00ed<\/li>\n<\/ul>","protected":false},"excerpt":{"rendered":"<p>T\u0159ikr\u00e1t ost\u0159en\u00e9, elektrolyticky le\u0161t\u011bn\u00e9 a silikonem pota\u017een\u00e9 injek\u010dn\u00ed jehly na inzul\u00edn.<br \/>\nD\u00e9lka jehly 8 mm, tlou\u0161\u0165ka 31G.<\/p>","protected":false},"featured_media":8288,"comment_status":"open","ping_status":"closed","template":"","meta":[],"etheme_brands":[],"product_brand":[],"product_cat":[88,97],"product_tag":[],"class_list":{"0":"post-8287","1":"product","2":"type-product","3":"status-publish","4":"has-post-thumbnail","6":"product_cat-accessories","7":"product_cat-insulin-pen-needles","9":"first","10":"outofstock","11":"shipping-taxable","12":"purchasable","13":"product-type-simple"},"aioseo_notices":[],"_links":{"self":[{"href":"https:\/\/dia24.eu\/cs\/wp-json\/wp\/v2\/product\/8287","targetHints":{"allow":["GET"]}}],"collection":[{"href":"https:\/\/dia24.eu\/cs\/wp-json\/wp\/v2\/product"}],"about":[{"href":"https:\/\/dia24.eu\/cs\/wp-json\/wp\/v2\/types\/product"}],"replies":[{"embeddable":true,"href":"https:\/\/dia24.eu\/cs\/wp-json\/wp\/v2\/comments?post=8287"}],"version-history":[{"count":4,"href":"https:\/\/dia24.eu\/cs\/wp-json\/wp\/v2\/product\/8287\/revisions"}],"predecessor-version":[{"id":8292,"href":"https:\/\/dia24.eu\/cs\/wp-json\/wp\/v2\/product\/8287\/revisions\/8292"}],"wp:featuredmedia":[{"embeddable":true,"href":"https:\/\/dia24.eu\/cs\/wp-json\/wp\/v2\/media\/8288"}],"wp:attachment":[{"href":"https:\/\/dia24.eu\/cs\/wp-json\/wp\/v2\/media?parent=8287"}],"wp:term":[{"taxonomy":"brand","embeddable":true,"href":"https:\/\/dia24.eu\/cs\/wp-json\/wp\/v2\/etheme_brands?post=8287"},{"taxonomy":"product_brand","embeddable":true,"href":"https:\/\/dia24.eu\/cs\/wp-json\/wp\/v2\/product_brand?post=8287"},{"taxonomy":"product_cat","embeddable":true,"href":"https:\/\/dia24.eu\/cs\/wp-json\/wp\/v2\/product_cat?post=8287"},{"taxonomy":"product_tag","embeddable":true,"href":"https:\/\/dia24.eu\/cs\/wp-json\/wp\/v2\/product_tag?post=8287"}],"curies":[{"name":"wp","href":"https:\/\/api.w.org\/{rel}","templated":true}]}}