{"id":8430,"date":"2023-04-24T18:07:54","date_gmt":"2023-04-24T15:07:54","guid":{"rendered":"https:\/\/dia24.eu\/?post_type=product&#038;p=8430"},"modified":"2024-02-06T02:02:12","modified_gmt":"2024-02-06T00:02:12","slug":"dexcom-one-receiver-bluetooth","status":"publish","type":"product","link":"https:\/\/dia24.eu\/cs\/product\/dexcom-one-receiver-bluetooth\/","title":{"rendered":"P\u0159ij\u00edma\u010d Dexcom ONE (Bluetooth)"},"content":{"rendered":"<p>P\u0159ij\u00edma\u010d Dexcom ONE je vhodn\u00fd k prohl\u00ed\u017een\u00ed \u00fadaj\u016f o glyk\u00e9mii, nebo pokud nem\u00e1te kompatibiln\u00ed chytr\u00e9 za\u0159\u00edzen\u00ed, m\u016f\u017eete v p\u0159\u00edpad\u011b pot\u0159eby pou\u017e\u00edvat oba p\u0159\u00edstroje sou\u010dasn\u011b.<br \/>\nPro bezprobl\u00e9mov\u00fd provoz mus\u00ed b\u00fdt p\u0159ij\u00edma\u010d ve vzd\u00e1lenosti do 6 metr\u016f od vys\u00edla\u010de Dexcom ONE.<\/p>\n<ul>\n<li>Evropsk\u00e1 verze: mmol\/l<\/li>\n<li>Data z p\u0159ij\u00edma\u010de Dexcom ONE lze nahr\u00e1t do za\u0159\u00edzen\u00ed Dexcom Clarity v po\u010d\u00edta\u010di pomoc\u00ed kabelu USB.<\/li>\n<li>P\u0159ij\u00edma\u010d je kompatibiln\u00ed pouze s vys\u00edla\u010dem Dexcom ONE.<\/li>\n<\/ul>","protected":false},"excerpt":{"rendered":"<p>Voliteln\u00fd p\u0159ij\u00edma\u010d Dexcom ONE p\u0159edstavuje alternativn\u00ed zp\u016fsob zobrazen\u00ed nam\u011b\u0159en\u00fdch hodnot, pokud nem\u016f\u017eete pou\u017e\u00edvat chytr\u00fd telefon nebo nem\u00e1te k dispozici kompatibiln\u00ed za\u0159\u00edzen\u00ed. P\u0159ij\u00edma\u010d umo\u017e\u0148uje u\u017eivateli zobrazit \u00fadaje o glyk\u00e9mii a trendy v re\u00e1ln\u00e9m \u010dase ve vyhrazen\u00e9m p\u0159ij\u00edma\u010di. P\u0159ij\u00edma\u010d umo\u017e\u0148uje prohl\u00ed\u017eet nam\u011b\u0159en\u00e9 hodnoty, nastavit a p\u0159ij\u00edmat upozorn\u011bn\u00ed a varov\u00e1n\u00ed o pohybech gluk\u00f3zy v krvi.<\/p>","protected":false},"featured_media":8431,"comment_status":"open","ping_status":"closed","template":"","meta":[],"etheme_brands":[],"product_brand":[],"product_cat":[78,79],"product_tag":[],"class_list":{"0":"post-8430","1":"product","2":"type-product","3":"status-publish","4":"has-post-thumbnail","6":"product_cat-glucose-sensors-cgm","7":"product_cat-dexcom-one-cgm","9":"first","10":"outofstock","11":"sold-individually","12":"shipping-taxable","13":"purchasable","14":"product-type-simple"},"aioseo_notices":[],"_links":{"self":[{"href":"https:\/\/dia24.eu\/cs\/wp-json\/wp\/v2\/product\/8430","targetHints":{"allow":["GET"]}}],"collection":[{"href":"https:\/\/dia24.eu\/cs\/wp-json\/wp\/v2\/product"}],"about":[{"href":"https:\/\/dia24.eu\/cs\/wp-json\/wp\/v2\/types\/product"}],"replies":[{"embeddable":true,"href":"https:\/\/dia24.eu\/cs\/wp-json\/wp\/v2\/comments?post=8430"}],"version-history":[{"count":5,"href":"https:\/\/dia24.eu\/cs\/wp-json\/wp\/v2\/product\/8430\/revisions"}],"predecessor-version":[{"id":8436,"href":"https:\/\/dia24.eu\/cs\/wp-json\/wp\/v2\/product\/8430\/revisions\/8436"}],"wp:featuredmedia":[{"embeddable":true,"href":"https:\/\/dia24.eu\/cs\/wp-json\/wp\/v2\/media\/8431"}],"wp:attachment":[{"href":"https:\/\/dia24.eu\/cs\/wp-json\/wp\/v2\/media?parent=8430"}],"wp:term":[{"taxonomy":"brand","embeddable":true,"href":"https:\/\/dia24.eu\/cs\/wp-json\/wp\/v2\/etheme_brands?post=8430"},{"taxonomy":"product_brand","embeddable":true,"href":"https:\/\/dia24.eu\/cs\/wp-json\/wp\/v2\/product_brand?post=8430"},{"taxonomy":"product_cat","embeddable":true,"href":"https:\/\/dia24.eu\/cs\/wp-json\/wp\/v2\/product_cat?post=8430"},{"taxonomy":"product_tag","embeddable":true,"href":"https:\/\/dia24.eu\/cs\/wp-json\/wp\/v2\/product_tag?post=8430"}],"curies":[{"name":"wp","href":"https:\/\/api.w.org\/{rel}","templated":true}]}}