{"id":8487,"date":"2023-05-21T01:47:03","date_gmt":"2023-05-20T22:47:03","guid":{"rendered":"https:\/\/dia24.eu\/?post_type=product&#038;p=8487"},"modified":"2024-07-29T20:02:51","modified_gmt":"2024-07-29T17:02:51","slug":"contour-plus-test-strips-n50","status":"publish","type":"product","link":"https:\/\/dia24.eu\/cs\/product\/contour-plus-test-strips-n50\/","title":{"rendered":"Testovac\u00ed prou\u017eky Contour Plus N50"},"content":{"rendered":"<p>Testovac\u00ed prou\u017eky na gluk\u00f3zu v krvi pro vlastn\u00ed testov\u00e1n\u00ed pomoc\u00ed<\/p>\n<ul>\n<li>Contour Plus<\/li>\n<li>Obrys Plus One<\/li>\n<li>Contour Plus Elite<\/li>\n<\/ul>\n<p>Balen\u00ed obsahuje 50 testovac\u00edch prou\u017ek\u016f.<\/p>","protected":false},"excerpt":{"rendered":"<p>Testovac\u00ed prou\u017eky pro vlastn\u00ed testov\u00e1n\u00ed gluk\u00f3zy v krvi.<br \/>\nBalen\u00ed obsahuje 50 testovac\u00edch prou\u017ek\u016f.<\/p>","protected":false},"featured_media":8488,"comment_status":"open","ping_status":"closed","template":"","meta":[],"etheme_brands":[],"product_brand":[],"product_cat":[88,96],"product_tag":[],"class_list":{"0":"post-8487","1":"product","2":"type-product","3":"status-publish","4":"has-post-thumbnail","6":"product_cat-accessories","7":"product_cat-blood-glucose-meters","9":"first","10":"outofstock","11":"shipping-taxable","12":"purchasable","13":"product-type-simple"},"aioseo_notices":[],"_links":{"self":[{"href":"https:\/\/dia24.eu\/cs\/wp-json\/wp\/v2\/product\/8487","targetHints":{"allow":["GET"]}}],"collection":[{"href":"https:\/\/dia24.eu\/cs\/wp-json\/wp\/v2\/product"}],"about":[{"href":"https:\/\/dia24.eu\/cs\/wp-json\/wp\/v2\/types\/product"}],"replies":[{"embeddable":true,"href":"https:\/\/dia24.eu\/cs\/wp-json\/wp\/v2\/comments?post=8487"}],"version-history":[{"count":1,"href":"https:\/\/dia24.eu\/cs\/wp-json\/wp\/v2\/product\/8487\/revisions"}],"predecessor-version":[{"id":8489,"href":"https:\/\/dia24.eu\/cs\/wp-json\/wp\/v2\/product\/8487\/revisions\/8489"}],"wp:featuredmedia":[{"embeddable":true,"href":"https:\/\/dia24.eu\/cs\/wp-json\/wp\/v2\/media\/8488"}],"wp:attachment":[{"href":"https:\/\/dia24.eu\/cs\/wp-json\/wp\/v2\/media?parent=8487"}],"wp:term":[{"taxonomy":"brand","embeddable":true,"href":"https:\/\/dia24.eu\/cs\/wp-json\/wp\/v2\/etheme_brands?post=8487"},{"taxonomy":"product_brand","embeddable":true,"href":"https:\/\/dia24.eu\/cs\/wp-json\/wp\/v2\/product_brand?post=8487"},{"taxonomy":"product_cat","embeddable":true,"href":"https:\/\/dia24.eu\/cs\/wp-json\/wp\/v2\/product_cat?post=8487"},{"taxonomy":"product_tag","embeddable":true,"href":"https:\/\/dia24.eu\/cs\/wp-json\/wp\/v2\/product_tag?post=8487"}],"curies":[{"name":"wp","href":"https:\/\/api.w.org\/{rel}","templated":true}]}}