{"id":8500,"date":"2023-05-23T00:30:23","date_gmt":"2023-05-22T21:30:23","guid":{"rendered":"https:\/\/dia24.eu\/?post_type=product&#038;p=8500"},"modified":"2025-08-18T09:48:08","modified_gmt":"2025-08-18T06:48:08","slug":"dexcom-one-sensors-2-pack-with-transmitter","status":"publish","type":"product","link":"https:\/\/dia24.eu\/cs\/product\/dexcom-one-sensors-2-pack-with-transmitter\/","title":{"rendered":"Senzory Dexcom ONE (2 balen\u00ed) + vys\u00edla\u010d"},"content":{"rendered":"<p>Senzor Dexcom ONE nep\u0159etr\u017eit\u011b m\u011b\u0159\u00ed hladinu gluk\u00f3zy.<br \/>\nSenzor je dod\u00e1v\u00e1n s aplik\u00e1torem, kter\u00fd umo\u017e\u0148uje velmi rychl\u00e9 a jednoduch\u00e9 nasazen\u00ed. Senzor lze nosit a\u017e 10 dn\u00ed.<br \/>\nVy\u017eaduje vys\u00edla\u010d Dexcom ONE (je sou\u010d\u00e1st\u00ed tohoto balen\u00ed).<\/p>\n<ul>\n<li>Sn\u00edma\u010d lze nosit a\u017e 10 dn\u00ed (doporu\u010deno)<\/li>\n<li>Dod\u00e1v\u00e1 se s automatick\u00fdm aplik\u00e1torem<\/li>\n<li>Vy\u017eaduje <strong><a href=\"https:\/\/dia24.eu\/cs\/product\/dexcom-one-transmitter\/\">Vys\u00edla\u010d Dexcom ONE<\/a><\/strong><\/li>\n<\/ul>","protected":false},"excerpt":{"rendered":"<p>Senzory Dexcom ONE (balen\u00ed 2 ks) pro kontinu\u00e1ln\u00ed m\u011b\u0159en\u00ed hladiny gluk\u00f3zy s vys\u00edla\u010dem Dexcom ONE.<\/p>","protected":false},"featured_media":8501,"comment_status":"closed","ping_status":"closed","template":"","meta":[],"etheme_brands":[],"product_brand":[],"product_cat":[79,78],"product_tag":[110,94,107,108,109],"class_list":{"0":"post-8500","1":"product","2":"type-product","3":"status-publish","4":"has-post-thumbnail","6":"product_cat-dexcom-one-cgm","7":"product_cat-glucose-sensors-cgm","8":"product_tag-cgm","9":"product_tag-dexcom-one","10":"product_tag-kit","11":"product_tag-sensor","12":"product_tag-transmitter","14":"first","15":"outofstock","16":"sale","17":"shipping-taxable","18":"purchasable","19":"product-type-simple"},"aioseo_notices":[],"_links":{"self":[{"href":"https:\/\/dia24.eu\/cs\/wp-json\/wp\/v2\/product\/8500","targetHints":{"allow":["GET"]}}],"collection":[{"href":"https:\/\/dia24.eu\/cs\/wp-json\/wp\/v2\/product"}],"about":[{"href":"https:\/\/dia24.eu\/cs\/wp-json\/wp\/v2\/types\/product"}],"replies":[{"embeddable":true,"href":"https:\/\/dia24.eu\/cs\/wp-json\/wp\/v2\/comments?post=8500"}],"version-history":[{"count":1,"href":"https:\/\/dia24.eu\/cs\/wp-json\/wp\/v2\/product\/8500\/revisions"}],"predecessor-version":[{"id":8502,"href":"https:\/\/dia24.eu\/cs\/wp-json\/wp\/v2\/product\/8500\/revisions\/8502"}],"wp:featuredmedia":[{"embeddable":true,"href":"https:\/\/dia24.eu\/cs\/wp-json\/wp\/v2\/media\/8501"}],"wp:attachment":[{"href":"https:\/\/dia24.eu\/cs\/wp-json\/wp\/v2\/media?parent=8500"}],"wp:term":[{"taxonomy":"brand","embeddable":true,"href":"https:\/\/dia24.eu\/cs\/wp-json\/wp\/v2\/etheme_brands?post=8500"},{"taxonomy":"product_brand","embeddable":true,"href":"https:\/\/dia24.eu\/cs\/wp-json\/wp\/v2\/product_brand?post=8500"},{"taxonomy":"product_cat","embeddable":true,"href":"https:\/\/dia24.eu\/cs\/wp-json\/wp\/v2\/product_cat?post=8500"},{"taxonomy":"product_tag","embeddable":true,"href":"https:\/\/dia24.eu\/cs\/wp-json\/wp\/v2\/product_tag?post=8500"}],"curies":[{"name":"wp","href":"https:\/\/api.w.org\/{rel}","templated":true}]}}