{"id":8902,"date":"2023-06-04T00:14:20","date_gmt":"2023-06-03T21:14:20","guid":{"rendered":"https:\/\/dia24.eu\/?post_type=product&#038;p=8902"},"modified":"2024-07-29T20:07:38","modified_gmt":"2024-07-29T17:07:38","slug":"microlet-lancets-pack-of-200","status":"publish","type":"product","link":"https:\/\/dia24.eu\/cs\/product\/microlet-lancets-pack-of-200\/","title":{"rendered":"Lancety Microlet (balen\u00ed 200 kus\u016f)"},"content":{"rendered":"<p>Barevn\u00e9 lancety pota\u017een\u00e9 silikonem.<br \/>\nPro pou\u017eit\u00ed se v\u0161emi lancery Bayer Microlet\u00ae.<br \/>\nJsou navr\u017eeny tak, aby pasovaly na v\u011bt\u0161inu standardn\u00edch lancingov\u00fdch p\u0159\u00edstroj\u016f na trhu, tak\u017ee je m\u016f\u017eete ihned za\u010d\u00edt pou\u017e\u00edvat se sv\u00fdm obl\u00edben\u00fdm lancingov\u00fdm p\u0159\u00edstrojem.<\/p>\n<p><strong>N\u00e1vod k pou\u017eit\u00ed<\/strong><br \/>\n1. Vlo\u017ete lancetu a od\u0161roubujte ochrann\u00fd kryt.<br \/>\n2. Po pou\u017eit\u00ed polo\u017ete ochrann\u00fd kryt na rovnou zem. 2. Pevn\u011b zasu\u0148te lancetu do otev\u0159en\u00e9 strany krytky.<br \/>\n3. Zat\u00e1hn\u011bte za resetovac\u00ed p\u00e1\u010dku a lanceta se uvoln\u00ed.<\/p>\n<p><strong>Upozorn\u011bn\u00ed a bezpe\u010dnostn\u00ed opat\u0159en\u00ed<\/strong><br \/>\nNepou\u017e\u00edvejte podruh\u00e9 nebo pokud ji\u017e byl ochrann\u00fd uz\u00e1v\u011br od\u0161roubov\u00e1n.<\/p>\n<p>Jazyk na obalu se m\u016f\u017ee li\u0161it od vyobrazen\u00ed v\u00fdrobku, a to z d\u016fvodu odli\u0161n\u00fdch trh\u016f.<\/p>","protected":false},"excerpt":{"rendered":"<p>Barevn\u00e9 lancety se silikonov\u00fdm povlakem, balen\u00ed 200 kus\u016f.<br \/>\nPro pou\u017eit\u00ed se v\u0161emi lancery Bayer Microlet\u00ae.<\/p>","protected":false},"featured_media":8903,"comment_status":"open","ping_status":"closed","template":"","meta":[],"etheme_brands":[],"product_brand":[],"product_cat":[88,96],"product_tag":[],"class_list":{"0":"post-8902","1":"product","2":"type-product","3":"status-publish","4":"has-post-thumbnail","6":"product_cat-accessories","7":"product_cat-blood-glucose-meters","9":"first","10":"instock","11":"shipping-taxable","12":"purchasable","13":"product-type-simple"},"aioseo_notices":[],"_links":{"self":[{"href":"https:\/\/dia24.eu\/cs\/wp-json\/wp\/v2\/product\/8902","targetHints":{"allow":["GET"]}}],"collection":[{"href":"https:\/\/dia24.eu\/cs\/wp-json\/wp\/v2\/product"}],"about":[{"href":"https:\/\/dia24.eu\/cs\/wp-json\/wp\/v2\/types\/product"}],"replies":[{"embeddable":true,"href":"https:\/\/dia24.eu\/cs\/wp-json\/wp\/v2\/comments?post=8902"}],"version-history":[{"count":3,"href":"https:\/\/dia24.eu\/cs\/wp-json\/wp\/v2\/product\/8902\/revisions"}],"predecessor-version":[{"id":8907,"href":"https:\/\/dia24.eu\/cs\/wp-json\/wp\/v2\/product\/8902\/revisions\/8907"}],"wp:featuredmedia":[{"embeddable":true,"href":"https:\/\/dia24.eu\/cs\/wp-json\/wp\/v2\/media\/8903"}],"wp:attachment":[{"href":"https:\/\/dia24.eu\/cs\/wp-json\/wp\/v2\/media?parent=8902"}],"wp:term":[{"taxonomy":"brand","embeddable":true,"href":"https:\/\/dia24.eu\/cs\/wp-json\/wp\/v2\/etheme_brands?post=8902"},{"taxonomy":"product_brand","embeddable":true,"href":"https:\/\/dia24.eu\/cs\/wp-json\/wp\/v2\/product_brand?post=8902"},{"taxonomy":"product_cat","embeddable":true,"href":"https:\/\/dia24.eu\/cs\/wp-json\/wp\/v2\/product_cat?post=8902"},{"taxonomy":"product_tag","embeddable":true,"href":"https:\/\/dia24.eu\/cs\/wp-json\/wp\/v2\/product_tag?post=8902"}],"curies":[{"name":"wp","href":"https:\/\/api.w.org\/{rel}","templated":true}]}}