{"id":8931,"date":"2023-06-04T02:54:07","date_gmt":"2023-06-03T23:54:07","guid":{"rendered":"https:\/\/dia24.eu\/?post_type=product&#038;p=8931"},"modified":"2024-07-29T20:07:09","modified_gmt":"2024-07-29T17:07:09","slug":"livsane-glucose-tablets-lemon-flavoured-n17","status":"publish","type":"product","link":"https:\/\/dia24.eu\/cs\/product\/livsane-glucose-tablets-lemon-flavoured-n17\/","title":{"rendered":"Livsane Gluk\u00f3zov\u00e9 tablety s citronovou p\u0159\u00edchut\u00ed N17"},"content":{"rendered":"<p>Rychl\u00fd pomocn\u00edk p\u0159i hypoglyk\u00e9mii, rychle zvy\u0161uje hladinu gluk\u00f3zy v krvi.<br \/>\nChutn\u00e1 alternativa pro ka\u017edodenn\u00ed podporu imunitn\u00edho syst\u00e9mu. Pom\u00e1h\u00e1 p\u0159edch\u00e1zet pocit\u016fm \u00fanavy z v\u00fdkonu. P\u0159\u00edjemn\u00e1 citronov\u00e1 p\u0159\u00edchu\u0165.<\/p>\n<ul>\n<li>Bezlepkov\u00e9<\/li>\n<li>Bez lakt\u00f3zy<\/li>\n<li>Vhodn\u00e9 pro vegetari\u00e1ny<\/li>\n<li>Vhodn\u00e9 pro vegany<\/li>\n<\/ul>\n<p><strong>Slo\u017een\u00ed<\/strong><br \/>\ndextr\u00f3za (88%), kyselina L-askorbov\u00e1, pln\u011b hydrogenovan\u00e9 rostlinn\u00e9 tuky (\u0159epkov\u00fd, kokosov\u00fd), protisp\u00e9kav\u00e1 l\u00e1tka: ho\u0159e\u010dnat\u00e9 soli mastn\u00fdch kyselin, aromata.<\/p>\n<p><strong>Doporu\u010den\u00e1 denn\u00ed d\u00e1vka 2 tablety obsahuje:<br \/>\n<\/strong>Dextr\u00f3za 4,5 g<br \/>\nVitamin C 80 mg (100% NRV*)<br \/>\n*Procento denn\u00edho referen\u010dn\u00edho p\u0159\u00edjmu pro dosp\u011bl\u00e9 (NRV - Nutri\u010dn\u00ed referen\u010dn\u00ed hodnota).<\/p>\n<p>Je d\u016fle\u017eit\u00e9 j\u00edst pestrou a vyv\u00e1\u017eenou stravu a v\u00e9st zdrav\u00fd \u017eivotn\u00ed styl!<br \/>\nNep\u0159ekra\u010dujte doporu\u010denou denn\u00ed d\u00e1vku!<\/p>","protected":false},"excerpt":{"rendered":"<p>Dextr\u00f3zov\u00e9 tablety LIVSANE s citronovou p\u0159\u00edchut\u00ed dod\u00e1vaj\u00ed t\u011blu dostate\u010dn\u00e9 mno\u017estv\u00ed gluk\u00f3zy a vitaminu C.<br \/>\nObsahuje 17 \u017ev\u00fdkac\u00edch tablet.<\/p>","protected":false},"featured_media":8932,"comment_status":"open","ping_status":"closed","template":"","meta":[],"etheme_brands":[],"product_brand":[],"product_cat":[113,83],"product_tag":[],"class_list":{"0":"post-8931","1":"product","2":"type-product","3":"status-publish","4":"has-post-thumbnail","6":"product_cat-glucose-tablets","7":"product_cat-first-aid-and-care","9":"first","10":"outofstock","11":"shipping-taxable","12":"purchasable","13":"product-type-simple"},"aioseo_notices":[],"_links":{"self":[{"href":"https:\/\/dia24.eu\/cs\/wp-json\/wp\/v2\/product\/8931","targetHints":{"allow":["GET"]}}],"collection":[{"href":"https:\/\/dia24.eu\/cs\/wp-json\/wp\/v2\/product"}],"about":[{"href":"https:\/\/dia24.eu\/cs\/wp-json\/wp\/v2\/types\/product"}],"replies":[{"embeddable":true,"href":"https:\/\/dia24.eu\/cs\/wp-json\/wp\/v2\/comments?post=8931"}],"version-history":[{"count":1,"href":"https:\/\/dia24.eu\/cs\/wp-json\/wp\/v2\/product\/8931\/revisions"}],"predecessor-version":[{"id":8933,"href":"https:\/\/dia24.eu\/cs\/wp-json\/wp\/v2\/product\/8931\/revisions\/8933"}],"wp:featuredmedia":[{"embeddable":true,"href":"https:\/\/dia24.eu\/cs\/wp-json\/wp\/v2\/media\/8932"}],"wp:attachment":[{"href":"https:\/\/dia24.eu\/cs\/wp-json\/wp\/v2\/media?parent=8931"}],"wp:term":[{"taxonomy":"brand","embeddable":true,"href":"https:\/\/dia24.eu\/cs\/wp-json\/wp\/v2\/etheme_brands?post=8931"},{"taxonomy":"product_brand","embeddable":true,"href":"https:\/\/dia24.eu\/cs\/wp-json\/wp\/v2\/product_brand?post=8931"},{"taxonomy":"product_cat","embeddable":true,"href":"https:\/\/dia24.eu\/cs\/wp-json\/wp\/v2\/product_cat?post=8931"},{"taxonomy":"product_tag","embeddable":true,"href":"https:\/\/dia24.eu\/cs\/wp-json\/wp\/v2\/product_tag?post=8931"}],"curies":[{"name":"wp","href":"https:\/\/api.w.org\/{rel}","templated":true}]}}