{"id":9795,"date":"2023-07-18T23:27:48","date_gmt":"2023-07-18T20:27:48","guid":{"rendered":"https:\/\/dia24.eu\/?post_type=product&#038;p=9795"},"modified":"2025-08-14T12:17:15","modified_gmt":"2025-08-14T09:17:15","slug":"medismart-ruby-blood-glucose-test-strips-n50","status":"publish","type":"product","link":"https:\/\/dia24.eu\/cs\/product\/medismart-ruby-blood-glucose-test-strips-n50\/","title":{"rendered":"MediSmart Ruby Testovac\u00ed prou\u017eky na glyk\u00e9mii N50"},"content":{"rendered":"<p>Testovac\u00ed prou\u017eky MediSmart Ruby pro pou\u017eit\u00ed s glukometrem Ruby.<br>Uchov\u00e1vejte v chladu mimo dosah p\u0159\u00edm\u00e9ho slune\u010dn\u00edho sv\u011btla, po otev\u0159en\u00ed spot\u0159ebujte do 6 m\u011bs\u00edc\u016f.<\/p>","protected":false},"excerpt":{"rendered":"<p>Testovac\u00ed prou\u017eky na glyk\u00e9mii, krabi\u010dka po 50 prou\u017ec\u00edch.<\/p>","protected":false},"featured_media":9796,"comment_status":"open","ping_status":"closed","template":"","meta":[],"etheme_brands":[],"product_brand":[],"product_cat":[88,96],"product_tag":[],"class_list":{"0":"post-9795","1":"product","2":"type-product","3":"status-publish","4":"has-post-thumbnail","6":"product_cat-accessories","7":"product_cat-blood-glucose-meters","9":"first","10":"instock","11":"shipping-taxable","12":"purchasable","13":"product-type-simple"},"aioseo_notices":[],"_links":{"self":[{"href":"https:\/\/dia24.eu\/cs\/wp-json\/wp\/v2\/product\/9795","targetHints":{"allow":["GET"]}}],"collection":[{"href":"https:\/\/dia24.eu\/cs\/wp-json\/wp\/v2\/product"}],"about":[{"href":"https:\/\/dia24.eu\/cs\/wp-json\/wp\/v2\/types\/product"}],"replies":[{"embeddable":true,"href":"https:\/\/dia24.eu\/cs\/wp-json\/wp\/v2\/comments?post=9795"}],"version-history":[{"count":1,"href":"https:\/\/dia24.eu\/cs\/wp-json\/wp\/v2\/product\/9795\/revisions"}],"predecessor-version":[{"id":9797,"href":"https:\/\/dia24.eu\/cs\/wp-json\/wp\/v2\/product\/9795\/revisions\/9797"}],"wp:featuredmedia":[{"embeddable":true,"href":"https:\/\/dia24.eu\/cs\/wp-json\/wp\/v2\/media\/9796"}],"wp:attachment":[{"href":"https:\/\/dia24.eu\/cs\/wp-json\/wp\/v2\/media?parent=9795"}],"wp:term":[{"taxonomy":"brand","embeddable":true,"href":"https:\/\/dia24.eu\/cs\/wp-json\/wp\/v2\/etheme_brands?post=9795"},{"taxonomy":"product_brand","embeddable":true,"href":"https:\/\/dia24.eu\/cs\/wp-json\/wp\/v2\/product_brand?post=9795"},{"taxonomy":"product_cat","embeddable":true,"href":"https:\/\/dia24.eu\/cs\/wp-json\/wp\/v2\/product_cat?post=9795"},{"taxonomy":"product_tag","embeddable":true,"href":"https:\/\/dia24.eu\/cs\/wp-json\/wp\/v2\/product_tag?post=9795"}],"curies":[{"name":"wp","href":"https:\/\/api.w.org\/{rel}","templated":true}]}}