{"id":12,"date":"2018-07-31T12:15:26","date_gmt":"2018-07-31T09:15:26","guid":{"rendered":"https:\/\/xstore.8theme.com\/?page_id=3"},"modified":"2025-09-18T16:52:45","modified_gmt":"2025-09-18T13:52:45","slug":"privacy-policy","status":"publish","type":"page","link":"https:\/\/dia24.eu\/es\/privacy-policy\/","title":{"rendered":"Pol\u00edtica de privacidad"},"content":{"rendered":"<div data-elementor-type=\"wp-page\" data-elementor-id=\"12\" class=\"elementor elementor-12\">\n\t\t\t\t\t\t<section class=\"elementor-section elementor-top-section elementor-element elementor-element-24d6b1cf elementor-section-boxed elementor-section-height-default elementor-section-height-default\" data-id=\"24d6b1cf\" data-element_type=\"section\" data-e-type=\"section\">\n\t\t\t\t\t\t<div class=\"elementor-container elementor-column-gap-default\">\n\t\t\t\t\t<div class=\"elementor-column elementor-col-100 elementor-top-column elementor-element elementor-element-671c4de7\" data-id=\"671c4de7\" data-element_type=\"column\" data-e-type=\"column\">\n\t\t\t<div class=\"elementor-widget-wrap elementor-element-populated\">\n\t\t\t\t\t\t<div class=\"elementor-element elementor-element-59e8796d elementor-widget elementor-widget-text-editor\" data-id=\"59e8796d\" data-element_type=\"widget\" data-e-type=\"widget\" data-widget_type=\"text-editor.default\">\n\t\t\t\t<div class=\"elementor-widget-container\">\n\t\t\t\t\t\t\t\t\t<h2>Pol\u00edtica de privacidad<\/h2><p>dia24.eu (Empresa) es el encargado del tratamiento de los datos personales.\u00a0<\/p><h3>Recogida y uso de datos personales<\/h3><p>Los datos personales son datos que dia24.eu recopila para identificar a una persona o ponerse en contacto con ella. Los datos personales pueden recopilarse con el consentimiento del cliente de las siguientes maneras:<\/p><ul><li>Datos de contacto: el cliente facilita sus datos de contacto, que incluyen nombre, direcci\u00f3n postal, n\u00famero de tel\u00e9fono y direcci\u00f3n de correo electr\u00f3nico, a trav\u00e9s de nuestra tienda online.<\/li><li>Mediante el uso de nuestro sitio web (dia24.eu) a trav\u00e9s de cookies<\/li><\/ul><p>Los datos personales recogidos nos permitir\u00e1n informar a los clientes sobre sus pedidos, cambios en los detalles de los mismos y nuestras noticias.<br \/>Los datos personales tambi\u00e9n se utilizar\u00e1n para la entrega de mercanc\u00edas y para cumplir nuestras obligaciones con el cliente.<\/p><h3>Protecci\u00f3n de datos personales<\/h3><p>dia24.eu toma todas las precauciones, incluidas medidas administrativas, t\u00e9cnicas y f\u00edsicas, para proteger los datos personales de los clientes. S\u00f3lo los trabajadores autorizados pueden acceder a los datos personales y modificarlos.<\/p><h3>Seguridad<\/h3><p>Todos los datos personales revelados durante la visita a nuestra tienda web y la realizaci\u00f3n de compras se tratar\u00e1n como informaci\u00f3n confidencial. dia24.eu utiliza canales de comunicaci\u00f3n cifrados y seguros con las pasarelas de pago y en su sitio web.<\/p><h3>Cambios en la pol\u00edtica de privacidad<\/h3><p>Nos reservamos el derecho a modificar esta pol\u00edtica de privacidad en caso necesario. Al acceder a nuestro sitio web y utilizarlo, asumimos que ha le\u00eddo y aceptado esta pol\u00edtica. Si tiene alguna pregunta adicional, p\u00f3ngase en contacto con nosotros.<\/p>\t\t\t\t\t\t\t\t<\/div>\n\t\t\t\t<\/div>\n\t\t\t\t\t<\/div>\n\t\t<\/div>\n\t\t\t\t\t<\/div>\n\t\t<\/section>\n\t\t\t\t<\/div>","protected":false},"excerpt":{"rendered":"<p>Privacy policy dia24.eu (Company) is the processor of personal data.\u00a0 Collection and use of personal data Personal data is data that dia24.eu collects to identify or contact an individual person. Personal data may be collected with the consent of the customer in the following ways:&#8230;<\/p>","protected":false},"author":1,"featured_media":0,"parent":0,"menu_order":0,"comment_status":"closed","ping_status":"closed","template":"","meta":{"footnotes":""},"class_list":["post-12","page","type-page","status-publish","hentry"],"aioseo_notices":[],"_links":{"self":[{"href":"https:\/\/dia24.eu\/es\/wp-json\/wp\/v2\/pages\/12","targetHints":{"allow":["GET"]}}],"collection":[{"href":"https:\/\/dia24.eu\/es\/wp-json\/wp\/v2\/pages"}],"about":[{"href":"https:\/\/dia24.eu\/es\/wp-json\/wp\/v2\/types\/page"}],"author":[{"embeddable":true,"href":"https:\/\/dia24.eu\/es\/wp-json\/wp\/v2\/users\/1"}],"replies":[{"embeddable":true,"href":"https:\/\/dia24.eu\/es\/wp-json\/wp\/v2\/comments?post=12"}],"version-history":[{"count":6,"href":"https:\/\/dia24.eu\/es\/wp-json\/wp\/v2\/pages\/12\/revisions"}],"predecessor-version":[{"id":15854,"href":"https:\/\/dia24.eu\/es\/wp-json\/wp\/v2\/pages\/12\/revisions\/15854"}],"wp:attachment":[{"href":"https:\/\/dia24.eu\/es\/wp-json\/wp\/v2\/media?parent=12"}],"curies":[{"name":"wp","href":"https:\/\/api.w.org\/{rel}","templated":true}]}}