{"id":7454,"date":"2023-03-03T02:19:07","date_gmt":"2023-03-03T00:19:07","guid":{"rendered":"https:\/\/dia24.eu\/?page_id=7454"},"modified":"2024-07-24T01:18:24","modified_gmt":"2024-07-23T22:18:24","slug":"terms-and-conditions","status":"publish","type":"page","link":"https:\/\/dia24.eu\/es\/terms-and-conditions\/","title":{"rendered":"Condiciones generales"},"content":{"rendered":"<div data-elementor-type=\"wp-page\" data-elementor-id=\"7454\" class=\"elementor elementor-7454\">\n\t\t\t\t\t\t<section class=\"elementor-section elementor-top-section elementor-element elementor-element-7869d79 elementor-section-boxed elementor-section-height-default elementor-section-height-default\" data-id=\"7869d79\" data-element_type=\"section\" data-e-type=\"section\">\n\t\t\t\t\t\t<div class=\"elementor-container elementor-column-gap-default\">\n\t\t\t\t\t<div class=\"elementor-column elementor-col-100 elementor-top-column elementor-element elementor-element-3a63170\" data-id=\"3a63170\" data-element_type=\"column\" data-e-type=\"column\">\n\t\t\t<div class=\"elementor-widget-wrap elementor-element-populated\">\n\t\t\t\t\t\t<div class=\"elementor-element elementor-element-a1f1fe9 elementor-widget elementor-widget-heading\" data-id=\"a1f1fe9\" data-element_type=\"widget\" data-e-type=\"widget\" data-widget_type=\"heading.default\">\n\t\t\t\t<div class=\"elementor-widget-container\">\n\t\t\t\t\t<h1 class=\"elementor-heading-title elementor-size-default\">Condiciones generales<\/h1>\t\t\t\t<\/div>\n\t\t\t\t<\/div>\n\t\t\t\t<div class=\"elementor-element elementor-element-744dc67 elementor-widget elementor-widget-text-editor\" data-id=\"744dc67\" data-element_type=\"widget\" data-e-type=\"widget\" data-widget_type=\"text-editor.default\">\n\t\t\t\t<div class=\"elementor-widget-container\">\n\t\t\t\t\t\t\t\t\t<p style=\"text-align: center;\">Estas condiciones se aplican a los productos adquiridos en la tienda online dia24.eu<\/p>\n<h2><strong>Precios<\/strong><\/h2>\n<ol>\n<li>Los precios de los productos vendidos en la tienda en l\u00ednea se muestran junto a los productos.<\/li>\n<li>Todos los precios mostrados incluyen todos los impuestos y son finales antes de los gastos de env\u00edo.<\/li>\n<li>Los gastos de env\u00edo se a\u00f1adir\u00e1n al pagar.<\/li>\n<\/ol>\n<h2><strong>Realizar un pedido<\/strong><\/h2>\n<ol>\n<li>Para pedir los productos debe a\u00f1adirlos a la cesta de la compra<\/li>\n<li>Para realizar un pedido, siga el proceso de pago y rellene todos los campos obligatorios.<\/li>\n<li>Para realizar su pedido, seleccione el m\u00e9todo de pago adecuado y ab\u00f3nelo.<\/li>\n<li>Los pedidos se confirman tras el pago<\/li>\n<\/ol>\n<h2><strong>Env\u00edo<\/strong><\/h2>\n<ol>\n<li>S\u00f3lo realizamos env\u00edos a los pa\u00edses que se indican a continuaci\u00f3n:\n<ul>\n<li>Los pa\u00edses de la UE son: Alemania, Austria, B\u00e9lgica, Bulgaria, Chipre, Croacia, Dinamarca, Eslovaquia, Eslovenia, Espa\u00f1a, Estonia, Finlandia, Francia, Grecia, Hungr\u00eda, Irlanda, Italia, Letonia, Lituania, Luxemburgo, Malta, Pa\u00edses Bajos, Polonia, Portugal, Rep\u00fablica Checa, Ruman\u00eda y Suecia.<\/li>\n<li>Fuera de la Uni\u00f3n Europea: Reino Unido, Hong Kong.<\/li>\n<\/ul>\n<\/li>\n<li>Gastos de env\u00edo\n<ol>\n<li>Uni\u00f3n Europea y Reino Unido:\n<ul>\n<li>Econ\u00f3mica (7-14 d\u00edas de media): 8\u20ac<\/li>\n<li>Est\u00e1ndar (6-12 d\u00edas de media): 10\u20ac<\/li>\n<li>Premium (5-8 d\u00edas de media): 25\u20ac<\/li>\n<li>DHL Express al siguiente d\u00eda laborable: el precio var\u00eda entre 50-150\u20ac, s\u00f3lo bajo petici\u00f3n especial.<\/li>\n<\/ul>\n<\/li>\n<\/ol>\n<\/li>\n<li>Todos los pedidos se env\u00edan con n\u00famero de seguimiento.<\/li>\n<li>Plazos de entrega:\n<ol>\n<li>Economy: una media de 7-14 d\u00edas, puede tardar 2 o m\u00e1s semanas en llegar. Seguimiento no garantizado.<\/li>\n<li>Est\u00e1ndar: una media de 6-12 d\u00edas, puede tardar 2 o m\u00e1s semanas en llegar. Seguimiento incluido.<\/li>\n<li>Premium: de 3 a 8 d\u00edas (depende del destino). Seguimiento incluido. Entregado por mensajero en su puerta. En raras ocasiones puede tardar m\u00e1s de una semana.<\/li>\n<li>DHL Express: 1-2 d\u00edas, s\u00f3lo bajo pedido especial. Seguimiento incluido. Enviado por avi\u00f3n y entregado por mensajer\u00eda en su puerta.<\/li>\n<\/ol>\n<\/li>\n<\/ol>\n<h2><strong>Tramitaci\u00f3n de pedidos<\/strong><\/h2>\n<ol>\n<li>Todos los pedidos se tramitan y env\u00edan en un plazo de 3 d\u00edas laborables\n<ul>\n<li>Los pedidos realizados el viernes, s\u00e1bado o domingo se tramitar\u00e1n el lunes y se enviar\u00e1n el mismo d\u00eda o, a m\u00e1s tardar, el mi\u00e9rcoles.<\/li><li>En los casos no revelados, la tramitaci\u00f3n del pedido puede tardar hasta 5 d\u00edas.<\/li>\n<\/ul>\n<\/li>\n<\/ol>\n<h2><strong>Formas de pago<\/strong><\/h2>\n<ol>\n<li>Con tarjeta de d\u00e9bito o cr\u00e9dito mediante Stripe, Google Pay o Apple Pay.<\/li>\n<li>SEPA \/ Transferencia bancaria europea a nuestra cuenta bancaria utilizando los datos facilitados en la confirmaci\u00f3n del pedido<\/li>\n<\/ol>\n<ul>\n<li style=\"list-style-type: none;\">\n<ul>\n<li>La transferencia bancaria puede tardar hasta 2 d\u00edas laborables en liquidarse en nuestra cuenta, el pedido se confirmar\u00e1 despu\u00e9s de que recibamos su pago.<\/li>\n<li>Los pedidos impagados se cancelar\u00e1n transcurridos 3 d\u00edas laborables desde la fecha del pedido.<\/li>\n<\/ul>\n<\/li>\n<\/ul>\n<h2><strong>Condiciones de garant\u00eda<\/strong><\/h2>\n<ol>\n<li>Los productos de estas categor\u00edas no est\u00e1n cubiertos por ninguna garant\u00eda:\n<ol>\n<li>Sensores de glucosa y su equipamiento.<\/li>\n<li>Jeringuillas de insulina, agujas y otros productos m\u00e9dicos y est\u00e9riles.<\/li>\n<li>Complementos alimenticios y bebidas.<\/li>\n<\/ol>\n<\/li>\n<\/ol>\n<h2><strong>Condiciones de devoluci\u00f3n \/ Devoluci\u00f3n de mercanc\u00edas<\/strong><\/h2>\n<ul>\n<li>El derecho de devoluci\u00f3n s\u00f3lo se aplica a los compradores particulares, no a los clientes empresariales.<\/li>\n<\/ul>\n<h4><strong>Devoluci\u00f3n sin motivo en un plazo de 14 d\u00edas<\/strong><\/h4>\n<ol>\n<li>El cliente tiene derecho a rescindir el contrato en un plazo de 14 d\u00edas a partir de la recepci\u00f3n de la mercanc\u00eda.<\/li>\n<li>S\u00f3lo pueden devolverse los productos en su embalaje original, sin abrir y sin da\u00f1os.<\/li>\n<li>Los gastos de devoluci\u00f3n corren siempre a cargo del cliente<\/li>\n<li>Si los productos devueltos nos han llegado sin abrir y en su embalaje original, reembolsaremos al comprador en un plazo de 30 d\u00edas laborables, deduciendo los gastos de env\u00edo del importe reembolsado.<\/li>\n<\/ol>\n<h4><strong>Devoluci\u00f3n justificada en un plazo de 14 d\u00edas<\/strong><\/h4>\n<ol>\n<li>La raz\u00f3n podr\u00eda ser:\n<ol>\n<li>No conformidad con lo pedido: talla, color o cantidad incorrectos.<\/li>\n<\/ol>\n<\/li>\n<li>Gastos de devoluci\u00f3n a cargo del vendedor<\/li>\n<li>Si el comprador ha abierto un paquete de un producto que no ha pedido, s\u00f3lo reembolsaremos el dinero de aquellos paquetes que no hayan sido abiertos y est\u00e9n en su forma original.<\/li>\n<li>Si los productos devueltos nos han llegado sin abrir y en su embalaje original, reembolsaremos al comprador en un plazo de 30 d\u00edas laborables.<\/li>\n<\/ol>\t\t\t\t\t\t\t\t<\/div>\n\t\t\t\t<\/div>\n\t\t\t\t\t<\/div>\n\t\t<\/div>\n\t\t\t\t\t<\/div>\n\t\t<\/section>\n\t\t\t\t<\/div>","protected":false},"excerpt":{"rendered":"<p>T\u00e9rminos y Condiciones Estos t\u00e9rminos se aplican a los productos comprados en la tienda online dia24.eu Precios Los precios de los productos vendidos en la tienda online se muestran junto a los productos. Todos los precios mostrados incluyen todos los impuestos y son finales antes de los gastos de env\u00edo. Los gastos de env\u00edo...<\/p>","protected":false},"author":1,"featured_media":0,"parent":0,"menu_order":0,"comment_status":"closed","ping_status":"closed","template":"","meta":{"footnotes":""},"class_list":["post-7454","page","type-page","status-publish","hentry"],"aioseo_notices":[],"_links":{"self":[{"href":"https:\/\/dia24.eu\/es\/wp-json\/wp\/v2\/pages\/7454","targetHints":{"allow":["GET"]}}],"collection":[{"href":"https:\/\/dia24.eu\/es\/wp-json\/wp\/v2\/pages"}],"about":[{"href":"https:\/\/dia24.eu\/es\/wp-json\/wp\/v2\/types\/page"}],"author":[{"embeddable":true,"href":"https:\/\/dia24.eu\/es\/wp-json\/wp\/v2\/users\/1"}],"replies":[{"embeddable":true,"href":"https:\/\/dia24.eu\/es\/wp-json\/wp\/v2\/comments?post=7454"}],"version-history":[{"count":94,"href":"https:\/\/dia24.eu\/es\/wp-json\/wp\/v2\/pages\/7454\/revisions"}],"predecessor-version":[{"id":10937,"href":"https:\/\/dia24.eu\/es\/wp-json\/wp\/v2\/pages\/7454\/revisions\/10937"}],"wp:attachment":[{"href":"https:\/\/dia24.eu\/es\/wp-json\/wp\/v2\/media?parent=7454"}],"curies":[{"name":"wp","href":"https:\/\/api.w.org\/{rel}","templated":true}]}}