{"id":7602,"date":"2023-03-03T21:00:52","date_gmt":"2023-03-03T19:00:52","guid":{"rendered":"https:\/\/dia24.eu\/?page_id=7602"},"modified":"2023-03-03T22:13:47","modified_gmt":"2023-03-03T20:13:47","slug":"questions-answers","status":"publish","type":"page","link":"https:\/\/dia24.eu\/es\/preguntas-respuestas\/","title":{"rendered":"Preguntas y respuestas"},"content":{"rendered":"<div data-elementor-type=\"wp-page\" data-elementor-id=\"7602\" class=\"elementor elementor-7602\">\n\t\t\t\t\t\t<section class=\"elementor-section elementor-top-section elementor-element elementor-element-6ea251b elementor-section-boxed elementor-section-height-default elementor-section-height-default\" data-id=\"6ea251b\" data-element_type=\"section\">\n\t\t\t\t\t\t<div class=\"elementor-container elementor-column-gap-default\">\n\t\t\t\t\t<div class=\"elementor-column elementor-col-100 elementor-top-column elementor-element elementor-element-0bfeff4\" data-id=\"0bfeff4\" data-element_type=\"column\">\n\t\t\t<div class=\"elementor-widget-wrap elementor-element-populated\">\n\t\t\t\t\t\t<div class=\"elementor-element elementor-element-836a1d9 elementor-widget elementor-widget-heading\" data-id=\"836a1d9\" data-element_type=\"widget\" data-widget_type=\"heading.default\">\n\t\t\t\t<div class=\"elementor-widget-container\">\n\t\t\t\t\t<h1 class=\"elementor-heading-title elementor-size-default\">Preguntas y respuestas<\/h1>\t\t\t\t<\/div>\n\t\t\t\t<\/div>\n\t\t\t\t\t<\/div>\n\t\t<\/div>\n\t\t\t\t\t<\/div>\n\t\t<\/section>\n\t\t\t\t<section class=\"elementor-section elementor-top-section elementor-element elementor-element-2356efa elementor-section-boxed elementor-section-height-default elementor-section-height-default\" data-id=\"2356efa\" data-element_type=\"section\">\n\t\t\t\t\t\t<div class=\"elementor-container elementor-column-gap-default\">\n\t\t\t\t\t<div class=\"elementor-column elementor-col-66 elementor-top-column elementor-element elementor-element-99ef93c\" data-id=\"99ef93c\" data-element_type=\"column\">\n\t\t\t<div class=\"elementor-widget-wrap elementor-element-populated\">\n\t\t\t\t\t\t<div class=\"elementor-element elementor-element-72f8c4e elementor-widget elementor-widget-heading\" data-id=\"72f8c4e\" data-element_type=\"widget\" data-widget_type=\"heading.default\">\n\t\t\t\t<div class=\"elementor-widget-container\">\n\t\t\t\t\t<h3 class=\"elementor-heading-title elementor-size-default\">Medici\u00f3n continua de la glucosa<\/h3>\t\t\t\t<\/div>\n\t\t\t\t<\/div>\n\t\t\t\t<div class=\"elementor-element elementor-element-00a7ca7 elementor-widget elementor-widget-accordion\" data-id=\"00a7ca7\" data-element_type=\"widget\" data-widget_type=\"accordion.default\">\n\t\t\t\t<div class=\"elementor-widget-container\">\n\t\t\t\t\t\t\t<div class=\"elementor-accordion\">\n\t\t\t\t\t\t\t<div class=\"elementor-accordion-item\">\n\t\t\t\t\t<div id=\"elementor-tab-title-6871\" class=\"elementor-tab-title\" data-tab=\"1\" role=\"button\" aria-controls=\"elementor-tab-content-6871\" aria-expanded=\"false\">\n\t\t\t\t\t\t\t\t\t\t\t\t<a class=\"elementor-accordion-title\" tabindex=\"0\">\u00bfPuedo utilizar xDrip con un sensor Dexcom One?<\/a>\n\t\t\t\t\t<\/div>\n\t\t\t\t\t<div id=\"elementor-tab-content-6871\" class=\"elementor-tab-content elementor-clearfix\" data-tab=\"1\" role=\"region\" aria-labelledby=\"elementor-tab-title-6871\"><p>S\u00ed, xDrip es compatible con los sensores Dexcom ONE a partir de 2021.<br \/>Utilice la \u00faltima versi\u00f3n de xDrip y siga las instrucciones de <span style=\"text-decoration: underline;\"><strong><a href=\"https:\/\/xdrip.readthedocs.io\/en\/latest\/install\/g6\/\" target=\"_blank\" rel=\"noopener\">instrucciones de instalaci\u00f3n del sensor G6\/ONE<\/a><\/strong><\/span>.<\/p><\/div>\n\t\t\t\t<\/div>\n\t\t\t\t\t\t\t<div class=\"elementor-accordion-item\">\n\t\t\t\t\t<div id=\"elementor-tab-title-6872\" class=\"elementor-tab-title\" data-tab=\"2\" role=\"button\" aria-controls=\"elementor-tab-content-6872\" aria-expanded=\"false\">\n\t\t\t\t\t\t\t\t\t\t\t\t<a class=\"elementor-accordion-title\" tabindex=\"0\">\u00bfPuedo ampliar el sensor Dexcom ONE?<\/a>\n\t\t\t\t\t<\/div>\n\t\t\t\t\t<div id=\"elementor-tab-content-6872\" class=\"elementor-tab-content elementor-clearfix\" data-tab=\"2\" role=\"region\" aria-labelledby=\"elementor-tab-title-6872\"><p>Aunque el fabricante ha fijado la vida \u00fatil del sensor en 10 d\u00edas, puedes ampliarla si utilizas la app xDrip.<br \/>Para ello, deber\u00e1 retirar con cuidado el transmisor y esperar al menos 10 minutos; a continuaci\u00f3n, vuelva a colocar el transmisor en el sensor y ponga en marcha el mismo sensor como si fuera nuevo.<\/p><\/div>\n\t\t\t\t<\/div>\n\t\t\t\t\t\t\t<div class=\"elementor-accordion-item\">\n\t\t\t\t\t<div id=\"elementor-tab-title-6873\" class=\"elementor-tab-title\" data-tab=\"3\" role=\"button\" aria-controls=\"elementor-tab-content-6873\" aria-expanded=\"false\">\n\t\t\t\t\t\t\t\t\t\t\t\t<a class=\"elementor-accordion-title\" tabindex=\"0\">\u00bfDurante cu\u00e1nto tiempo puedo prolongar la vida \u00fatil del sensor?<\/a>\n\t\t\t\t\t<\/div>\n\t\t\t\t\t<div id=\"elementor-tab-content-6873\" class=\"elementor-tab-content elementor-clearfix\" data-tab=\"3\" role=\"region\" aria-labelledby=\"elementor-tab-title-6873\"><p>La vida \u00fatil del sensor es individual y depende de lo bien que se fije el sensor y de que el parche aguante.<br \/>Algunos usuarios prolongan el sensor hasta 5-10 d\u00edas.<br \/>Eso hace un total de unos 15-20 d\u00edas.<\/p><\/div>\n\t\t\t\t<\/div>\n\t\t\t\t\t\t\t<div class=\"elementor-accordion-item\">\n\t\t\t\t\t<div id=\"elementor-tab-title-6874\" class=\"elementor-tab-title\" data-tab=\"4\" role=\"button\" aria-controls=\"elementor-tab-content-6874\" aria-expanded=\"false\">\n\t\t\t\t\t\t\t\t\t\t\t\t<a class=\"elementor-accordion-title\" tabindex=\"0\">\u00bfEn qu\u00e9 pa\u00edses es compatible Dexcom ONE?<\/a>\n\t\t\t\t\t<\/div>\n\t\t\t\t\t<div id=\"elementor-tab-content-6874\" class=\"elementor-tab-content elementor-clearfix\" data-tab=\"4\" role=\"region\" aria-labelledby=\"elementor-tab-title-6874\"><p>Dexcom ONE s\u00f3lo est\u00e1 disponible oficialmente en los pa\u00edses europeos que figuran en la lista.<br \/>Encontrar\u00e1 m\u00e1s informaci\u00f3n en el sitio web oficial.<\/p><\/div>\n\t\t\t\t<\/div>\n\t\t\t\t\t\t\t<div class=\"elementor-accordion-item\">\n\t\t\t\t\t<div id=\"elementor-tab-title-6875\" class=\"elementor-tab-title\" data-tab=\"5\" role=\"button\" aria-controls=\"elementor-tab-content-6875\" aria-expanded=\"false\">\n\t\t\t\t\t\t\t\t\t\t\t\t<a class=\"elementor-accordion-title\" tabindex=\"0\">\u00bfPuedo descargar la aplicaci\u00f3n oficial si Dexcom ONE no es compatible en mi pa\u00eds?<\/a>\n\t\t\t\t\t<\/div>\n\t\t\t\t\t<div id=\"elementor-tab-content-6875\" class=\"elementor-tab-content elementor-clearfix\" data-tab=\"5\" role=\"region\" aria-labelledby=\"elementor-tab-title-6875\"><p>Por lo que sabemos, no existe tal posibilidad.<br \/>Tambi\u00e9n puedes utilizar la aplicaci\u00f3n xDrip.<\/p><\/div>\n\t\t\t\t<\/div>\n\t\t\t\t\t\t\t<div class=\"elementor-accordion-item\">\n\t\t\t\t\t<div id=\"elementor-tab-title-6876\" class=\"elementor-tab-title\" data-tab=\"6\" role=\"button\" aria-controls=\"elementor-tab-content-6876\" aria-expanded=\"false\">\n\t\t\t\t\t\t\t\t\t\t\t\t<a class=\"elementor-accordion-title\" tabindex=\"0\">\u00bfQu\u00e9 es xDrip y cu\u00e1les son sus capacidades?<\/a>\n\t\t\t\t\t<\/div>\n\t\t\t\t\t<div id=\"elementor-tab-content-6876\" class=\"elementor-tab-content elementor-clearfix\" data-tab=\"6\" role=\"region\" aria-labelledby=\"elementor-tab-title-6876\"><p>xDrip es una aplicaci\u00f3n de c\u00f3digo abierto que permite conectar sensores de distintos fabricantes.<br \/>M\u00e1s informaci\u00f3n aqu\u00ed: <span style=\"text-decoration: underline;\"><strong><a href=\"https:\/\/xdrip.readthedocs.io\/en\/latest\/use\/mainUI\/\" target=\"_blank\" rel=\"noopener\">xDrip<\/a><\/strong><\/span><\/p><\/div>\n\t\t\t\t<\/div>\n\t\t\t\t\t\t\t<div class=\"elementor-accordion-item\">\n\t\t\t\t\t<div id=\"elementor-tab-title-6877\" class=\"elementor-tab-title\" data-tab=\"7\" role=\"button\" aria-controls=\"elementor-tab-content-6877\" aria-expanded=\"false\">\n\t\t\t\t\t\t\t\t\t\t\t\t<a class=\"elementor-accordion-title\" tabindex=\"0\">\u00bfAdmite xDrip alarmas?<\/a>\n\t\t\t\t\t<\/div>\n\t\t\t\t\t<div id=\"elementor-tab-content-6877\" class=\"elementor-tab-content elementor-clearfix\" data-tab=\"7\" role=\"region\" aria-labelledby=\"elementor-tab-title-6877\"><p>xDrip tiene una gama muy amplia de funciones.<br \/>Las alarmas de glucosa en sangre baja y alta son una de sus caracter\u00edsticas, puede establecerlas y configurarlas usted mismo.<\/p><\/div>\n\t\t\t\t<\/div>\n\t\t\t\t\t\t\t<div class=\"elementor-accordion-item\">\n\t\t\t\t\t<div id=\"elementor-tab-title-6878\" class=\"elementor-tab-title\" data-tab=\"8\" role=\"button\" aria-controls=\"elementor-tab-content-6878\" aria-expanded=\"false\">\n\t\t\t\t\t\t\t\t\t\t\t\t<a class=\"elementor-accordion-title\" tabindex=\"0\">\u00bfEs compatible xDrip con Novopen Echo Plus?<\/a>\n\t\t\t\t\t<\/div>\n\t\t\t\t\t<div id=\"elementor-tab-content-6878\" class=\"elementor-tab-content elementor-clearfix\" data-tab=\"8\" role=\"region\" aria-labelledby=\"elementor-tab-title-6878\"><p>S\u00ed, las \u00faltimas versiones de xDrip admiten la lectura NFC de Novopen Echo Plus.<br \/>Esto le permite registrar sus \u00faltimas inyecciones directamente en la aplicaci\u00f3n xDrip. A continuaci\u00f3n, el xDrip predice el movimiento de tu glucemia con unas horas de antelaci\u00f3n, \u00fasalo con precauci\u00f3n.<\/p><\/div>\n\t\t\t\t<\/div>\n\t\t\t\t\t\t\t<div class=\"elementor-accordion-item\">\n\t\t\t\t\t<div id=\"elementor-tab-title-6879\" class=\"elementor-tab-title\" data-tab=\"9\" role=\"button\" aria-controls=\"elementor-tab-content-6879\" aria-expanded=\"false\">\n\t\t\t\t\t\t\t\t\t\t\t\t<a class=\"elementor-accordion-title\" tabindex=\"0\">\u00bfD\u00f3nde puedo obtener ayuda con preguntas relacionadas con xDrip?<\/a>\n\t\t\t\t\t<\/div>\n\t\t\t\t\t<div id=\"elementor-tab-content-6879\" class=\"elementor-tab-content elementor-clearfix\" data-tab=\"9\" role=\"region\" aria-labelledby=\"elementor-tab-title-6879\"><p><span style=\"text-decoration: underline;\"><strong><a href=\"https:\/\/www.facebook.com\/groups\/xDripG5\/\" target=\"_blank\" rel=\"noopener\">Grupo oficial xDrip en Facebook<\/a><\/strong><\/span><br \/>En este grupo puedes hacer preguntas y pedir ayuda a otros usuarios.<\/p><\/div>\n\t\t\t\t<\/div>\n\t\t\t\t\t\t\t\t\t\t<script type=\"application\/ld+json\">{\n    \"@context\": \"https:\\\/\\\/schema.org\",\n    \"@type\": \"FAQPage\",\n    \"mainEntity\": [\n        {\n            \"@type\": \"Question\",\n            \"name\": \"Can I use xDrip with a Dexcom One sensor?\",\n            \"acceptedAnswer\": {\n                \"@type\": \"Answer\",\n                \"text\": \"<p>Yes, xDrip supports Dexcom ONE sensors from 2021.<br \\\/>Please use the latest version of xDrip and follow the <span style=\\\"text-decoration: underline;\\\"><strong><a href=\\\"https:\\\/\\\/xdrip.readthedocs.io\\\/en\\\/latest\\\/install\\\/g6\\\/\\\" target=\\\"_blank\\\" rel=\\\"noopener\\\">installation instructions for the G6\\\/ONE sensor<\\\/a><\\\/strong><\\\/span>.<\\\/p>\"\n            }\n        },\n        {\n            \"@type\": \"Question\",\n            \"name\": \"Can I extend the Dexcom ONE sensor?\",\n            \"acceptedAnswer\": {\n                \"@type\": \"Answer\",\n                \"text\": \"<p>Although the manufacturer has set the lifetime of the sensor to 10 days, you can extend the lifetime if you use the xDrip app.<br \\\/>To do this, you will need to carefully remove the transmitter and wait at least 10 minutes, then attach the transmitter back to the sensor and start the same sensor as new.<\\\/p>\"\n            }\n        },\n        {\n            \"@type\": \"Question\",\n            \"name\": \"For how long can I extend the lifetime of the sensor?\",\n            \"acceptedAnswer\": {\n                \"@type\": \"Answer\",\n                \"text\": \"<p>The lifetime of the sensor is individual and depends on how well the sensor is attached and whether the patch will hold.<br \\\/>Some users prolong the sensor for up to 5-10 days.<br \\\/>That makes a total of about 15-20 days.<\\\/p>\"\n            }\n        },\n        {\n            \"@type\": \"Question\",\n            \"name\": \"In which countries is Dexcom ONE supported\",\n            \"acceptedAnswer\": {\n                \"@type\": \"Answer\",\n                \"text\": \"<p>Dexcom ONE is officially available only in listed European countries.<br \\\/>More information can be found on the official website.<\\\/p>\"\n            }\n        },\n        {\n            \"@type\": \"Question\",\n            \"name\": \"Can I download the official app if Dexcom ONE is not supported in my country?\",\n            \"acceptedAnswer\": {\n                \"@type\": \"Answer\",\n                \"text\": \"<p>As far as we know, there is no such possibility.<br \\\/>Alternatively, you can use the xDrip app.<\\\/p>\"\n            }\n        },\n        {\n            \"@type\": \"Question\",\n            \"name\": \"What is xDrip and what are its capabilities?\",\n            \"acceptedAnswer\": {\n                \"@type\": \"Answer\",\n                \"text\": \"<p>xDrip is an open-source app that allows you to connect sensors from different manufacturers.<br \\\/>More information can be found here: <span style=\\\"text-decoration: underline;\\\"><strong><a href=\\\"https:\\\/\\\/xdrip.readthedocs.io\\\/en\\\/latest\\\/use\\\/mainUI\\\/\\\" target=\\\"_blank\\\" rel=\\\"noopener\\\">xDrip+<\\\/a><\\\/strong><\\\/span><\\\/p>\"\n            }\n        },\n        {\n            \"@type\": \"Question\",\n            \"name\": \"Does xDrip support alarms?\",\n            \"acceptedAnswer\": {\n                \"@type\": \"Answer\",\n                \"text\": \"<p>xDrip has a very wide range of features.<br \\\/>Low and high blood glucose alarms are one of its features, you can set and configure them yourself.<\\\/p>\"\n            }\n        },\n        {\n            \"@type\": \"Question\",\n            \"name\": \"Does xDrip support Novopen Echo Plus?\",\n            \"acceptedAnswer\": {\n                \"@type\": \"Answer\",\n                \"text\": \"<p>Yes, the latest versions of xDrip support NFC readable Novopen Echo Plus.<br \\\/>This allows you to record your last injections directly into the xDrip app. The xDrip then predicts your blood sugar movement a few hours in advance, use with caution.<\\\/p>\"\n            }\n        },\n        {\n            \"@type\": \"Question\",\n            \"name\": \"Where can I get help with xDrip related questions?\",\n            \"acceptedAnswer\": {\n                \"@type\": \"Answer\",\n                \"text\": \"<p><span style=\\\"text-decoration: underline;\\\"><strong><a href=\\\"https:\\\/\\\/www.facebook.com\\\/groups\\\/xDripG5\\\/\\\" target=\\\"_blank\\\" rel=\\\"noopener\\\">Official xDrip group on Facebook<\\\/a><\\\/strong><\\\/span><br \\\/>In this group you can ask questions and ask for help from other users.<\\\/p>\"\n            }\n        }\n    ]\n}<\/script>\n\t\t\t\t\t<\/div>\n\t\t\t\t\t\t<\/div>\n\t\t\t\t<\/div>\n\t\t\t\t\t<\/div>\n\t\t<\/div>\n\t\t\t\t<div class=\"elementor-column elementor-col-33 elementor-top-column elementor-element elementor-element-82d50ad\" data-id=\"82d50ad\" data-element_type=\"column\">\n\t\t\t<div class=\"elementor-widget-wrap\">\n\t\t\t\t\t\t\t<\/div>\n\t\t<\/div>\n\t\t\t\t\t<\/div>\n\t\t<\/section>\n\t\t\t\t<section class=\"elementor-section elementor-top-section elementor-element elementor-element-bb1df42 elementor-section-boxed elementor-section-height-default elementor-section-height-default\" data-id=\"bb1df42\" data-element_type=\"section\">\n\t\t\t\t\t\t<div class=\"elementor-container elementor-column-gap-default\">\n\t\t\t\t\t<div class=\"elementor-column elementor-col-66 elementor-top-column elementor-element elementor-element-fb34621\" data-id=\"fb34621\" data-element_type=\"column\">\n\t\t\t<div class=\"elementor-widget-wrap elementor-element-populated\">\n\t\t\t\t\t\t<div class=\"elementor-element elementor-element-e288f14 elementor-widget elementor-widget-heading\" data-id=\"e288f14\" data-element_type=\"widget\" data-widget_type=\"heading.default\">\n\t\t\t\t<div class=\"elementor-widget-container\">\n\t\t\t\t\t<h3 class=\"elementor-heading-title elementor-size-default\">Productos, fecha de caducidad, transporte<\/h3>\t\t\t\t<\/div>\n\t\t\t\t<\/div>\n\t\t\t\t<div class=\"elementor-element elementor-element-03d2d43 elementor-widget elementor-widget-accordion\" data-id=\"03d2d43\" data-element_type=\"widget\" data-widget_type=\"accordion.default\">\n\t\t\t\t<div class=\"elementor-widget-container\">\n\t\t\t\t\t\t\t<div class=\"elementor-accordion\">\n\t\t\t\t\t\t\t<div class=\"elementor-accordion-item\">\n\t\t\t\t\t<div id=\"elementor-tab-title-4001\" class=\"elementor-tab-title\" data-tab=\"1\" role=\"button\" aria-controls=\"elementor-tab-content-4001\" aria-expanded=\"false\">\n\t\t\t\t\t\t\t\t\t\t\t\t<a class=\"elementor-accordion-title\" tabindex=\"0\">\u00bfCu\u00e1l es la fecha de caducidad de los productos vendidos?<\/a>\n\t\t\t\t\t<\/div>\n\t\t\t\t\t<div id=\"elementor-tab-content-4001\" class=\"elementor-tab-content elementor-clearfix\" data-tab=\"1\" role=\"region\" aria-labelledby=\"elementor-tab-title-4001\"><p>Todos los productos vendidos tienen la mejor fecha de caducidad posible.<br \/>Muchos productos tienen un periodo de validez de 2-3 a\u00f1os.<\/p><\/div>\n\t\t\t\t<\/div>\n\t\t\t\t\t\t\t<div class=\"elementor-accordion-item\">\n\t\t\t\t\t<div id=\"elementor-tab-title-4002\" class=\"elementor-tab-title\" data-tab=\"2\" role=\"button\" aria-controls=\"elementor-tab-content-4002\" aria-expanded=\"false\">\n\t\t\t\t\t\t\t\t\t\t\t\t<a class=\"elementor-accordion-title\" tabindex=\"0\">\u00bfEs posible seguir una compra con un n\u00famero de seguimiento?<\/a>\n\t\t\t\t\t<\/div>\n\t\t\t\t\t<div id=\"elementor-tab-content-4002\" class=\"elementor-tab-content elementor-clearfix\" data-tab=\"2\" role=\"region\" aria-labelledby=\"elementor-tab-title-4002\"><p>S\u00ed, s\u00f3lo utilizamos env\u00edos certificados.<br \/>En cuanto se env\u00ede su pedido, encontrar\u00e1 el c\u00f3digo de seguimiento en los detalles del pedido.<\/p><\/div>\n\t\t\t\t<\/div>\n\t\t\t\t\t\t\t\t\t\t<script type=\"application\/ld+json\">{\n    \"@context\": \"https:\\\/\\\/schema.org\",\n    \"@type\": \"FAQPage\",\n    \"mainEntity\": [\n        {\n            \"@type\": \"Question\",\n            \"name\": \"What is the expiry date of the products sold?\",\n            \"acceptedAnswer\": {\n                \"@type\": \"Answer\",\n                \"text\": \"<p>All products sold have the best possible expiry date.<br \\\/>Many products have a 2-3 year validity period.<\\\/p>\"\n            }\n        },\n        {\n            \"@type\": \"Question\",\n            \"name\": \"Is it possible to track a purchase with a tracking number?\",\n            \"acceptedAnswer\": {\n                \"@type\": \"Answer\",\n                \"text\": \"<p>Yes, we only use registered shipments.<br \\\/>As soon as your order is dispatched, you will find the tracking code in the order details.<\\\/p>\"\n            }\n        }\n    ]\n}<\/script>\n\t\t\t\t\t<\/div>\n\t\t\t\t\t\t<\/div>\n\t\t\t\t<\/div>\n\t\t\t\t\t<\/div>\n\t\t<\/div>\n\t\t\t\t<div class=\"elementor-column elementor-col-33 elementor-top-column elementor-element elementor-element-acaf749\" data-id=\"acaf749\" data-element_type=\"column\">\n\t\t\t<div class=\"elementor-widget-wrap\">\n\t\t\t\t\t\t\t<\/div>\n\t\t<\/div>\n\t\t\t\t\t<\/div>\n\t\t<\/section>\n\t\t\t\t<\/div>","protected":false},"excerpt":{"rendered":"<p>Preguntas y respuestas Medici\u00f3n continua de la glucosa \u00bfPuedo utilizar xDrip con un sensor Dexcom One? S\u00ed, xDrip es compatible con los sensores Dexcom ONE a partir de 2021. Utilice la \u00faltima versi\u00f3n de xDrip y siga las instrucciones de instalaci\u00f3n del sensor G6\/ONE. \u00bfPuedo ampliar el sensor Dexcom ONE...<\/p>","protected":false},"author":1,"featured_media":0,"parent":0,"menu_order":0,"comment_status":"closed","ping_status":"closed","template":"","meta":{"footnotes":""},"class_list":["post-7602","page","type-page","status-publish","hentry"],"aioseo_notices":[],"_links":{"self":[{"href":"https:\/\/dia24.eu\/es\/wp-json\/wp\/v2\/pages\/7602","targetHints":{"allow":["GET"]}}],"collection":[{"href":"https:\/\/dia24.eu\/es\/wp-json\/wp\/v2\/pages"}],"about":[{"href":"https:\/\/dia24.eu\/es\/wp-json\/wp\/v2\/types\/page"}],"author":[{"embeddable":true,"href":"https:\/\/dia24.eu\/es\/wp-json\/wp\/v2\/users\/1"}],"replies":[{"embeddable":true,"href":"https:\/\/dia24.eu\/es\/wp-json\/wp\/v2\/comments?post=7602"}],"version-history":[{"count":62,"href":"https:\/\/dia24.eu\/es\/wp-json\/wp\/v2\/pages\/7602\/revisions"}],"predecessor-version":[{"id":7674,"href":"https:\/\/dia24.eu\/es\/wp-json\/wp\/v2\/pages\/7602\/revisions\/7674"}],"wp:attachment":[{"href":"https:\/\/dia24.eu\/es\/wp-json\/wp\/v2\/media?parent=7602"}],"curies":[{"name":"wp","href":"https:\/\/api.w.org\/{rel}","templated":true}]}}