{"id":10052,"date":"2023-11-04T15:13:03","date_gmt":"2023-11-04T13:13:03","guid":{"rendered":"https:\/\/dia24.eu\/?post_type=product&#038;p=10052"},"modified":"2025-05-29T18:45:09","modified_gmt":"2025-05-29T15:45:09","slug":"trio-elisse-skin-barrier-spray","status":"publish","type":"product","link":"https:\/\/dia24.eu\/es\/product\/trio-elisse-skin-barrier-spray\/","title":{"rendered":"Trio Elisse spray barrera cut\u00e1nea 50ml"},"content":{"rendered":"<p>Uso: para proteger la piel contra residuos, enzimas y adhesivos.<\/p>\n<p>El protector cut\u00e1neo Trio Elisse\u2122 es adecuado para su uso bajo diversos parches, como los parches adhesivos para sensores, los parches adhesivos para estomas o los parches utilizados para tratar heridas. El uso del protector cut\u00e1neo alivia la piel enrojecida y reduce el picor. Gracias a su f\u00f3rmula a base de silicona, el uso de este producto no suele provocar reacciones al\u00e9rgicas. El producto no contiene alcohol.<\/p>\n<p><strong>C\u00f3mo utilizarlo<\/strong><\/p>\n<ol>\n<li>Limpiar y secar la piel<\/li>\n<li>Mantenga la boquilla a una distancia de unos 10 cm de la superficie de tratamiento.<\/li>\n<li>Aplique una capa suave y uniforme del producto.<\/li>\n<li>Aseg\u00farese de que la piel est\u00e1 completamente seca antes de aplicar productos adhesivos, como un parche o un sensor.<\/li>\n<li>Vuelva a aplicarlo cada vez que cambie el dispositivo o el parche para garantizar una protecci\u00f3n completa.<\/li>\n<\/ol>\n<p>Normalmente no es necesario retirar la protecci\u00f3n especial de la piel con un removedor de adhesivos y basta con un lavado normal de la piel, pero puede retirarse f\u00e1cilmente con un removedor de adhesivos m\u00e9dicos si es necesario.<\/p>\n<p>El pulverizador funciona desde cualquier \u00e1ngulo.<\/p>\n<p><strong>Precauci\u00f3n:<\/strong><\/p>\n<ul>\n<li>Evitar pulverizar directamente sobre la herida (por ejemplo, al utilizar tiritas para heridas).<\/li>\n<li>En caso de duda, pulverice el producto en otras zonas de la piel para probarlo antes de utilizarlo.<\/li>\n<li>En caso de irritaci\u00f3n cut\u00e1nea, interrumpa su uso y p\u00f3ngase en contacto con un profesional sanitario.<\/li>\n<li>Evitar la inhalaci\u00f3n de la sustancia a pulverizar<\/li>\n<li>S\u00f3lo para uso externo<\/li>\n<li>El producto es inflamable, no fumar y no utilizar cerca del fuego.<\/li>\n<\/ul>","protected":false},"excerpt":{"rendered":"<p>El protector cut\u00e1neo Trio Elisse\u2122 es adecuado para su uso bajo diversos parches, como los parches adhesivos para sensores, los parches adhesivos para estomas o los parches utilizados para tratar heridas. El uso del protector cut\u00e1neo alivia la piel enrojecida y reduce el picor. Gracias a su f\u00f3rmula a base de silicona, el uso de este producto no suele provocar reacciones al\u00e9rgicas. El producto no contiene alcohol.<\/p>","protected":false},"featured_media":10053,"comment_status":"open","ping_status":"closed","template":"","meta":[],"etheme_brands":[],"product_brand":[],"product_cat":[83,86,80],"product_tag":[],"class_list":{"0":"post-10052","1":"product","2":"type-product","3":"status-publish","4":"has-post-thumbnail","6":"product_cat-first-aid-and-care","7":"product_cat-patches-and-skin-barriers","8":"product_cat-adhesive-patches","10":"first","11":"instock","12":"shipping-taxable","13":"purchasable","14":"product-type-simple"},"aioseo_notices":[],"_links":{"self":[{"href":"https:\/\/dia24.eu\/es\/wp-json\/wp\/v2\/product\/10052","targetHints":{"allow":["GET"]}}],"collection":[{"href":"https:\/\/dia24.eu\/es\/wp-json\/wp\/v2\/product"}],"about":[{"href":"https:\/\/dia24.eu\/es\/wp-json\/wp\/v2\/types\/product"}],"replies":[{"embeddable":true,"href":"https:\/\/dia24.eu\/es\/wp-json\/wp\/v2\/comments?post=10052"}],"version-history":[{"count":3,"href":"https:\/\/dia24.eu\/es\/wp-json\/wp\/v2\/product\/10052\/revisions"}],"predecessor-version":[{"id":10059,"href":"https:\/\/dia24.eu\/es\/wp-json\/wp\/v2\/product\/10052\/revisions\/10059"}],"wp:featuredmedia":[{"embeddable":true,"href":"https:\/\/dia24.eu\/es\/wp-json\/wp\/v2\/media\/10053"}],"wp:attachment":[{"href":"https:\/\/dia24.eu\/es\/wp-json\/wp\/v2\/media?parent=10052"}],"wp:term":[{"taxonomy":"brand","embeddable":true,"href":"https:\/\/dia24.eu\/es\/wp-json\/wp\/v2\/etheme_brands?post=10052"},{"taxonomy":"product_brand","embeddable":true,"href":"https:\/\/dia24.eu\/es\/wp-json\/wp\/v2\/product_brand?post=10052"},{"taxonomy":"product_cat","embeddable":true,"href":"https:\/\/dia24.eu\/es\/wp-json\/wp\/v2\/product_cat?post=10052"},{"taxonomy":"product_tag","embeddable":true,"href":"https:\/\/dia24.eu\/es\/wp-json\/wp\/v2\/product_tag?post=10052"}],"curies":[{"name":"wp","href":"https:\/\/api.w.org\/{rel}","templated":true}]}}