{"id":10186,"date":"2023-12-07T20:55:48","date_gmt":"2023-12-07T18:55:48","guid":{"rendered":"https:\/\/dia24.eu\/?post_type=product&#038;p=10186"},"modified":"2023-12-07T20:55:48","modified_gmt":"2023-12-07T18:55:48","slug":"jordan-caries-defense-75ml","status":"publish","type":"product","link":"https:\/\/dia24.eu\/es\/product\/jordan-caries-defense-75ml\/","title":{"rendered":"Jordan Defensa Caries 75ml"},"content":{"rendered":"<p>Jordan Caries Defense es un dent\u00edfrico ligero y de sabor fresco. Contiene un mayor nivel de xilitol para la protecci\u00f3n anticaries. La combinaci\u00f3n de fl\u00faor y xilitol proporciona unos dientes m\u00e1s fuertes y mejores niveles de remineralizaci\u00f3n en comparaci\u00f3n con los dent\u00edfricos que s\u00f3lo contienen fl\u00faor. La pasta dent\u00edfrica es suave con el esmalte dental.<\/p>\n<p>&nbsp;<\/p>\n<p>Pa\u00eds de origen: Suecia<\/p>\n<p>Ingredientes:<br \/>\nAqua, Sorbitol, S\u00edlice hidratada, Xilitol, PEG-32, Glicerina, Lauril sulfato s\u00f3dico, Aroma, Gluconato de zinc, Fluoruro s\u00f3dico, Goma de celulosa, Sacarina s\u00f3dica, Limoneno, CI 74160, CI 77891.<\/p>","protected":false},"excerpt":{"rendered":"<ul>\n<li>Alto contenido en xilitol<\/li>\n<li>Dientes m\u00e1s fuertes<\/li>\n<li>Elimina la placa<\/li>\n<li>Suave con el esmalte dental<\/li>\n<\/ul>\n<p>Mayor nivel de xilitol para protecci\u00f3n anticaries.<\/p>","protected":false},"featured_media":10187,"comment_status":"open","ping_status":"closed","template":"","meta":[],"etheme_brands":[],"product_brand":[],"product_cat":[138,83],"product_tag":[],"class_list":{"0":"post-10186","1":"product","2":"type-product","3":"status-publish","4":"has-post-thumbnail","6":"product_cat-diabetic-toothpaste","7":"product_cat-first-aid-and-care","9":"first","10":"instock","11":"shipping-taxable","12":"purchasable","13":"product-type-simple"},"aioseo_notices":[],"_links":{"self":[{"href":"https:\/\/dia24.eu\/es\/wp-json\/wp\/v2\/product\/10186","targetHints":{"allow":["GET"]}}],"collection":[{"href":"https:\/\/dia24.eu\/es\/wp-json\/wp\/v2\/product"}],"about":[{"href":"https:\/\/dia24.eu\/es\/wp-json\/wp\/v2\/types\/product"}],"replies":[{"embeddable":true,"href":"https:\/\/dia24.eu\/es\/wp-json\/wp\/v2\/comments?post=10186"}],"version-history":[{"count":1,"href":"https:\/\/dia24.eu\/es\/wp-json\/wp\/v2\/product\/10186\/revisions"}],"predecessor-version":[{"id":10188,"href":"https:\/\/dia24.eu\/es\/wp-json\/wp\/v2\/product\/10186\/revisions\/10188"}],"wp:featuredmedia":[{"embeddable":true,"href":"https:\/\/dia24.eu\/es\/wp-json\/wp\/v2\/media\/10187"}],"wp:attachment":[{"href":"https:\/\/dia24.eu\/es\/wp-json\/wp\/v2\/media?parent=10186"}],"wp:term":[{"taxonomy":"brand","embeddable":true,"href":"https:\/\/dia24.eu\/es\/wp-json\/wp\/v2\/etheme_brands?post=10186"},{"taxonomy":"product_brand","embeddable":true,"href":"https:\/\/dia24.eu\/es\/wp-json\/wp\/v2\/product_brand?post=10186"},{"taxonomy":"product_cat","embeddable":true,"href":"https:\/\/dia24.eu\/es\/wp-json\/wp\/v2\/product_cat?post=10186"},{"taxonomy":"product_tag","embeddable":true,"href":"https:\/\/dia24.eu\/es\/wp-json\/wp\/v2\/product_tag?post=10186"}],"curies":[{"name":"wp","href":"https:\/\/api.w.org\/{rel}","templated":true}]}}