{"id":10191,"date":"2023-12-07T21:02:19","date_gmt":"2023-12-07T19:02:19","guid":{"rendered":"https:\/\/dia24.eu\/?post_type=product&#038;p=10191"},"modified":"2025-05-29T18:46:17","modified_gmt":"2025-05-29T15:46:17","slug":"pepsodent-xylitol-125ml","status":"publish","type":"product","link":"https:\/\/dia24.eu\/es\/product\/pepsodent-xylitol-125ml\/","title":{"rendered":"Pepsodent Xilitol 125ml"},"content":{"rendered":"<p>El fl\u00faor del dent\u00edfrico Pepsodent Xylitol reduce la disoluci\u00f3n del esmalte dental durante un ataque \u00e1cido y ayuda a prevenir la caries. El xilitol ralentiza el crecimiento de la placa, causante de la caries, y ayuda a proteger el esmalte. La pasta dent\u00edfrica ayuda a prevenir la caries, manteniendo la boca sana. Sabor a menta fresca. Envase de 125 ml.<\/p>\n<p>Ingredientes:<br \/>\nAgua, sorbitol, s\u00edlice hidratada, xilitol, peg-32, lauril sulfato s\u00f3dico, aroma, fluoruro s\u00f3dico, goma de celulosa, sacarina s\u00f3dica, ci 42051, ci 77891.<\/p>","protected":false},"excerpt":{"rendered":"<p>El xilitol ralentiza el crecimiento de la placa, causante de la caries, y ayuda a proteger el esmalte.<\/p>","protected":false},"featured_media":10192,"comment_status":"open","ping_status":"closed","template":"","meta":[],"etheme_brands":[],"product_brand":[],"product_cat":[83,138],"product_tag":[],"class_list":{"0":"post-10191","1":"product","2":"type-product","3":"status-publish","4":"has-post-thumbnail","6":"product_cat-first-aid-and-care","7":"product_cat-diabetic-toothpaste","9":"first","10":"instock","11":"shipping-taxable","12":"purchasable","13":"product-type-simple"},"aioseo_notices":[],"_links":{"self":[{"href":"https:\/\/dia24.eu\/es\/wp-json\/wp\/v2\/product\/10191","targetHints":{"allow":["GET"]}}],"collection":[{"href":"https:\/\/dia24.eu\/es\/wp-json\/wp\/v2\/product"}],"about":[{"href":"https:\/\/dia24.eu\/es\/wp-json\/wp\/v2\/types\/product"}],"replies":[{"embeddable":true,"href":"https:\/\/dia24.eu\/es\/wp-json\/wp\/v2\/comments?post=10191"}],"version-history":[{"count":1,"href":"https:\/\/dia24.eu\/es\/wp-json\/wp\/v2\/product\/10191\/revisions"}],"predecessor-version":[{"id":10193,"href":"https:\/\/dia24.eu\/es\/wp-json\/wp\/v2\/product\/10191\/revisions\/10193"}],"wp:featuredmedia":[{"embeddable":true,"href":"https:\/\/dia24.eu\/es\/wp-json\/wp\/v2\/media\/10192"}],"wp:attachment":[{"href":"https:\/\/dia24.eu\/es\/wp-json\/wp\/v2\/media?parent=10191"}],"wp:term":[{"taxonomy":"brand","embeddable":true,"href":"https:\/\/dia24.eu\/es\/wp-json\/wp\/v2\/etheme_brands?post=10191"},{"taxonomy":"product_brand","embeddable":true,"href":"https:\/\/dia24.eu\/es\/wp-json\/wp\/v2\/product_brand?post=10191"},{"taxonomy":"product_cat","embeddable":true,"href":"https:\/\/dia24.eu\/es\/wp-json\/wp\/v2\/product_cat?post=10191"},{"taxonomy":"product_tag","embeddable":true,"href":"https:\/\/dia24.eu\/es\/wp-json\/wp\/v2\/product_tag?post=10191"}],"curies":[{"name":"wp","href":"https:\/\/api.w.org\/{rel}","templated":true}]}}