{"id":12572,"date":"2025-04-02T23:15:38","date_gmt":"2025-04-02T20:15:38","guid":{"rendered":"https:\/\/dia24.eu\/?post_type=product&#038;p=12572"},"modified":"2025-08-17T22:02:09","modified_gmt":"2025-08-17T19:02:09","slug":"dexcom-one-sensors-set-of-9-3-month-supply","status":"publish","type":"product","link":"https:\/\/dia24.eu\/es\/product\/dexcom-one-sensors-set-of-9-3-month-supply\/","title":{"rendered":"Sensores Dexcom ONE+ (Juego de 9)"},"content":{"rendered":"<p><span style=\"color: #ff0000;\"><strong>INFO <\/strong><\/span><strong>Este sensor funciona con la aplicaci\u00f3n oficial Dexcom ONE<\/strong>antes de comprar <strong>compruebe si est\u00e1 disponible en su pa\u00eds<\/strong>. Tambi\u00e9n puedes utilizar la \u00faltima versi\u00f3n de xDrip para Android (compatibilidad a\u00f1adida el 14 de febrero)<\/p>\n<p>El sensor transmisor todo en uno Dexcom ONE+ forma parte del sistema de monitorizaci\u00f3n continua de glucosa (MCG) Dexcom ONE+.<\/p>\n<p>Todo el sistema Dexcom ONE+ es un sistema rtCGM, lo que significa que env\u00eda datos en tiempo real a un dispositivo de visualizaci\u00f3n: no requiere escaneado ni calibraci\u00f3n, tiene alertas editables y una precisi\u00f3n excepcional incluso con niveles de glucosa fluctuantes.<\/p>\n<p><strong>El sistema requiere 2 componentes para funcionar:<\/strong><\/p>\n<ul>\n<li>Sensor Dexcom ONE+: funciona durante 10 d\u00edas con un periodo de gracia adicional de 12 horas al final de cada sesi\u00f3n.<\/li>\n<li>Un dispositivo de control, es decir, un smartphone compatible (o un receptor Dexcom ONE+ opcional)<\/li>\n<\/ul>\n<p><strong>Caracter\u00edsticas del Dexcom ONE+:<\/strong><\/p>\n<ul>\n<li>peque\u00f1o sensor y transmisor todo en uno de una sola pieza<\/li>\n<li>sensor que funciona hasta 10 d\u00edas<\/li>\n<li>Puesta en marcha del sensor en 30 minutos<\/li>\n<li>no es necesario escanear ni pinchar con los dedos<\/li>\n<li>alertas personalizadas editables + retardo, funci\u00f3n de alerta de nivel alto<\/li>\n<li>hasta 3 puntos de inserci\u00f3n de sensores<\/li>\n<li>la mejor resistencia al agua de su clase<\/li>\n<li>precisi\u00f3n incluso con grandes fluctuaciones de los niveles de glucosa<\/li>\n<li>registro de eventos: muestra c\u00f3mo incluso los peque\u00f1os cambios pueden afectar a los niveles de glucosa<\/li>\n<li>Periodo de gracia de 12 horas al final de cada sesi\u00f3n de sensores<\/li>\n<li>posibilidad de compartir los datos de glucosa con 10 observadores mediante la aplicaci\u00f3n Follow<\/li>\n<\/ul>","protected":false},"excerpt":{"rendered":"<p>Sistema de monitorizaci\u00f3n continua de glucosa (MCG) Dexcom ONE+ Todo en Uno Transmisor y Sensor.<br \/>\nJuego de 9 sensores, suministro para 3 meses.<\/p>\n<p>&nbsp;<\/p>","protected":false},"featured_media":12574,"comment_status":"open","ping_status":"closed","template":"","meta":[],"etheme_brands":[],"product_brand":[],"product_cat":[139,78,79],"product_tag":[],"class_list":{"0":"post-12572","1":"product","2":"type-product","3":"status-publish","4":"has-post-thumbnail","6":"product_cat-dexcom-one-plus","7":"product_cat-glucose-sensors-cgm","8":"product_cat-dexcom-one-cgm","10":"first","11":"instock","12":"featured","13":"shipping-taxable","14":"purchasable","15":"product-type-simple"},"aioseo_notices":[],"_links":{"self":[{"href":"https:\/\/dia24.eu\/es\/wp-json\/wp\/v2\/product\/12572","targetHints":{"allow":["GET"]}}],"collection":[{"href":"https:\/\/dia24.eu\/es\/wp-json\/wp\/v2\/product"}],"about":[{"href":"https:\/\/dia24.eu\/es\/wp-json\/wp\/v2\/types\/product"}],"replies":[{"embeddable":true,"href":"https:\/\/dia24.eu\/es\/wp-json\/wp\/v2\/comments?post=12572"}],"version-history":[{"count":1,"href":"https:\/\/dia24.eu\/es\/wp-json\/wp\/v2\/product\/12572\/revisions"}],"predecessor-version":[{"id":12573,"href":"https:\/\/dia24.eu\/es\/wp-json\/wp\/v2\/product\/12572\/revisions\/12573"}],"wp:featuredmedia":[{"embeddable":true,"href":"https:\/\/dia24.eu\/es\/wp-json\/wp\/v2\/media\/12574"}],"wp:attachment":[{"href":"https:\/\/dia24.eu\/es\/wp-json\/wp\/v2\/media?parent=12572"}],"wp:term":[{"taxonomy":"brand","embeddable":true,"href":"https:\/\/dia24.eu\/es\/wp-json\/wp\/v2\/etheme_brands?post=12572"},{"taxonomy":"product_brand","embeddable":true,"href":"https:\/\/dia24.eu\/es\/wp-json\/wp\/v2\/product_brand?post=12572"},{"taxonomy":"product_cat","embeddable":true,"href":"https:\/\/dia24.eu\/es\/wp-json\/wp\/v2\/product_cat?post=12572"},{"taxonomy":"product_tag","embeddable":true,"href":"https:\/\/dia24.eu\/es\/wp-json\/wp\/v2\/product_tag?post=12572"}],"curies":[{"name":"wp","href":"https:\/\/api.w.org\/{rel}","templated":true}]}}