{"id":7084,"date":"2023-02-08T01:01:13","date_gmt":"2023-02-07T23:01:13","guid":{"rendered":"https:\/\/dia24.eu\/?post_type=product&#038;p=7084"},"modified":"2025-08-06T21:39:19","modified_gmt":"2025-08-06T18:39:19","slug":"dexcom-one-sensor-1-pack","status":"publish","type":"product","link":"https:\/\/dia24.eu\/es\/product\/dexcom-one-sensor-1-pack\/","title":{"rendered":"Sensor Dexcom ONE (paquete de 1)"},"content":{"rendered":"<p><strong><span style=\"color: #ff0000;\">IMPORTANTE<\/span> Este sistema de sensores dejar\u00e1 de funcionar en el primer semestre de 2025<\/strong>ya que su producci\u00f3n se detendr\u00e1.<br \/>\nTiene la opci\u00f3n de cambiar al nuevo <a href=\"https:\/\/dia24.eu\/es\/product\/dexcom-one-plus\/\"><strong>UNO+<\/strong><\/a> u otros sensores.<\/p>\n<p>El sensor Dexcom ONE mide continuamente los niveles de glucosa.<br \/>\nEl sensor viene con un aplicador que hace que la inserci\u00f3n sea muy r\u00e1pida y sencilla. El sensor puede llevarse hasta 10 d\u00edas.<br \/>\nRequiere el transmisor Dexcom ONE (puede adquirirse por separado)<\/p>\n<ul>\n<li>El sensor puede llevarse hasta 10 d\u00edas (recomendado)<\/li>\n<li>Viene con un autoaplicador<\/li>\n<li>Requiere <strong><a href=\"https:\/\/dia24.eu\/es\/product\/dexcom-one-transmisor\/\">Dexcom ONE Transmisor<\/a><\/strong><\/li>\n<\/ul>\n<p><span style=\"color: #ff0000;\"><strong>INFO <\/strong><\/span><strong>Este sensor funciona con la aplicaci\u00f3n oficial Dexcom ONE<\/strong>antes de comprar <strong>compruebe si est\u00e1 disponible en su pa\u00eds<\/strong>. Tambi\u00e9n puedes utilizar la \u00faltima versi\u00f3n de xDrip para Android<\/p>","protected":false},"excerpt":{"rendered":"<p>Sensor Dexcom ONE para la medici\u00f3n continua del nivel de glucosa.<br \/>\n<strong>DISPONIBILIDAD LIMITADA, \u00daLTIMAS EXISTENCIAS<\/strong><\/p>","protected":false},"featured_media":8281,"comment_status":"closed","ping_status":"closed","template":"","meta":[],"etheme_brands":[],"product_brand":[],"product_cat":[78,79],"product_tag":[],"class_list":{"0":"post-7084","1":"product","2":"type-product","3":"status-publish","4":"has-post-thumbnail","6":"product_cat-glucose-sensors-cgm","7":"product_cat-dexcom-one-cgm","9":"first","10":"outofstock","11":"shipping-taxable","12":"purchasable","13":"product-type-simple"},"aioseo_notices":[],"_links":{"self":[{"href":"https:\/\/dia24.eu\/es\/wp-json\/wp\/v2\/product\/7084","targetHints":{"allow":["GET"]}}],"collection":[{"href":"https:\/\/dia24.eu\/es\/wp-json\/wp\/v2\/product"}],"about":[{"href":"https:\/\/dia24.eu\/es\/wp-json\/wp\/v2\/types\/product"}],"replies":[{"embeddable":true,"href":"https:\/\/dia24.eu\/es\/wp-json\/wp\/v2\/comments?post=7084"}],"version-history":[{"count":9,"href":"https:\/\/dia24.eu\/es\/wp-json\/wp\/v2\/product\/7084\/revisions"}],"predecessor-version":[{"id":13223,"href":"https:\/\/dia24.eu\/es\/wp-json\/wp\/v2\/product\/7084\/revisions\/13223"}],"wp:featuredmedia":[{"embeddable":true,"href":"https:\/\/dia24.eu\/es\/wp-json\/wp\/v2\/media\/8281"}],"wp:attachment":[{"href":"https:\/\/dia24.eu\/es\/wp-json\/wp\/v2\/media?parent=7084"}],"wp:term":[{"taxonomy":"brand","embeddable":true,"href":"https:\/\/dia24.eu\/es\/wp-json\/wp\/v2\/etheme_brands?post=7084"},{"taxonomy":"product_brand","embeddable":true,"href":"https:\/\/dia24.eu\/es\/wp-json\/wp\/v2\/product_brand?post=7084"},{"taxonomy":"product_cat","embeddable":true,"href":"https:\/\/dia24.eu\/es\/wp-json\/wp\/v2\/product_cat?post=7084"},{"taxonomy":"product_tag","embeddable":true,"href":"https:\/\/dia24.eu\/es\/wp-json\/wp\/v2\/product_tag?post=7084"}],"curies":[{"name":"wp","href":"https:\/\/api.w.org\/{rel}","templated":true}]}}