{"id":7091,"date":"2023-02-08T01:08:03","date_gmt":"2023-02-07T23:08:03","guid":{"rendered":"https:\/\/dia24.eu\/?post_type=product&#038;p=7091"},"modified":"2025-08-06T21:39:12","modified_gmt":"2025-08-06T18:39:12","slug":"dexcom-one-sensors-3-pack","status":"publish","type":"product","link":"https:\/\/dia24.eu\/es\/product\/dexcom-one-sensors-3-pack\/","title":{"rendered":"Sensores Dexcom ONE (paquete de 3)"},"content":{"rendered":"<div class=\"wp-block-column\" style=\"flex-basis: 100%;\"><\/div>\r\n\r\n\r\n\r\n<p><strong><span style=\"color: #ff0000;\">IMPORTANTE<\/span> Este sistema de sensores dejar\u00e1 de funcionar en el primer semestre de 2025<\/strong>ya que su producci\u00f3n se detendr\u00e1.<br \/>Tiene la opci\u00f3n de cambiar al nuevo <a href=\"https:\/\/dia24.eu\/es\/product\/dexcom-one-plus\/\"><strong>UNO+<\/strong><\/a> u otros sensores. <br \/><br \/>El sensor Dexcom ONE mide continuamente los niveles de glucosa.<br \/>El sensor viene con un aplicador que hace que la inserci\u00f3n sea muy r\u00e1pida y sencilla. El sensor puede llevarse hasta 10 d\u00edas.<br \/>Cada sensor puede llevarse puesto hasta 10 d\u00edas. Hasta 30 d\u00edas de monitorizaci\u00f3n continua de la glucosa con el pack de 3 sensores.<br \/>Requiere el transmisor Dexcom ONE (puede adquirirse por separado).<\/p>\r\n\r\n\r\n\r\n<ul class=\"wp-block-list\">\r\n<li>El sensor puede llevarse hasta 10 d\u00edas cada uno (recomendado)<\/li>\r\n\r\n\r\n\r\n<li>Hasta 30 d\u00edas de supervisi\u00f3n con el paquete de 3 sensores<\/li>\r\n\r\n\r\n\r\n<li>Todos los sensores incluyen un autoaplicador<\/li>\r\n\r\n\r\n\r\n<li>Requiere\u00a0<strong><a href=\"https:\/\/dia24.eu\/es\/product\/dexcom-one-transmisor\/\">Dexcom ONE Transmisor<\/a><\/strong><\/li>\r\n<\/ul>\r\n<p><span style=\"color: #ff0000;\"><strong>INFO <\/strong><\/span><strong>Este sensor funciona con la aplicaci\u00f3n oficial Dexcom ONE<\/strong>antes de comprar <strong>compruebe si est\u00e1 disponible en su pa\u00eds<\/strong>. Alternativamente, puede utilizar la \u00faltima versi\u00f3n de xDrip para Android.<\/p>","protected":false},"excerpt":{"rendered":"<p>Sensor Dexcom ONE para la medici\u00f3n continua del nivel de glucosa. Paquete de 3<br \/><strong>DISPONIBILIDAD LIMITADA, \u00daLTIMAS EXISTENCIAS<\/strong><\/p>","protected":false},"featured_media":8282,"comment_status":"closed","ping_status":"closed","template":"","meta":[],"etheme_brands":[],"product_brand":[],"product_cat":[79,78],"product_tag":[],"class_list":{"0":"post-7091","1":"product","2":"type-product","3":"status-publish","4":"has-post-thumbnail","6":"product_cat-dexcom-one-cgm","7":"product_cat-glucose-sensors-cgm","9":"first","10":"outofstock","11":"sale","12":"shipping-taxable","13":"purchasable","14":"product-type-simple"},"aioseo_notices":[],"_links":{"self":[{"href":"https:\/\/dia24.eu\/es\/wp-json\/wp\/v2\/product\/7091","targetHints":{"allow":["GET"]}}],"collection":[{"href":"https:\/\/dia24.eu\/es\/wp-json\/wp\/v2\/product"}],"about":[{"href":"https:\/\/dia24.eu\/es\/wp-json\/wp\/v2\/types\/product"}],"replies":[{"embeddable":true,"href":"https:\/\/dia24.eu\/es\/wp-json\/wp\/v2\/comments?post=7091"}],"version-history":[{"count":29,"href":"https:\/\/dia24.eu\/es\/wp-json\/wp\/v2\/product\/7091\/revisions"}],"predecessor-version":[{"id":13224,"href":"https:\/\/dia24.eu\/es\/wp-json\/wp\/v2\/product\/7091\/revisions\/13224"}],"wp:featuredmedia":[{"embeddable":true,"href":"https:\/\/dia24.eu\/es\/wp-json\/wp\/v2\/media\/8282"}],"wp:attachment":[{"href":"https:\/\/dia24.eu\/es\/wp-json\/wp\/v2\/media?parent=7091"}],"wp:term":[{"taxonomy":"brand","embeddable":true,"href":"https:\/\/dia24.eu\/es\/wp-json\/wp\/v2\/etheme_brands?post=7091"},{"taxonomy":"product_brand","embeddable":true,"href":"https:\/\/dia24.eu\/es\/wp-json\/wp\/v2\/product_brand?post=7091"},{"taxonomy":"product_cat","embeddable":true,"href":"https:\/\/dia24.eu\/es\/wp-json\/wp\/v2\/product_cat?post=7091"},{"taxonomy":"product_tag","embeddable":true,"href":"https:\/\/dia24.eu\/es\/wp-json\/wp\/v2\/product_tag?post=7091"}],"curies":[{"name":"wp","href":"https:\/\/api.w.org\/{rel}","templated":true}]}}