{"id":7099,"date":"2023-02-08T01:20:47","date_gmt":"2023-02-07T23:20:47","guid":{"rendered":"https:\/\/dia24.eu\/?post_type=product&#038;p=7099"},"modified":"2024-11-23T14:58:25","modified_gmt":"2024-11-23T12:58:25","slug":"hansaplast-wound-glue-spray","status":"publish","type":"product","link":"https:\/\/dia24.eu\/es\/product\/hansaplast-wound-glue-spray\/","title":{"rendered":"Hansaplast Pegamento para heridas spray 32,5ml"},"content":{"rendered":"<p>Hansaplast parche en spray para heridas.<br \/>\nDise\u00f1ado para abrasiones y heridas superficiales. El parche en spray Hansaplast es transparente, transpirable e impermeable. Protege la herida de la humedad, la suciedad y las bacterias.<\/p>\n<p>50 dosis de spray.<\/p>\n<p>El parche es como una segunda piel que desaparece al cabo de unos d\u00edas.<\/p>","protected":false},"excerpt":{"rendered":"<p>Acci\u00f3n antibacteriana inmediata. Pel\u00edcula transparente, transpirable y flexible que act\u00faa como una segunda piel. Impide la entrada de agua, suciedad y bacterias. No irrita la piel.<\/p>","protected":false},"featured_media":8061,"comment_status":"closed","ping_status":"closed","template":"","meta":[],"etheme_brands":[],"product_brand":[],"product_cat":[83,87],"product_tag":[],"class_list":{"0":"post-7099","1":"product","2":"type-product","3":"status-publish","4":"has-post-thumbnail","6":"product_cat-first-aid-and-care","7":"product_cat-liquid-bandages","9":"first","10":"instock","11":"shipping-taxable","12":"purchasable","13":"product-type-simple"},"aioseo_notices":[],"_links":{"self":[{"href":"https:\/\/dia24.eu\/es\/wp-json\/wp\/v2\/product\/7099","targetHints":{"allow":["GET"]}}],"collection":[{"href":"https:\/\/dia24.eu\/es\/wp-json\/wp\/v2\/product"}],"about":[{"href":"https:\/\/dia24.eu\/es\/wp-json\/wp\/v2\/types\/product"}],"replies":[{"embeddable":true,"href":"https:\/\/dia24.eu\/es\/wp-json\/wp\/v2\/comments?post=7099"}],"version-history":[{"count":2,"href":"https:\/\/dia24.eu\/es\/wp-json\/wp\/v2\/product\/7099\/revisions"}],"predecessor-version":[{"id":7102,"href":"https:\/\/dia24.eu\/es\/wp-json\/wp\/v2\/product\/7099\/revisions\/7102"}],"wp:featuredmedia":[{"embeddable":true,"href":"https:\/\/dia24.eu\/es\/wp-json\/wp\/v2\/media\/8061"}],"wp:attachment":[{"href":"https:\/\/dia24.eu\/es\/wp-json\/wp\/v2\/media?parent=7099"}],"wp:term":[{"taxonomy":"brand","embeddable":true,"href":"https:\/\/dia24.eu\/es\/wp-json\/wp\/v2\/etheme_brands?post=7099"},{"taxonomy":"product_brand","embeddable":true,"href":"https:\/\/dia24.eu\/es\/wp-json\/wp\/v2\/product_brand?post=7099"},{"taxonomy":"product_cat","embeddable":true,"href":"https:\/\/dia24.eu\/es\/wp-json\/wp\/v2\/product_cat?post=7099"},{"taxonomy":"product_tag","embeddable":true,"href":"https:\/\/dia24.eu\/es\/wp-json\/wp\/v2\/product_tag?post=7099"}],"curies":[{"name":"wp","href":"https:\/\/api.w.org\/{rel}","templated":true}]}}