{"id":7199,"date":"2023-02-08T18:06:50","date_gmt":"2023-02-08T16:06:50","guid":{"rendered":"https:\/\/dia24.eu\/?post_type=product&#038;p=7199"},"modified":"2025-09-10T11:35:33","modified_gmt":"2025-09-10T08:35:33","slug":"frio-individual-cold-wallet","status":"publish","type":"product","link":"https:\/\/dia24.eu\/es\/product\/frio-individual-cold-wallet\/","title":{"rendered":"Cartera FRIO Individual"},"content":{"rendered":"<p>La cartera FRIO es un dispositivo de refrigeraci\u00f3n por evaporaci\u00f3n dise\u00f1ado espec\u00edficamente para mantener la insulina refrigerada, dentro de un intervalo de temperatura seguro de 18-26 \u1d52C durante al menos 45 horas, aunque la temperatura media constante sea de 37,8 \u1d52C.<\/p>\n<ul>\n<li>Mantiene la insulina fr\u00eda y segura<\/li>\n<li>Sus cualidades aislantes ayudan a proteger la insulina del fr\u00edo<\/li>\n<li>Activado por el agua<\/li>\n<li>No necesita refrigeraci\u00f3n ni hielo<\/li>\n<li>Ligero y compacto<\/li>\n<li>Reutilizable<\/li>\n<\/ul>\n<p><strong>Dimensiones de la cartera interior:<\/strong><br \/>\n65 mm x 180 mm (2,5\u2033 x 7\u2033aprox)<\/p>","protected":false},"excerpt":{"rendered":"<p>Ideal para transportar una pluma de inyecci\u00f3n de insulina<\/p>","protected":false},"featured_media":7200,"comment_status":"closed","ping_status":"closed","template":"","meta":[],"etheme_brands":[],"product_brand":[],"product_cat":[88,90],"product_tag":[],"class_list":{"0":"post-7199","1":"product","2":"type-product","3":"status-publish","4":"has-post-thumbnail","6":"product_cat-accessories","7":"product_cat-cold-bags-for-insulin","9":"first","10":"outofstock","11":"shipping-taxable","12":"purchasable","13":"product-type-simple"},"aioseo_notices":[],"_links":{"self":[{"href":"https:\/\/dia24.eu\/es\/wp-json\/wp\/v2\/product\/7199","targetHints":{"allow":["GET"]}}],"collection":[{"href":"https:\/\/dia24.eu\/es\/wp-json\/wp\/v2\/product"}],"about":[{"href":"https:\/\/dia24.eu\/es\/wp-json\/wp\/v2\/types\/product"}],"replies":[{"embeddable":true,"href":"https:\/\/dia24.eu\/es\/wp-json\/wp\/v2\/comments?post=7199"}],"version-history":[{"count":4,"href":"https:\/\/dia24.eu\/es\/wp-json\/wp\/v2\/product\/7199\/revisions"}],"predecessor-version":[{"id":8047,"href":"https:\/\/dia24.eu\/es\/wp-json\/wp\/v2\/product\/7199\/revisions\/8047"}],"wp:featuredmedia":[{"embeddable":true,"href":"https:\/\/dia24.eu\/es\/wp-json\/wp\/v2\/media\/7200"}],"wp:attachment":[{"href":"https:\/\/dia24.eu\/es\/wp-json\/wp\/v2\/media?parent=7199"}],"wp:term":[{"taxonomy":"brand","embeddable":true,"href":"https:\/\/dia24.eu\/es\/wp-json\/wp\/v2\/etheme_brands?post=7199"},{"taxonomy":"product_brand","embeddable":true,"href":"https:\/\/dia24.eu\/es\/wp-json\/wp\/v2\/product_brand?post=7199"},{"taxonomy":"product_cat","embeddable":true,"href":"https:\/\/dia24.eu\/es\/wp-json\/wp\/v2\/product_cat?post=7199"},{"taxonomy":"product_tag","embeddable":true,"href":"https:\/\/dia24.eu\/es\/wp-json\/wp\/v2\/product_tag?post=7199"}],"curies":[{"name":"wp","href":"https:\/\/api.w.org\/{rel}","templated":true}]}}