{"id":7229,"date":"2023-02-08T18:29:15","date_gmt":"2023-02-08T16:29:15","guid":{"rendered":"https:\/\/dia24.eu\/?post_type=product&#038;p=7229"},"modified":"2024-04-30T02:31:41","modified_gmt":"2024-04-29T23:31:41","slug":"caresens-dual-for-the-measurement-of-%ce%b2-ketones","status":"publish","type":"product","link":"https:\/\/dia24.eu\/es\/product\/caresens-dual-para-la-medida-de-%ce%b2-cetonas\/","title":{"rendered":"CareSens Dual para la medici\u00f3n de \u03b2-cetonas"},"content":{"rendered":"<p>\u00a1Medir las cetonas y la glucosa en sangre es ahora r\u00e1pido y f\u00e1cil! CareSens Dual es un gluc\u00f3metro peque\u00f1o, con retroiluminaci\u00f3n autom\u00e1tica y de gran capacidad para medir \u03b2-cetonas y glucosa en sangre. No requiere codificaci\u00f3n ni configuraci\u00f3n - test 100% listo.<\/p>\n<p>El gluc\u00f3metro CareSens Dual puede utilizarse en combinaci\u00f3n con las tiras reactivas de cetonas KetoSens y las tiras reactivas de glucosa en sangre CareSens Pro.<\/p>\n<p>Medir las cetonas es f\u00e1cil porque el instrumento tiene muchas ventajas:<\/p>\n<ul>\n<li>retroiluminaci\u00f3n autom\u00e1tica de la pantalla LCD;<\/li>\n<li>equipado con un eyector de tiras reactivas;<\/li>\n<li>1, 7, 14, 30, 90 d\u00edas de lectura media;<\/li>\n<li>La aplicaci\u00f3n m\u00f3vil SmartLogTM puede descargarse para smartphones Android e iOS para el almacenamiento de datos (<strong><a href=\"https:\/\/www.youtube.com\/watch?v=REewfDgRynI\">ver v\u00eddeo introductorio<\/a><\/strong>);<\/li>\n<li>Junto con los resultados de las pruebas, el gluc\u00f3metro tambi\u00e9n registra la temperatura ambiente.<\/li>\n<li>La cantidad de sangre necesaria para el an\u00e1lisis: s\u00f3lo 0,4 \u00b5l para la glucosa en sangre y 0,5 \u00b5l para la glucosa \u03b2-quelada;<\/li>\n<li>tiempo de an\u00e1lisis: glucosa en sangre 5 segundos y \u03b2-cetonas 8 segundos;<\/li>\n<li>memoria: 1000 an\u00e1lisis;<\/li>\n<li>Intervalo de medida: glucosa en sangre 1,1-33,3 mmol\/L y \u03b2-cetonas 0,1-8,0 mmol\/L;<\/li>\n<li>Sangre a analizar: sangre capilar fresca de cuerpo entero\/sangre entera venosa fresca (s\u00f3lo profesionales sanitarios);<\/li>\n<li>Funciona con las tiras reactivas CareSens PRO y KetoSens.<\/li>\n<\/ul>\n<p><strong>El kit de inicio CareSens Dual incluye:<\/strong><\/p>\n<ul>\n<li>Gluc\u00f3metro CareSens Dual 1 pieza,<\/li>\n<li>CareSens Pro tiras reactivas de glucosa en sangre 10 uds.<\/li>\n<li>Dispositivo CareSens Pro Lancet 1 pieza.<\/li>\n<li>Lancetas CareSens Pro 10 uds.<\/li>\n<\/ul>","protected":false},"excerpt":{"rendered":"<p>\u00a1Medir las cetonas y la glucosa en sangre es ahora r\u00e1pido y f\u00e1cil! CareSens Dual es un gluc\u00f3metro peque\u00f1o, con retroiluminaci\u00f3n autom\u00e1tica y de gran capacidad para medir \u03b2-cetonas y glucosa en sangre. No requiere codificaci\u00f3n ni configuraci\u00f3n - test 100% listo. El gluc\u00f3metro CareSens Dual se puede...<\/p>","protected":false},"featured_media":7231,"comment_status":"closed","ping_status":"closed","template":"","meta":[],"etheme_brands":[],"product_brand":[],"product_cat":[88,96],"product_tag":[],"class_list":{"0":"post-7229","1":"product","2":"type-product","3":"status-publish","4":"has-post-thumbnail","6":"product_cat-accessories","7":"product_cat-blood-glucose-meters","9":"first","10":"outofstock","11":"shipping-taxable","12":"purchasable","13":"product-type-simple"},"aioseo_notices":[],"_links":{"self":[{"href":"https:\/\/dia24.eu\/es\/wp-json\/wp\/v2\/product\/7229","targetHints":{"allow":["GET"]}}],"collection":[{"href":"https:\/\/dia24.eu\/es\/wp-json\/wp\/v2\/product"}],"about":[{"href":"https:\/\/dia24.eu\/es\/wp-json\/wp\/v2\/types\/product"}],"replies":[{"embeddable":true,"href":"https:\/\/dia24.eu\/es\/wp-json\/wp\/v2\/comments?post=7229"}],"version-history":[{"count":1,"href":"https:\/\/dia24.eu\/es\/wp-json\/wp\/v2\/product\/7229\/revisions"}],"predecessor-version":[{"id":7232,"href":"https:\/\/dia24.eu\/es\/wp-json\/wp\/v2\/product\/7229\/revisions\/7232"}],"wp:featuredmedia":[{"embeddable":true,"href":"https:\/\/dia24.eu\/es\/wp-json\/wp\/v2\/media\/7231"}],"wp:attachment":[{"href":"https:\/\/dia24.eu\/es\/wp-json\/wp\/v2\/media?parent=7229"}],"wp:term":[{"taxonomy":"brand","embeddable":true,"href":"https:\/\/dia24.eu\/es\/wp-json\/wp\/v2\/etheme_brands?post=7229"},{"taxonomy":"product_brand","embeddable":true,"href":"https:\/\/dia24.eu\/es\/wp-json\/wp\/v2\/product_brand?post=7229"},{"taxonomy":"product_cat","embeddable":true,"href":"https:\/\/dia24.eu\/es\/wp-json\/wp\/v2\/product_cat?post=7229"},{"taxonomy":"product_tag","embeddable":true,"href":"https:\/\/dia24.eu\/es\/wp-json\/wp\/v2\/product_tag?post=7229"}],"curies":[{"name":"wp","href":"https:\/\/api.w.org\/{rel}","templated":true}]}}