{"id":7236,"date":"2023-02-08T18:42:19","date_gmt":"2023-02-08T16:42:19","guid":{"rendered":"https:\/\/dia24.eu\/?post_type=product&#038;p=7236"},"modified":"2024-07-29T20:05:02","modified_gmt":"2024-07-29T17:05:02","slug":"caresens-n-blood-glucose-test-strips-n50","status":"publish","type":"product","link":"https:\/\/dia24.eu\/es\/product\/caresens-n-blood-glucose-test-strips-n50\/","title":{"rendered":"CareSens N Tiras reactivas de glucosa en sangre N50"},"content":{"rendered":"<p>Las tiras reactivas para gluc\u00f3metro CareSens N no tienen c\u00f3digo y est\u00e1n dise\u00f1adas para su uso con los gluc\u00f3metros CareSens N Premier y CareSens N POP. Las tiras reactivas para gluc\u00f3metro son del tipo aspirante (aspiran por s\u00ed mismas una cantidad suficiente de sangre). La caja contiene 50 tiras reactivas.<\/p>\n<p>S\u00f3lo se necesita una cantidad muy peque\u00f1a de sangre -0,5\u03bcl- para la prueba y el resultado tarda s\u00f3lo 5 segundos. Las tiras reactivas del gluc\u00f3metro son del tipo de aspiraci\u00f3n: autoaspiran una cantidad suficiente de sangre. Las tiras reactivas tambi\u00e9n tienen una ventana de control especial que le permite comprobar si la tira tiene suficiente sangre.<\/p>","protected":false},"excerpt":{"rendered":"<p>Tiras reactivas para gluc\u00f3metro CareSens N<\/p>","protected":false},"featured_media":7237,"comment_status":"closed","ping_status":"closed","template":"","meta":[],"etheme_brands":[],"product_brand":[],"product_cat":[88,96],"product_tag":[],"class_list":{"0":"post-7236","1":"product","2":"type-product","3":"status-publish","4":"has-post-thumbnail","6":"product_cat-accessories","7":"product_cat-blood-glucose-meters","9":"first","10":"outofstock","11":"shipping-taxable","12":"purchasable","13":"product-type-simple"},"aioseo_notices":[],"_links":{"self":[{"href":"https:\/\/dia24.eu\/es\/wp-json\/wp\/v2\/product\/7236","targetHints":{"allow":["GET"]}}],"collection":[{"href":"https:\/\/dia24.eu\/es\/wp-json\/wp\/v2\/product"}],"about":[{"href":"https:\/\/dia24.eu\/es\/wp-json\/wp\/v2\/types\/product"}],"replies":[{"embeddable":true,"href":"https:\/\/dia24.eu\/es\/wp-json\/wp\/v2\/comments?post=7236"}],"version-history":[{"count":1,"href":"https:\/\/dia24.eu\/es\/wp-json\/wp\/v2\/product\/7236\/revisions"}],"predecessor-version":[{"id":7238,"href":"https:\/\/dia24.eu\/es\/wp-json\/wp\/v2\/product\/7236\/revisions\/7238"}],"wp:featuredmedia":[{"embeddable":true,"href":"https:\/\/dia24.eu\/es\/wp-json\/wp\/v2\/media\/7237"}],"wp:attachment":[{"href":"https:\/\/dia24.eu\/es\/wp-json\/wp\/v2\/media?parent=7236"}],"wp:term":[{"taxonomy":"brand","embeddable":true,"href":"https:\/\/dia24.eu\/es\/wp-json\/wp\/v2\/etheme_brands?post=7236"},{"taxonomy":"product_brand","embeddable":true,"href":"https:\/\/dia24.eu\/es\/wp-json\/wp\/v2\/product_brand?post=7236"},{"taxonomy":"product_cat","embeddable":true,"href":"https:\/\/dia24.eu\/es\/wp-json\/wp\/v2\/product_cat?post=7236"},{"taxonomy":"product_tag","embeddable":true,"href":"https:\/\/dia24.eu\/es\/wp-json\/wp\/v2\/product_tag?post=7236"}],"curies":[{"name":"wp","href":"https:\/\/api.w.org\/{rel}","templated":true}]}}