{"id":7239,"date":"2023-02-08T18:45:07","date_gmt":"2023-02-08T16:45:07","guid":{"rendered":"https:\/\/dia24.eu\/?post_type=product&#038;p=7239"},"modified":"2024-07-29T20:04:56","modified_gmt":"2024-07-29T17:04:56","slug":"caresens-pro-blood-glucose-test-strips-n50","status":"publish","type":"product","link":"https:\/\/dia24.eu\/es\/product\/caresens-pro-blood-glucose-test-strips-n50\/","title":{"rendered":"CareSens Pro Tiras reactivas de glucosa en sangre N50"},"content":{"rendered":"<p>Las tiras reactivas para gluc\u00f3metro CareSens PRO no tienen c\u00f3digo y son del tipo aspirante (aspiran por s\u00ed mismas una cantidad suficiente de sangre). La caja contiene 50 tiras reactivas.<\/p>\n<p>Solo se necesita una cantidad muy peque\u00f1a de sangre -0,4\u03bcl- para realizar la prueba y solo se tarda 5 segundos en obtener un resultado.<br \/>\nLas tiras reactivas tambi\u00e9n tienen una ventana de control especial para comprobar si la tira tiene suficiente sangre.<\/p>","protected":false},"excerpt":{"rendered":"<p>Las tiras reactivas para gluc\u00f3metro CareSens PRO est\u00e1n dise\u00f1adas para su uso con el gluc\u00f3metro CareSens Dual.<\/p>","protected":false},"featured_media":7240,"comment_status":"closed","ping_status":"closed","template":"","meta":[],"etheme_brands":[],"product_brand":[],"product_cat":[88,96],"product_tag":[],"class_list":{"0":"post-7239","1":"product","2":"type-product","3":"status-publish","4":"has-post-thumbnail","6":"product_cat-accessories","7":"product_cat-blood-glucose-meters","9":"first","10":"outofstock","11":"shipping-taxable","12":"purchasable","13":"product-type-simple"},"aioseo_notices":[],"_links":{"self":[{"href":"https:\/\/dia24.eu\/es\/wp-json\/wp\/v2\/product\/7239","targetHints":{"allow":["GET"]}}],"collection":[{"href":"https:\/\/dia24.eu\/es\/wp-json\/wp\/v2\/product"}],"about":[{"href":"https:\/\/dia24.eu\/es\/wp-json\/wp\/v2\/types\/product"}],"replies":[{"embeddable":true,"href":"https:\/\/dia24.eu\/es\/wp-json\/wp\/v2\/comments?post=7239"}],"version-history":[{"count":1,"href":"https:\/\/dia24.eu\/es\/wp-json\/wp\/v2\/product\/7239\/revisions"}],"predecessor-version":[{"id":7242,"href":"https:\/\/dia24.eu\/es\/wp-json\/wp\/v2\/product\/7239\/revisions\/7242"}],"wp:featuredmedia":[{"embeddable":true,"href":"https:\/\/dia24.eu\/es\/wp-json\/wp\/v2\/media\/7240"}],"wp:attachment":[{"href":"https:\/\/dia24.eu\/es\/wp-json\/wp\/v2\/media?parent=7239"}],"wp:term":[{"taxonomy":"brand","embeddable":true,"href":"https:\/\/dia24.eu\/es\/wp-json\/wp\/v2\/etheme_brands?post=7239"},{"taxonomy":"product_brand","embeddable":true,"href":"https:\/\/dia24.eu\/es\/wp-json\/wp\/v2\/product_brand?post=7239"},{"taxonomy":"product_cat","embeddable":true,"href":"https:\/\/dia24.eu\/es\/wp-json\/wp\/v2\/product_cat?post=7239"},{"taxonomy":"product_tag","embeddable":true,"href":"https:\/\/dia24.eu\/es\/wp-json\/wp\/v2\/product_tag?post=7239"}],"curies":[{"name":"wp","href":"https:\/\/api.w.org\/{rel}","templated":true}]}}