{"id":7243,"date":"2023-02-08T18:52:15","date_gmt":"2023-02-08T16:52:15","guid":{"rendered":"https:\/\/dia24.eu\/?post_type=product&#038;p=7243"},"modified":"2025-05-29T18:48:36","modified_gmt":"2025-05-29T15:48:36","slug":"ketosens-blood-%ce%b2-ketone-test-strips-n10","status":"publish","type":"product","link":"https:\/\/dia24.eu\/es\/product\/ketosens-blood-%ce%b2-ketone-test-strips-n10\/","title":{"rendered":"Tiras reactivas de \u03b2-cetona en sangre KetoSens N10"},"content":{"rendered":"<p>Las tiras reactivas de \u03b2-cetona en sangre KetoSens est\u00e1n dise\u00f1adas para su uso con el <strong><a href=\"https:\/\/dia24.eu\/es\/product\/caresens-dual-para-la-medida-de-%ce%b2-cetonas\/\">Gluc\u00f3metro CareSens Dual<\/a><\/strong>.<br \/>\nLas tiras reactivas KetoSens le permiten medir r\u00e1pida y f\u00e1cilmente los niveles de \u03b2-cetona en sangre. Todo lo que necesita es una peque\u00f1a cantidad de muestra de sangre y podr\u00e1 ver los resultados en 8 segundos.<\/p>\n<p>Las tiras reactivas KetoSens no tienen c\u00f3digo y son del tipo aspirante (aspiran por s\u00ed solas una cantidad suficiente de sangre).<\/p>\n<p>El <strong>la caja contiene 10 tiras reactivas<\/strong>envueltos individualmente en papel de aluminio.<\/p>\n<p>Para uso EXCLUSIVO con el <strong><a href=\"https:\/\/dia24.eu\/es\/product\/caresens-dual-para-la-medida-de-%ce%b2-cetonas\/\">CareSens Dual<\/a><\/strong> dispositivo de medici\u00f3n.<\/p>","protected":false},"excerpt":{"rendered":"<p>Las tiras reactivas de \u03b2-cetona en sangre KetoSens est\u00e1n dise\u00f1adas para su uso con el gluc\u00f3metro CareSens Dual.<\/p>","protected":false},"featured_media":7244,"comment_status":"closed","ping_status":"closed","template":"","meta":[],"etheme_brands":[],"product_brand":[],"product_cat":[88,96],"product_tag":[],"class_list":{"0":"post-7243","1":"product","2":"type-product","3":"status-publish","4":"has-post-thumbnail","6":"product_cat-accessories","7":"product_cat-blood-glucose-meters","9":"first","10":"instock","11":"shipping-taxable","12":"purchasable","13":"product-type-simple"},"aioseo_notices":[],"_links":{"self":[{"href":"https:\/\/dia24.eu\/es\/wp-json\/wp\/v2\/product\/7243","targetHints":{"allow":["GET"]}}],"collection":[{"href":"https:\/\/dia24.eu\/es\/wp-json\/wp\/v2\/product"}],"about":[{"href":"https:\/\/dia24.eu\/es\/wp-json\/wp\/v2\/types\/product"}],"replies":[{"embeddable":true,"href":"https:\/\/dia24.eu\/es\/wp-json\/wp\/v2\/comments?post=7243"}],"version-history":[{"count":1,"href":"https:\/\/dia24.eu\/es\/wp-json\/wp\/v2\/product\/7243\/revisions"}],"predecessor-version":[{"id":7245,"href":"https:\/\/dia24.eu\/es\/wp-json\/wp\/v2\/product\/7243\/revisions\/7245"}],"wp:featuredmedia":[{"embeddable":true,"href":"https:\/\/dia24.eu\/es\/wp-json\/wp\/v2\/media\/7244"}],"wp:attachment":[{"href":"https:\/\/dia24.eu\/es\/wp-json\/wp\/v2\/media?parent=7243"}],"wp:term":[{"taxonomy":"brand","embeddable":true,"href":"https:\/\/dia24.eu\/es\/wp-json\/wp\/v2\/etheme_brands?post=7243"},{"taxonomy":"product_brand","embeddable":true,"href":"https:\/\/dia24.eu\/es\/wp-json\/wp\/v2\/product_brand?post=7243"},{"taxonomy":"product_cat","embeddable":true,"href":"https:\/\/dia24.eu\/es\/wp-json\/wp\/v2\/product_cat?post=7243"},{"taxonomy":"product_tag","embeddable":true,"href":"https:\/\/dia24.eu\/es\/wp-json\/wp\/v2\/product_tag?post=7243"}],"curies":[{"name":"wp","href":"https:\/\/api.w.org\/{rel}","templated":true}]}}