{"id":7269,"date":"2023-02-08T19:37:53","date_gmt":"2023-02-08T17:37:53","guid":{"rendered":"https:\/\/dia24.eu\/?post_type=product&#038;p=7269"},"modified":"2024-11-23T14:55:13","modified_gmt":"2024-11-23T12:55:13","slug":"clickfine-diamondtip-31g-8mm-n100","status":"publish","type":"product","link":"https:\/\/dia24.eu\/es\/product\/clickfine-diamondtip-31g-8mm-n100\/","title":{"rendered":"Clickfine DiamondTip 31G 8mm N100"},"content":{"rendered":"<p><strong>Una punta de aguja de 6 biseles basada en una tecnolog\u00eda completamente nueva para una aguja de pluma de inyecci\u00f3n m\u00e1s suave que hace que la inyecci\u00f3n sea m\u00e1s c\u00f3moda, m\u00e1s r\u00e1pida y, a menudo, \u00a1m\u00e1s indolora!<\/strong><\/p>\n<ul>\n<li>Punta de aguja de 6 biseles para una inyecci\u00f3n m\u00e1s suave<\/li>\n<li>Paredes finas de la c\u00e1nula para un flujo m\u00e1s r\u00e1pido<\/li>\n<li>El tratamiento especial de la superficie con silicona ayuda a que la aguja se deslice con mayor suavidad.<\/li>\n<li>Tecnolog\u00eda Click para un ajuste f\u00e1cil y seguro<\/li>\n<li>Compatible con las principales marcas de l\u00e1pices y disponible en longitudes de 4, 5, 6 y 8 mm.<\/li>\n<li>Dise\u00f1ado y fabricado en Suiza.<\/li>\n<\/ul>","protected":false},"excerpt":{"rendered":"<p>Una aguja de insulina de 6 puntas biseladas basada en una tecnolog\u00eda completamente nueva que hace que la inyecci\u00f3n sea m\u00e1s c\u00f3moda, m\u00e1s r\u00e1pida y, a menudo, \u00a1m\u00e1s indolora! Se inserta c\u00f3modamente con un solo clic. Fabricada en Suiza.<\/p>","protected":false},"featured_media":7270,"comment_status":"closed","ping_status":"closed","template":"","meta":[],"etheme_brands":[],"product_brand":[],"product_cat":[88,97],"product_tag":[],"class_list":{"0":"post-7269","1":"product","2":"type-product","3":"status-publish","4":"has-post-thumbnail","6":"product_cat-accessories","7":"product_cat-insulin-pen-needles","9":"first","10":"instock","11":"shipping-taxable","12":"purchasable","13":"product-type-simple"},"aioseo_notices":[],"_links":{"self":[{"href":"https:\/\/dia24.eu\/es\/wp-json\/wp\/v2\/product\/7269","targetHints":{"allow":["GET"]}}],"collection":[{"href":"https:\/\/dia24.eu\/es\/wp-json\/wp\/v2\/product"}],"about":[{"href":"https:\/\/dia24.eu\/es\/wp-json\/wp\/v2\/types\/product"}],"replies":[{"embeddable":true,"href":"https:\/\/dia24.eu\/es\/wp-json\/wp\/v2\/comments?post=7269"}],"version-history":[{"count":1,"href":"https:\/\/dia24.eu\/es\/wp-json\/wp\/v2\/product\/7269\/revisions"}],"predecessor-version":[{"id":7272,"href":"https:\/\/dia24.eu\/es\/wp-json\/wp\/v2\/product\/7269\/revisions\/7272"}],"wp:featuredmedia":[{"embeddable":true,"href":"https:\/\/dia24.eu\/es\/wp-json\/wp\/v2\/media\/7270"}],"wp:attachment":[{"href":"https:\/\/dia24.eu\/es\/wp-json\/wp\/v2\/media?parent=7269"}],"wp:term":[{"taxonomy":"brand","embeddable":true,"href":"https:\/\/dia24.eu\/es\/wp-json\/wp\/v2\/etheme_brands?post=7269"},{"taxonomy":"product_brand","embeddable":true,"href":"https:\/\/dia24.eu\/es\/wp-json\/wp\/v2\/product_brand?post=7269"},{"taxonomy":"product_cat","embeddable":true,"href":"https:\/\/dia24.eu\/es\/wp-json\/wp\/v2\/product_cat?post=7269"},{"taxonomy":"product_tag","embeddable":true,"href":"https:\/\/dia24.eu\/es\/wp-json\/wp\/v2\/product_tag?post=7269"}],"curies":[{"name":"wp","href":"https:\/\/api.w.org\/{rel}","templated":true}]}}