{"id":7276,"date":"2023-02-08T20:07:06","date_gmt":"2023-02-08T18:07:06","guid":{"rendered":"https:\/\/dia24.eu\/?post_type=product&#038;p=7276"},"modified":"2024-07-29T20:03:43","modified_gmt":"2024-07-29T17:03:43","slug":"cutasept-f-skin-disinfection-spray","status":"publish","type":"product","link":"https:\/\/dia24.eu\/es\/product\/cutasept-f-spray-desinfectante-cutaneo\/","title":{"rendered":"Cutasept F Spray desinfectante cut\u00e1neo"},"content":{"rendered":"<p>Antis\u00e9ptico cut\u00e1neo para uso previo a inyecciones, punciones y procedimientos quir\u00fargicos, de acci\u00f3n r\u00e1pida y amplia.<\/p>\n<p>Microbiol\u00f3gicos: bactericida, antiinfeccioso, antituberculocida, virucida, virucida contra virus envueltos.<\/p>\n<p>Campo de aplicaci\u00f3n:<br \/>\nSe recomienda el uso de Cutasept F: para la antisepsia de la piel antes de inyecciones, punciones y procedimientos quir\u00fargicos, en hospitales, consultas m\u00e9dicas, geriatr\u00eda y di\u00e1lisis domiciliaria. Personas diab\u00e9ticas antes de la medici\u00f3n de glucosa en sangre o antes de inyecciones de insulina.<\/p>\n<p><strong>Sustancias activas y su concentraci\u00f3n<\/strong><br \/>\nSustancias activas por 100 g de soluci\u00f3n:<\/p>\n<ul>\n<li>Propano-2-ol\/isopropanol 63g<\/li>\n<li>Sal de amonio cuaternario, bencil C12-18 alquil dimetil cloruro 0,025g<\/li>\n<\/ul>\n<p>Porcentaje en volumen del contenido de etanol (% vol.): 72%<\/p>","protected":false},"excerpt":{"rendered":"<p>Desinfectante cut\u00e1neo incoloro, respetuoso con la piel.<\/p>","protected":false},"featured_media":8056,"comment_status":"closed","ping_status":"closed","template":"","meta":[],"etheme_brands":[],"product_brand":[],"product_cat":[83,85],"product_tag":[],"class_list":{"0":"post-7276","1":"product","2":"type-product","3":"status-publish","4":"has-post-thumbnail","6":"product_cat-first-aid-and-care","7":"product_cat-antiseptics","9":"first","10":"outofstock","11":"shipping-taxable","12":"purchasable","13":"product-type-simple"},"aioseo_notices":[],"_links":{"self":[{"href":"https:\/\/dia24.eu\/es\/wp-json\/wp\/v2\/product\/7276","targetHints":{"allow":["GET"]}}],"collection":[{"href":"https:\/\/dia24.eu\/es\/wp-json\/wp\/v2\/product"}],"about":[{"href":"https:\/\/dia24.eu\/es\/wp-json\/wp\/v2\/types\/product"}],"replies":[{"embeddable":true,"href":"https:\/\/dia24.eu\/es\/wp-json\/wp\/v2\/comments?post=7276"}],"version-history":[{"count":1,"href":"https:\/\/dia24.eu\/es\/wp-json\/wp\/v2\/product\/7276\/revisions"}],"predecessor-version":[{"id":7278,"href":"https:\/\/dia24.eu\/es\/wp-json\/wp\/v2\/product\/7276\/revisions\/7278"}],"wp:featuredmedia":[{"embeddable":true,"href":"https:\/\/dia24.eu\/es\/wp-json\/wp\/v2\/media\/8056"}],"wp:attachment":[{"href":"https:\/\/dia24.eu\/es\/wp-json\/wp\/v2\/media?parent=7276"}],"wp:term":[{"taxonomy":"brand","embeddable":true,"href":"https:\/\/dia24.eu\/es\/wp-json\/wp\/v2\/etheme_brands?post=7276"},{"taxonomy":"product_brand","embeddable":true,"href":"https:\/\/dia24.eu\/es\/wp-json\/wp\/v2\/product_brand?post=7276"},{"taxonomy":"product_cat","embeddable":true,"href":"https:\/\/dia24.eu\/es\/wp-json\/wp\/v2\/product_cat?post=7276"},{"taxonomy":"product_tag","embeddable":true,"href":"https:\/\/dia24.eu\/es\/wp-json\/wp\/v2\/product_tag?post=7276"}],"curies":[{"name":"wp","href":"https:\/\/api.w.org\/{rel}","templated":true}]}}