{"id":7279,"date":"2023-02-08T20:20:02","date_gmt":"2023-02-08T18:20:02","guid":{"rendered":"https:\/\/dia24.eu\/?post_type=product&#038;p=7279"},"modified":"2024-11-23T14:53:16","modified_gmt":"2024-11-23T12:53:16","slug":"limisanpro-medical-adhesive-remover-50ml","status":"publish","type":"product","link":"https:\/\/dia24.eu\/es\/product\/limisanpro-medical-adhesive-remover-50ml\/","title":{"rendered":"LimisanPRO Eliminador de Adhesivos M\u00e9dicos 50ml"},"content":{"rendered":"<p>Limisan es un producto que puede utilizarse para retirar distintos tipos de parches. Est\u00e1 dise\u00f1ado para que la retirada de todo tipo de parches (incluidas cintas adhesivas, vendas y parches m\u00e9dicos) sea f\u00e1cil, indolora y no traum\u00e1tica.<\/p>\n<p>Este producto respetuoso con la piel puede contribuir a la cicatrizaci\u00f3n de las heridas reduciendo el da\u00f1o causado a la piel y a la zona de la herida por la retirada de parches y ap\u00f3sitos sin Limisan.<br \/>\nLimisan es un spray f\u00e1cil de usar y de efecto inmediato.<\/p>\n<ul>\n<li>El spray tambi\u00e9n se puede utilizar boca abajo.<\/li>\n<li>Limisan es muy suave con la piel y no pica.<\/li>\n<li>Limisan se seca muy r\u00e1pidamente sobre la piel y, por tanto, no afecta a la adherencia del nuevo parche cuando se aplica.<\/li>\n<\/ul>","protected":false},"excerpt":{"rendered":"<p>Eliminador de adhesivos respetuoso con la piel<\/p>","protected":false},"featured_media":8055,"comment_status":"closed","ping_status":"closed","template":"","meta":[],"etheme_brands":[],"product_brand":[],"product_cat":[81,78],"product_tag":[],"class_list":{"0":"post-7279","1":"product","2":"type-product","3":"status-publish","4":"has-post-thumbnail","6":"product_cat-adhesive-removers","7":"product_cat-glucose-sensors-cgm","9":"first","10":"instock","11":"shipping-taxable","12":"purchasable","13":"product-type-simple"},"aioseo_notices":[],"_links":{"self":[{"href":"https:\/\/dia24.eu\/es\/wp-json\/wp\/v2\/product\/7279","targetHints":{"allow":["GET"]}}],"collection":[{"href":"https:\/\/dia24.eu\/es\/wp-json\/wp\/v2\/product"}],"about":[{"href":"https:\/\/dia24.eu\/es\/wp-json\/wp\/v2\/types\/product"}],"replies":[{"embeddable":true,"href":"https:\/\/dia24.eu\/es\/wp-json\/wp\/v2\/comments?post=7279"}],"version-history":[{"count":1,"href":"https:\/\/dia24.eu\/es\/wp-json\/wp\/v2\/product\/7279\/revisions"}],"predecessor-version":[{"id":7281,"href":"https:\/\/dia24.eu\/es\/wp-json\/wp\/v2\/product\/7279\/revisions\/7281"}],"wp:featuredmedia":[{"embeddable":true,"href":"https:\/\/dia24.eu\/es\/wp-json\/wp\/v2\/media\/8055"}],"wp:attachment":[{"href":"https:\/\/dia24.eu\/es\/wp-json\/wp\/v2\/media?parent=7279"}],"wp:term":[{"taxonomy":"brand","embeddable":true,"href":"https:\/\/dia24.eu\/es\/wp-json\/wp\/v2\/etheme_brands?post=7279"},{"taxonomy":"product_brand","embeddable":true,"href":"https:\/\/dia24.eu\/es\/wp-json\/wp\/v2\/product_brand?post=7279"},{"taxonomy":"product_cat","embeddable":true,"href":"https:\/\/dia24.eu\/es\/wp-json\/wp\/v2\/product_cat?post=7279"},{"taxonomy":"product_tag","embeddable":true,"href":"https:\/\/dia24.eu\/es\/wp-json\/wp\/v2\/product_tag?post=7279"}],"curies":[{"name":"wp","href":"https:\/\/api.w.org\/{rel}","templated":true}]}}