{"id":7285,"date":"2023-02-08T20:35:58","date_gmt":"2023-02-08T18:35:58","guid":{"rendered":"https:\/\/dia24.eu\/?post_type=product&#038;p=7285"},"modified":"2026-02-09T02:44:40","modified_gmt":"2026-02-09T00:44:40","slug":"novopen-echo-plus-smart-insulin-pen-nfc-xdrip-memory","status":"publish","type":"product","link":"https:\/\/dia24.eu\/es\/product\/novopen-echo-plus-red-nfc-xdrip-memory\/","title":{"rendered":"Novopen Echo Plus Pluma de insulina inteligente [NFC, xDrip+, Memoria]"},"content":{"rendered":"<p>El NovoPen Echo\u00ae Plus es un dispositivo de inyecci\u00f3n reutilizable destinado al uso individual por parte de un paciente diab\u00e9tico para inyectarse insulina. El dispositivo de inyecci\u00f3n puede utilizarse con viales de pist\u00f3n de insulina Novo Nordisk y agujas desechables (suministradas por separado).<\/p>\n<p>El usuario puede seleccionar la dosis de insulina en el dispositivo de inyecci\u00f3n con una precisi\u00f3n de media unidad entre 0,5 y 30 unidades.<\/p>\n<p>El inyector dispone de una memoria electr\u00f3nica que muestra y ayuda as\u00ed a recordar el n\u00famero de unidades administradas por \u00faltima vez y la hora de la inyecci\u00f3n. La memoria ayuda a evitar la omisi\u00f3n y la doble administraci\u00f3n.<br \/>\nComo innovaci\u00f3n, el inyector es compatible con la comunicaci\u00f3n de datos con dispositivos que admitan la comunicaci\u00f3n de campo cercano (NFC). Esto permite que el inyector transmita datos sobre los tiempos de inyecci\u00f3n y los vol\u00famenes inyectados en los \u00faltimos tres meses a un tel\u00e9fono, ordenador, etc., lo que permite, por ejemplo, al m\u00e9dico comparar los datos de administraci\u00f3n de insulina con las lecturas de glucosa en sangre para ajustar el tratamiento. En esencia, se trata de un registro personal de las inyecciones del paciente. Tambi\u00e9n permite a los padres controlar si un ni\u00f1o diab\u00e9tico se ha administrado insulina y cu\u00e1nta. Los datos est\u00e1n en un formato f\u00e1cilmente procesable y son compatibles con los datos de sensores y gluc\u00f3metros. Para descargar los datos, es necesario instalar la app correspondiente (MySugr, Glooko).<\/p>\n<p>Puede utilizarse con las \u00faltimas versiones de xDrip, transfiere f\u00e1cilmente los datos de inyecci\u00f3n al sistema de predicci\u00f3n xDrip.<\/p>","protected":false},"excerpt":{"rendered":"<p>NovoPen Echo\u00ae Plus es un dispositivo de inyecci\u00f3n reutilizable.<br \/>\nAdmite conexiones NFC.<\/p>\n<p>Debido a la disponibilidad limitada, <strong>s\u00f3lo se permite 1 art\u00edculo por pedido<\/strong>.<\/p>","protected":false},"featured_media":7287,"comment_status":"closed","ping_status":"closed","template":"","meta":[],"etheme_brands":[],"product_brand":[],"product_cat":[88,98],"product_tag":[],"class_list":{"0":"post-7285","1":"product","2":"type-product","3":"status-publish","4":"has-post-thumbnail","6":"product_cat-accessories","7":"product_cat-insulin-pens","9":"first","10":"instock","11":"shipping-taxable","12":"purchasable","13":"product-type-variable","14":"has-default-attributes"},"aioseo_notices":[],"_links":{"self":[{"href":"https:\/\/dia24.eu\/es\/wp-json\/wp\/v2\/product\/7285","targetHints":{"allow":["GET"]}}],"collection":[{"href":"https:\/\/dia24.eu\/es\/wp-json\/wp\/v2\/product"}],"about":[{"href":"https:\/\/dia24.eu\/es\/wp-json\/wp\/v2\/types\/product"}],"replies":[{"embeddable":true,"href":"https:\/\/dia24.eu\/es\/wp-json\/wp\/v2\/comments?post=7285"}],"version-history":[{"count":8,"href":"https:\/\/dia24.eu\/es\/wp-json\/wp\/v2\/product\/7285\/revisions"}],"predecessor-version":[{"id":9905,"href":"https:\/\/dia24.eu\/es\/wp-json\/wp\/v2\/product\/7285\/revisions\/9905"}],"wp:featuredmedia":[{"embeddable":true,"href":"https:\/\/dia24.eu\/es\/wp-json\/wp\/v2\/media\/7287"}],"wp:attachment":[{"href":"https:\/\/dia24.eu\/es\/wp-json\/wp\/v2\/media?parent=7285"}],"wp:term":[{"taxonomy":"brand","embeddable":true,"href":"https:\/\/dia24.eu\/es\/wp-json\/wp\/v2\/etheme_brands?post=7285"},{"taxonomy":"product_brand","embeddable":true,"href":"https:\/\/dia24.eu\/es\/wp-json\/wp\/v2\/product_brand?post=7285"},{"taxonomy":"product_cat","embeddable":true,"href":"https:\/\/dia24.eu\/es\/wp-json\/wp\/v2\/product_cat?post=7285"},{"taxonomy":"product_tag","embeddable":true,"href":"https:\/\/dia24.eu\/es\/wp-json\/wp\/v2\/product_tag?post=7285"}],"curies":[{"name":"wp","href":"https:\/\/api.w.org\/{rel}","templated":true}]}}